{"id":409814,"date":"2025-05-25T11:09:22","date_gmt":"2025-05-25T08:09:22","guid":{"rendered":"https:\/\/ticket.pakruojo-dvaras.lt\/ziedai-ir-kino\/?post_type=product&#038;p=409814"},"modified":"2025-09-15T14:29:26","modified_gmt":"2025-09-15T11:29:26","slug":"ziedai-ir-kinas","status":"publish","type":"product","link":"https:\/\/ticket.pakruojo-dvaras.lt\/ziedai-ir-kino\/produktas\/ziedai-ir-kinas\/","title":{"rendered":"\u017diedai ir kinas"},"content":{"rendered":"<p>[et_pb_section fb_built=&#8221;1&#8243; _builder_version=&#8221;4.16&#8243; custom_padding=&#8221;0px||||false|false&#8221; da_disable_devices=&#8221;off|off|off&#8221; global_colors_info=&#8221;{}&#8221; da_is_popup=&#8221;off&#8221; da_exit_intent=&#8221;off&#8221; da_has_close=&#8221;on&#8221; da_alt_close=&#8221;off&#8221; da_dark_close=&#8221;off&#8221; da_not_modal=&#8221;on&#8221; da_is_singular=&#8221;off&#8221; da_with_loader=&#8221;off&#8221; da_has_shadow=&#8221;on&#8221;][et_pb_row _builder_version=&#8221;4.16&#8243; background_size=&#8221;initial&#8221; background_position=&#8221;top_left&#8221; background_repeat=&#8221;repeat&#8221; width=&#8221;100%&#8221; custom_padding=&#8221;0px||0px||false|false&#8221; global_colors_info=&#8221;{}&#8221;][et_pb_column type=&#8221;4_4&#8243; _builder_version=&#8221;4.16&#8243; custom_padding=&#8221;|||&#8221; global_colors_info=&#8221;{}&#8221; custom_padding__hover=&#8221;|||&#8221;][et_pb_wc_cart_notice _builder_version=&#8221;4.16&#8243; global_colors_info=&#8221;{}&#8221;][\/et_pb_wc_cart_notice][\/et_pb_column][\/et_pb_row][et_pb_row column_structure=&#8221;1_2,1_2&#8243; _builder_version=&#8221;4.16&#8243; background_size=&#8221;initial&#8221; background_position=&#8221;top_left&#8221; background_repeat=&#8221;repeat&#8221; width=&#8221;100%&#8221; custom_padding=&#8221;0px||||false|false&#8221; global_colors_info=&#8221;{}&#8221;][et_pb_column type=&#8221;1_2&#8243; _builder_version=&#8221;4.16&#8243; custom_padding=&#8221;|||&#8221; global_colors_info=&#8221;{}&#8221; custom_padding__hover=&#8221;|||&#8221;][et_pb_image src=&#8221;https:\/\/ticket.pakruojo-dvaras.lt\/ziedai-ir-kino\/wp-content\/uploads\/sites\/18\/2025\/06\/Festivalis-min.png&#8221; title_text=&#8221;Festivalis-min&#8221; _builder_version=&#8221;4.27.4&#8243; _module_preset=&#8221;default&#8221; global_colors_info=&#8221;{}&#8221;][\/et_pb_image][\/et_pb_column][et_pb_column type=&#8221;1_2&#8243; _builder_version=&#8221;4.16&#8243; custom_padding=&#8221;|||&#8221; global_colors_info=&#8221;{}&#8221; custom_padding__hover=&#8221;|||&#8221;][et_pb_wc_description _builder_version=&#8221;4.16&#8243; global_colors_info=&#8221;{}&#8221;][\/et_pb_wc_description][et_pb_wc_add_to_cart _builder_version=&#8221;4.16&#8243; global_colors_info=&#8221;{}&#8221;][\/et_pb_wc_add_to_cart][\/et_pb_column][\/et_pb_row][et_pb_row _builder_version=&#8221;4.16&#8243; background_size=&#8221;initial&#8221; background_position=&#8221;top_left&#8221; background_repeat=&#8221;repeat&#8221; width=&#8221;100%&#8221; global_colors_info=&#8221;{}&#8221;][et_pb_column type=&#8221;4_4&#8243; _builder_version=&#8221;4.16&#8243; custom_padding=&#8221;|||&#8221; global_colors_info=&#8221;{}&#8221; custom_padding__hover=&#8221;|||&#8221;][et_pb_wc_upsells _builder_version=&#8221;4.16&#8243; global_colors_info=&#8221;{}&#8221;][\/et_pb_wc_upsells][et_pb_wc_related_products _builder_version=&#8221;4.16&#8243; global_colors_info=&#8221;{}&#8221;][\/et_pb_wc_related_products][\/et_pb_column][\/et_pb_row][\/et_pb_section]<\/p>\n","protected":false},"excerpt":{"rendered":"<div>\n<h5><strong>BILIETAI <\/strong><\/h5>\n<ul>\n<li><strong style=\"color: #666666; font-size: 14px;\">Suaugusiajam<\/strong><span style=\"color: #666666; font-size: 14px;\"> &#8211; 18 Eur\/asm. (renginio vietoje &#8211; 20 Eur\/asm.)<\/span><\/li>\n<li><strong>Vaikui nuo 6 m., studentui, senjorui, ne\u012fgaliajam<\/strong> &#8211; 14 Eur\/asm. (renginio vietoje &#8211; 16 Eur\/asm.)<\/li>\n<li><strong>Vaikui iki 6 met\u0173<\/strong>\u00a0&#8211; nemokamai.<\/li>\n<\/ul>\n<\/div>\n<div>Bilietai n\u0117ra gr\u0105\u017einami. Kiekvienam bilietui yra taikomas administracinis 0,80 Eur mokestis.<\/div>\n<div>Festivalio bilietai negalioja patekti \u012f kitus dvare vykstan\u010dius renginius.<\/div>\n","protected":false},"featured_media":0,"template":"","meta":{"_acf_changed":false,"_et_pb_use_builder":"on","_et_pb_old_content":"","_et_gb_content_width":""},"product_brand":[],"product_cat":[24],"product_tag":[],"class_list":{"0":"post-409814","1":"product","2":"type-product","3":"status-publish","5":"product_cat-renginys","6":"pa_bileto-tipas-suaugusiems","7":"pa_bileto-tipas-vaikams-studentams-senjorams","9":"first","10":"outofstock","11":"sale","12":"shipping-taxable","13":"purchasable","14":"product-type-variable"},"acf":[],"_links":{"self":[{"href":"https:\/\/ticket.pakruojo-dvaras.lt\/ziedai-ir-kino\/wp-json\/wp\/v2\/product\/409814","targetHints":{"allow":["GET"]}}],"collection":[{"href":"https:\/\/ticket.pakruojo-dvaras.lt\/ziedai-ir-kino\/wp-json\/wp\/v2\/product"}],"about":[{"href":"https:\/\/ticket.pakruojo-dvaras.lt\/ziedai-ir-kino\/wp-json\/wp\/v2\/types\/product"}],"wp:attachment":[{"href":"https:\/\/ticket.pakruojo-dvaras.lt\/ziedai-ir-kino\/wp-json\/wp\/v2\/media?parent=409814"}],"wp:term":[{"taxonomy":"product_brand","embeddable":true,"href":"https:\/\/ticket.pakruojo-dvaras.lt\/ziedai-ir-kino\/wp-json\/wp\/v2\/product_brand?post=409814"},{"taxonomy":"product_cat","embeddable":true,"href":"https:\/\/ticket.pakruojo-dvaras.lt\/ziedai-ir-kino\/wp-json\/wp\/v2\/product_cat?post=409814"},{"taxonomy":"product_tag","embeddable":true,"href":"https:\/\/ticket.pakruojo-dvaras.lt\/ziedai-ir-kino\/wp-json\/wp\/v2\/product_tag?post=409814"}],"curies":[{"name":"wp","href":"https:\/\/api.w.org\/{rel}","templated":true}]}}