{"id":409840,"date":"2025-05-25T11:09:22","date_gmt":"2025-05-25T08:09:22","guid":{"rendered":"https:\/\/ticket.pakruojo-dvaras.lt\/ziedai-ir-kino\/produktas\/gredzeni-un-kino\/"},"modified":"2025-06-21T12:54:50","modified_gmt":"2025-06-21T09:54:50","slug":"gredzeni-un-kino","status":"publish","type":"product","link":"https:\/\/ticket.pakruojo-dvaras.lt\/ziedai-ir-kino\/lv\/produktas\/gredzeni-un-kino\/","title":{"rendered":"Gredzeni un kino"},"content":{"rendered":"<p>[et_pb_section fb_built=&#8221;1&#8243; _builder_version=&#8221;4.16&#8243; custom_padding=&#8221;0px||||false|false&#8221; da_disable_devices=&#8221;off|off|off&#8221; global_colors_info=&#8221;{}&#8221; da_is_popup=&#8221;off&#8221; da_exit_intent=&#8221;off&#8221; da_has_close=&#8221;on&#8221; da_alt_close=&#8221;off&#8221; da_dark_close=&#8221;off&#8221; da_not_modal=&#8221;on&#8221; da_is_singular=&#8221;off&#8221; da_with_loader=&#8221;off&#8221; da_has_shadow=&#8221;on&#8221;][et_pb_row _builder_version=&#8221;4.16&#8243; background_size=&#8221;initial&#8221; background_position=&#8221;top_left&#8221; background_repeat=&#8221;repeat&#8221; width=&#8221;100%&#8221; custom_padding=&#8221;0px||0px||false|false&#8221; global_colors_info=&#8221;{}&#8221;][et_pb_column type=&#8221;4_4&#8243; _builder_version=&#8221;4.16&#8243; custom_padding=&#8221;|||&#8221; global_colors_info=&#8221;{}&#8221; custom_padding__hover=&#8221;|||&#8221;][et_pb_wc_cart_notice _builder_version=&#8221;4.16&#8243; global_colors_info=&#8221;{}&#8221;][\/et_pb_wc_cart_notice][\/et_pb_column][\/et_pb_row][et_pb_row column_structure=&#8221;1_2,1_2&#8243; _builder_version=&#8221;4.16&#8243; background_size=&#8221;initial&#8221; background_position=&#8221;top_left&#8221; background_repeat=&#8221;repeat&#8221; width=&#8221;100%&#8221; custom_padding=&#8221;0px||||false|false&#8221; global_colors_info=&#8221;{}&#8221;][et_pb_column type=&#8221;1_2&#8243; _builder_version=&#8221;4.16&#8243; custom_padding=&#8221;|||&#8221; global_colors_info=&#8221;{}&#8221; custom_padding__hover=&#8221;|||&#8221;][et_pb_image src=&#8221;https:\/\/ticket.pakruojo-dvaras.lt\/ziedai-ir-kino\/wp-content\/uploads\/sites\/18\/2025\/06\/Festivalis-min.png&#8221; title_text=&#8221;Festiv\u0101ls-min&#8221; _builder_version=&#8221;4.27.4&#8243; _module_preset=&#8221;default&#8221; global_colors_info=&#8221;{}&#8221;][\/et_pb_image][\/et_pb_column][et_pb_column type=&#8221;1_2&#8243; _builder_version=&#8221;4.16&#8243; custom_padding=&#8221;|||&#8221; global_colors_info=&#8221;{}&#8221; custom_padding__hover=&#8221;|||&#8221;][et_pb_wc_description _builder_version=&#8221;4.16&#8243; global_colors_info=&#8221;{}&#8221;][\/et_pb_wc_description][et_pb_wc_add_to_cart _builder_version=&#8221;4.16&#8243; global_colors_info=&#8221;{}&#8221;][\/et_pb_wc_add_to_cart][\/et_pb_column][\/et_pb_row][et_pb_row _builder_version=&#8221;4.16&#8243; background_size=&#8221;initial&#8221; background_position=&#8221;top_left&#8221; background_repeat=&#8221;repeat&#8221; width=&#8221;100%&#8221; global_colors_info=&#8221;{}&#8221;][et_pb_column type=&#8221;4_4&#8243; _builder_version=&#8221;4.16&#8243; custom_padding=&#8221;|||&#8221; global_colors_info=&#8221;{}&#8221; custom_padding__hover=&#8221;|||&#8221;][et_pb_wc_upsells _builder_version=&#8221;4.16&#8243; global_colors_info=&#8221;{}&#8221;][\/et_pb_wc_upsells][et_pb_wc_related_products _builder_version=&#8221;4.16&#8243; global_colors_info=&#8221;{}&#8221;][\/et_pb_wc_related_products][\/et_pb_column][\/et_pb_row][\/et_pb_section]<\/p>\n","protected":false},"excerpt":{"rendered":"<div>\n<h5><strong>BILIETI <\/strong><\/h5>\n<ul>\n<li><strong style=\"color: #666666; font-size: 14px;\">Pieaugu\u0161ajiem<\/strong><span style=\"color: #666666; font-size: 14px;\"> &#8211; 18 Eur\/asm. (20 EUR, p\u0113rkot uz vietas).<\/span><\/li>\n<li><strong>B\u0113rnam no 5 gadu vecuma, studentam, pension\u0101ram, inval\u012bdam<\/strong> &#8211; 14 Eur\/personai (16 Eur\/personai norises viet\u0101)<\/li>\n<li><strong>B\u0113rniem l\u012bdz 5 gadu vecumam<\/strong> &#8211; bez maksas.<\/li>\n<\/ul>\n<\/div>\n<div>Bi\u013cetes nav atmaks\u0101jamas. Katrai bi\u013cetei tiek piem\u0113rota apkalpo\u0161anas maksa EUR 0,80.<\/div>\n<div>Festiv\u0101la bi\u013cetes nav der\u012bgas citu mui\u017e\u0101 notieko\u0161o pas\u0101kumu apmekl\u0113jumam.<\/div>\n","protected":false},"featured_media":0,"template":"","meta":{"_acf_changed":false,"_et_pb_use_builder":"on","_et_pb_old_content":"","_et_gb_content_width":""},"product_brand":[],"product_cat":[83],"product_tag":[],"class_list":{"0":"post-409840","1":"product","2":"type-product","3":"status-publish","5":"product_cat-renginys-lv","6":"pa_bileto-tipas-pieaugusajiem-lv","7":"pa_bileto-tipas-skolniekiem-studentiem-senjoriem","9":"first","10":"outofstock","11":"sale","12":"shipping-taxable","13":"purchasable","14":"product-type-variable"},"acf":[],"_links":{"self":[{"href":"https:\/\/ticket.pakruojo-dvaras.lt\/ziedai-ir-kino\/lv\/wp-json\/wp\/v2\/product\/409840","targetHints":{"allow":["GET"]}}],"collection":[{"href":"https:\/\/ticket.pakruojo-dvaras.lt\/ziedai-ir-kino\/lv\/wp-json\/wp\/v2\/product"}],"about":[{"href":"https:\/\/ticket.pakruojo-dvaras.lt\/ziedai-ir-kino\/lv\/wp-json\/wp\/v2\/types\/product"}],"wp:attachment":[{"href":"https:\/\/ticket.pakruojo-dvaras.lt\/ziedai-ir-kino\/lv\/wp-json\/wp\/v2\/media?parent=409840"}],"wp:term":[{"taxonomy":"product_brand","embeddable":true,"href":"https:\/\/ticket.pakruojo-dvaras.lt\/ziedai-ir-kino\/lv\/wp-json\/wp\/v2\/product_brand?post=409840"},{"taxonomy":"product_cat","embeddable":true,"href":"https:\/\/ticket.pakruojo-dvaras.lt\/ziedai-ir-kino\/lv\/wp-json\/wp\/v2\/product_cat?post=409840"},{"taxonomy":"product_tag","embeddable":true,"href":"https:\/\/ticket.pakruojo-dvaras.lt\/ziedai-ir-kino\/lv\/wp-json\/wp\/v2\/product_tag?post=409840"}],"curies":[{"name":"wp","href":"https:\/\/api.w.org\/{rel}","templated":true}]}}