{"id":393760,"date":"2025-03-18T11:50:32","date_gmt":"2025-03-18T09:50:34","guid":{"rendered":"https:\/\/ticket.pakruojo-dvaras.lt\/pavasario-simfonija\/?post_type=product&#038;p=393760"},"modified":"2025-03-18T13:40:59","modified_gmt":"2025-03-18T11:40:59","slug":"pavasara-festivals-pirmadienis","status":"publish","type":"product","link":"https:\/\/ticket.pakruojo-dvaras.lt\/pavasario-simfonija\/lv\/produktas\/pavasara-festivals-pirmadienis\/","title":{"rendered":"Pavasara festiv\u00e2ls pirmadienis"},"content":{"rendered":"<p>[et_pb_section fb_built=&#8221;1&#8243; _builder_version=&#8221;4.16&#8243; custom_padding=&#8221;0px||||false|false&#8221; da_disable_devices=&#8221;off|off|off&#8221; global_colors_info=&#8221;{}&#8221; da_is_popup=&#8221;off&#8221; da_exit_intent=&#8221;off&#8221; da_has_close=&#8221;on&#8221; da_alt_close=&#8221;off&#8221; da_dark_close=&#8221;off&#8221; da_not_modal=&#8221;on&#8221; da_is_singular=&#8221;off&#8221; da_with_loader=&#8221;off&#8221; da_has_shadow=&#8221;on&#8221;][et_pb_row _builder_version=&#8221;4.16&#8243; background_size=&#8221;initial&#8221; background_position=&#8221;top_left&#8221; background_repeat=&#8221;repeat&#8221; width=&#8221;100%&#8221; custom_padding=&#8221;0px||0px||false|false&#8221; global_colors_info=&#8221;{}&#8221;][et_pb_column type=&#8221;4_4&#8243; _builder_version=&#8221;4.16&#8243; custom_padding=&#8221;|||&#8221; global_colors_info=&#8221;{}&#8221; custom_padding__hover=&#8221;|||&#8221;][et_pb_wc_cart_notice _builder_version=&#8221;4.27.4&#8243; background_color=&#8221;#57c1e5&#8243; global_colors_info=&#8221;{}&#8221;][\/et_pb_wc_cart_notice][\/et_pb_column][\/et_pb_row][et_pb_row column_structure=&#8221;1_2,1_2&#8243; _builder_version=&#8221;4.16&#8243; background_size=&#8221;initial&#8221; background_position=&#8221;top_left&#8221; background_repeat=&#8221;repeat&#8221; width=&#8221;100%&#8221; custom_padding=&#8221;0px||||false|false&#8221; global_colors_info=&#8221;{}&#8221;][et_pb_column type=&#8221;1_2&#8243; _builder_version=&#8221;4.16&#8243; custom_padding=&#8221;|||&#8221; global_colors_info=&#8221;{}&#8221; custom_padding__hover=&#8221;|||&#8221;][et_pb_image src=&#8221;https:\/\/ticket.pakruojo-dvaras.lt\/pavasario-simfonija\/wp-content\/uploads\/sites\/17\/2025\/02\/Tulpiu-festivalis_A4_lt-ir-lv.jpg&#8221; title_text=&#8221;Tulpiu festivalis_A4_lt ir lv&#8221; _builder_version=&#8221;4.27.4&#8243; _module_preset=&#8221;default&#8221; global_colors_info=&#8221;{}&#8221;][\/et_pb_image][\/et_pb_column][et_pb_column type=&#8221;1_2&#8243; _builder_version=&#8221;4.16&#8243; custom_padding=&#8221;|||&#8221; global_colors_info=&#8221;{}&#8221; custom_padding__hover=&#8221;|||&#8221;][et_pb_wc_add_to_cart _builder_version=&#8221;4.16&#8243; global_colors_info=&#8221;{}&#8221;][\/et_pb_wc_add_to_cart][et_pb_wc_description _builder_version=&#8221;4.27.4&#8243; global_colors_info=&#8221;{}&#8221;][\/et_pb_wc_description][\/et_pb_column][\/et_pb_row][et_pb_row column_structure=&#8221;1_3,2_3&#8243; use_custom_gutter=&#8221;on&#8221; gutter_width=&#8221;1&#8243; make_equal=&#8221;on&#8221; admin_label=&#8221;Footer Row&#8221; module_class=&#8221; et_pb_row_fullwidth&#8221; _builder_version=&#8221;4.27.4&#8243; background_color=&#8221;#57C1E5&#8243; background_enable_image=&#8221;off&#8221; width=&#8221;100%&#8221; width_tablet=&#8221;100%&#8221; width_phone=&#8221;&#8221; width_last_edited=&#8221;on|desktop&#8221; max_width=&#8221;100%&#8221; max_width_tablet=&#8221;100%&#8221; max_width_phone=&#8221;&#8221; max_width_last_edited=&#8221;on|desktop&#8221; min_height=&#8221;496.4px&#8221; custom_margin=&#8221;-51px|auto|0px|auto|false|false&#8221; custom_padding=&#8221;2px|0px|0px|0px||&#8221; animation_style=&#8221;fade&#8221; make_fullwidth=&#8221;on&#8221; global_colors_info=&#8221;{}&#8221;][et_pb_column type=&#8221;1_3&#8243; _builder_version=&#8221;4.17.3&#8243; background_color=&#8221;RGBA(255,255,255,0)&#8221; background_enable_video_mp4=&#8221;off&#8221; custom_padding=&#8221;0px|10%|0px|10%|false|false&#8221; custom_padding_tablet=&#8221;&#8221; custom_padding_phone=&#8221;&#8221; custom_padding_last_edited=&#8221;on|phone&#8221; global_colors_info=&#8221;{}&#8221; padding_last_edited=&#8221;on|phone&#8221; custom_padding__hover=&#8221;|||&#8221;][et_pb_image src=&#8221;https:\/\/ticket.pakruojo-dvaras.lt\/sniegaviru-kazas\/wp-content\/uploads\/sites\/17\/2022\/10\/Pakruojis-manor-logo_white.png&#8221; title_text=&#8221;Pakruojis manor logo_white&#8221; align=&#8221;center&#8221; _builder_version=&#8221;4.18.0&#8243; _module_preset=&#8221;default&#8221; custom_margin=&#8221;30px||||false|false&#8221; filter_hue_rotate=&#8221;156deg&#8221; filter_saturate=&#8221;94%&#8221; filter_brightness=&#8221;200%&#8221; filter_contrast=&#8221;200%&#8221; filter_sepia=&#8221;100%&#8221; global_colors_info=&#8221;{}&#8221;][\/et_pb_image][\/et_pb_column][et_pb_column type=&#8221;2_3&#8243; _builder_version=&#8221;4.17.3&#8243; background_color=&#8221;RGBA(255,255,255,0)&#8221; custom_padding=&#8221;10px|10%||10%|false|false&#8221; global_colors_info=&#8221;{}&#8221; custom_padding__hover=&#8221;|||&#8221;][et_pb_text _builder_version=&#8221;4.17.3&#8243; _module_preset=&#8221;default&#8221; text_font=&#8221;Zahra-medium||||||||&#8221; header_3_font=&#8221;Zahra-medium||||||||&#8221; header_3_text_color=&#8221;#5e5e5e&#8221; custom_margin=&#8221;19px||||false|false&#8221; global_colors_info=&#8221;{}&#8221;]<\/p>\n<p><span style=\"color: #ffffff\"><strong>SAZINIES AR MUMS:<\/strong><\/span><\/p>\n<p><span style=\"color: #ffffff\"><strong>Pas\u0101kumi un programmas mui\u017e\u0101: renginiai@pakruojo-dvaras.lt, +37061812298<\/strong><\/span><\/p>\n<p><span style=\"color: #ffffff\"><strong>Mui\u017eas viesn\u012bcas: hotel@pakruojo-dvaras.lt, +37065749700.<\/strong><\/span><\/p>\n<p><span style=\"color: #ffffff\"><strong>Mui\u017eas restor\u0101ni: meniu@pakruojo-dvaras.lt<\/strong><\/span><\/p>\n<p><span style=\"color: #ffffff\"><a href=\"https:\/\/goo.gl\/maps\/yH2mLWiBuyCuA1At8\" target=\"_blank\" class=\"flex items-center text-14px tracking-2 text-white py-8px leading-none group mt-10px\" rel=\"noopener\" style=\"color: #ffffff\">\u017di\u016br\u0117ti kart\u0113 \u21d2<\/a><\/span><\/p>\n<div class=\"transition transform ml-10px group-hover:translate-x-3px md:group-hover:translate-x-0 text-brown-2\"><\/div>\n<div class=\"mt-80px md:mt-50px\"><\/div>\n<p>[\/et_pb_text][et_pb_menu menu_id=&#8221;99&#8243; active_link_color=&#8221;#E09900&#8243; module_class=&#8221;pa-open-mobile-menu&#8221; _builder_version=&#8221;4.17.3&#8243; _module_preset=&#8221;default&#8221; menu_font=&#8221;Zahra-medium|||on|||||&#8221; menu_text_color=&#8221;#FFFFFF&#8221; background_color=&#8221;RGBA(255,255,255,0)&#8221; custom_margin=&#8221;11px|||||&#8221; custom_padding=&#8221;||6px|||&#8221; global_colors_info=&#8221;{}&#8221;][\/et_pb_menu][et_pb_image src=&#8221;https:\/\/ticket.pakruojo-dvaras.lt\/sniegaviru-kazas\/wp-content\/uploads\/sites\/17\/2022\/02\/Visa_Brandmark_White_RGB_2021-1-e1643793721863.png&#8221; title_text=&#8221;Visa_Brandmark_White_RGB_2021&#8243; align=&#8221;right&#8221; _builder_version=&#8221;4.16&#8243; _module_preset=&#8221;default&#8221; custom_margin=&#8221;4px|76px|||false|false&#8221; custom_padding=&#8221;||0px|||&#8221; global_colors_info=&#8221;{}&#8221;][\/et_pb_image][et_pb_image src=&#8221;https:\/\/ticket.pakruojo-dvaras.lt\/sniegaviru-kazas\/wp-content\/uploads\/sites\/17\/2022\/02\/mc_symbol_opt_45_2x.png&#8221; title_text=&#8221;mc_symbol_opt_45_2x&#8221; _builder_version=&#8221;4.16&#8243; _module_preset=&#8221;default&#8221; width=&#8221;16%&#8221; width_tablet=&#8221;16%&#8221; width_phone=&#8221;15%&#8221; width_last_edited=&#8221;on|phone&#8221; max_width=&#8221;65%&#8221; module_alignment=&#8221;center&#8221; custom_margin=&#8221;-26px|-371px|-16px||false|false&#8221; custom_margin_tablet=&#8221;-52px||||false|false&#8221; custom_margin_phone=&#8221;-52px||||false|false&#8221; custom_margin_last_edited=&#8221;on|phone&#8221; custom_padding=&#8221;|0px||||&#8221; global_colors_info=&#8221;{}&#8221;][\/et_pb_image][\/et_pb_column][\/et_pb_row][\/et_pb_section]<\/p>\n","protected":false},"excerpt":{"rendered":"<div>\n<p><strong><span style=\"color: #666666; font-size: 14px;\">Bi\u013cetes der\u012bgas tikai pirmdien\u0101s\u00a0<\/span><\/strong><\/p>\n<ul>\n<li><strong style=\"color: #666666; font-size: 14px;\">Pieaugu\u0161ajiem<\/strong><span style=\"color: #666666; font-size: 14px;\"> &#8211; 10 Eur\/personai (12 Eur\/personai pas\u0101kuma norises viet\u0101) <\/span><\/li>\n<li><strong>B\u0113rnam no 5 gadu vecuma, studentam, inval\u012bdam<\/strong> &#8211; 8 Eur\/personai (10 Eur\/personai norises viet\u0101)<\/li>\n<li><strong>pension\u0101ram &#8211;<\/strong> 7<span style=\"color: #666666; font-size: 14px;\"> Eur\/personai (8 Eur\/personai pas\u0101kuma norises viet\u0101)<\/span><\/li>\n<\/ul>\n<\/div>\n<div>Bi\u013cetes nav atmaks\u0101jamas. Katrai bi\u013cetei tiek piem\u0113rota apkalpo\u0161anas maksa EUR 0,80.<\/div>\n<div>Festiv\u0101la bi\u013cetes nav der\u012bgas citu mui\u017e\u0101 notieko\u0161o pas\u0101kumu apmekl\u0113jumam.<\/div>\n","protected":false},"featured_media":393174,"template":"","meta":{"_acf_changed":false,"_et_pb_use_builder":"on","_et_pb_old_content":"","_et_gb_content_width":""},"product_brand":[],"product_cat":[83],"product_tag":[],"class_list":{"0":"post-393760","1":"product","2":"type-product","3":"status-publish","4":"has-post-thumbnail","6":"product_cat-renginys-lv","7":"pa_bileto-tipas-gimenes-bilete-21","8":"pa_bileto-tipas-pap_bernu","9":"pa_bileto-tipas-pieaugusajiem-lv","10":"pa_bileto-tipas-senjoriem","11":"pa_bileto-tipas-skolniekiem-studentiem-senjoriem","13":"first","14":"outofstock","15":"sale","16":"shipping-taxable","17":"purchasable","18":"product-type-variable"},"acf":[],"_links":{"self":[{"href":"https:\/\/ticket.pakruojo-dvaras.lt\/pavasario-simfonija\/lv\/wp-json\/wp\/v2\/product\/393760","targetHints":{"allow":["GET"]}}],"collection":[{"href":"https:\/\/ticket.pakruojo-dvaras.lt\/pavasario-simfonija\/lv\/wp-json\/wp\/v2\/product"}],"about":[{"href":"https:\/\/ticket.pakruojo-dvaras.lt\/pavasario-simfonija\/lv\/wp-json\/wp\/v2\/types\/product"}],"wp:featuredmedia":[{"embeddable":true,"href":"https:\/\/ticket.pakruojo-dvaras.lt\/pavasario-simfonija\/lv\/wp-json\/wp\/v2\/media\/393174"}],"wp:attachment":[{"href":"https:\/\/ticket.pakruojo-dvaras.lt\/pavasario-simfonija\/lv\/wp-json\/wp\/v2\/media?parent=393760"}],"wp:term":[{"taxonomy":"product_brand","embeddable":true,"href":"https:\/\/ticket.pakruojo-dvaras.lt\/pavasario-simfonija\/lv\/wp-json\/wp\/v2\/product_brand?post=393760"},{"taxonomy":"product_cat","embeddable":true,"href":"https:\/\/ticket.pakruojo-dvaras.lt\/pavasario-simfonija\/lv\/wp-json\/wp\/v2\/product_cat?post=393760"},{"taxonomy":"product_tag","embeddable":true,"href":"https:\/\/ticket.pakruojo-dvaras.lt\/pavasario-simfonija\/lv\/wp-json\/wp\/v2\/product_tag?post=393760"}],"curies":[{"name":"wp","href":"https:\/\/api.w.org\/{rel}","templated":true}]}}