{"id":128050,"date":"2022-07-11T10:33:34","date_gmt":"2022-07-11T07:33:34","guid":{"rendered":"https:\/\/ticket.pakruojo-dvaras.lt\/pavasario-geliu-festivalis-2023\/?post_type=product&#038;p=128050"},"modified":"2023-05-22T09:26:47","modified_gmt":"2023-05-22T06:26:47","slug":"savaitgalio-bilietai","status":"publish","type":"product","link":"https:\/\/ticket.pakruojo-dvaras.lt\/pavasario-geliu-festivalis-2023\/produktas\/savaitgalio-bilietai\/","title":{"rendered":"Pavasario g\u0117liu festivalis savaitgalis"},"content":{"rendered":"<p>[et_pb_section fb_built=&#8221;1&#8243; _builder_version=&#8221;4.16&#8243; custom_padding=&#8221;0px||42px||false|false&#8221; da_disable_devices=&#8221;off|off|off&#8221; global_colors_info=&#8221;{}&#8221; da_is_popup=&#8221;off&#8221; da_exit_intent=&#8221;off&#8221; da_has_close=&#8221;on&#8221; da_alt_close=&#8221;off&#8221; da_dark_close=&#8221;off&#8221; da_not_modal=&#8221;on&#8221; da_is_singular=&#8221;off&#8221; da_with_loader=&#8221;off&#8221; da_has_shadow=&#8221;on&#8221;][et_pb_row _builder_version=&#8221;4.16&#8243; background_size=&#8221;initial&#8221; background_position=&#8221;top_left&#8221; background_repeat=&#8221;repeat&#8221; width=&#8221;100%&#8221; custom_padding=&#8221;0px||0px||false|false&#8221; global_colors_info=&#8221;{}&#8221;][et_pb_column type=&#8221;4_4&#8243; _builder_version=&#8221;4.16&#8243; custom_padding=&#8221;|||&#8221; global_colors_info=&#8221;{}&#8221; custom_padding__hover=&#8221;|||&#8221;][et_pb_wc_cart_notice _builder_version=&#8221;4.20.2&#8243; background_color=&#8221;#158711&#8243; custom_button=&#8221;on&#8221; button_text_color=&#8221;#FFFFFF&#8221; button_bg_color=&#8221;#E09900&#8243; button_border_color=&#8221;#FFFFFF&#8221; global_colors_info=&#8221;{}&#8221;][\/et_pb_wc_cart_notice][\/et_pb_column][\/et_pb_row][et_pb_row column_structure=&#8221;1_2,1_2&#8243; _builder_version=&#8221;4.16&#8243; background_size=&#8221;initial&#8221; background_position=&#8221;top_left&#8221; background_repeat=&#8221;repeat&#8221; width=&#8221;100%&#8221; custom_padding=&#8221;0px||||false|false&#8221; global_colors_info=&#8221;{}&#8221;][et_pb_column type=&#8221;1_2&#8243; _builder_version=&#8221;4.16&#8243; custom_padding=&#8221;|||&#8221; global_colors_info=&#8221;{}&#8221; custom_padding__hover=&#8221;|||&#8221;][et_pb_text _builder_version=&#8221;4.16&#8243; _module_preset=&#8221;default&#8221; header_2_font_size=&#8221;43px&#8221; global_colors_info=&#8221;{}&#8221;]<\/p>\n<h2>Bilietas<\/h2>\n<p>[\/et_pb_text][et_pb_wc_add_to_cart show_stock=&#8221;off&#8221; field_label_position=&#8221;inline&#8221; _builder_version=&#8221;4.20.2&#8243; fields_text_color=&#8221;#000000&#8243; fields_focus_background_color=&#8221;#f9f9f9&#8243; fields_focus_text_color=&#8221;#000000&#8243; dropdown_menus_focus_background_color=&#8221;#000000&#8243; field_label_font=&#8221;Zahra-medium|||on|||||&#8221; field_label_font_size=&#8221;19px&#8221; field_label_letter_spacing=&#8221;1px&#8221; field_label_line_height=&#8221;0.3em&#8221; dropdown_menus_font_size=&#8221;15px&#8221; custom_button=&#8221;on&#8221; button_text_color=&#8221;#FFFFFF&#8221; button_bg_color=&#8221;#33a01b&#8221; button_border_color=&#8221;#FFFFFF&#8221; button_font=&#8221;|||on|||||&#8221; global_colors_info=&#8221;{}&#8221;][\/et_pb_wc_add_to_cart][et_pb_wc_description _builder_version=&#8221;4.18.0&#8243; _module_preset=&#8221;default&#8221; global_colors_info=&#8221;{}&#8221;][\/et_pb_wc_description][\/et_pb_column][et_pb_column type=&#8221;1_2&#8243; _builder_version=&#8221;4.16&#8243; _module_preset=&#8221;default&#8221; global_colors_info=&#8221;{}&#8221;][et_pb_image src=&#8221;https:\/\/ticket.pakruojo-dvaras.lt\/pavasario-geliu-festivalis-2023\/wp-content\/uploads\/sites\/8\/2023\/03\/Pavasario-festivalio-bilieto-baneris_LT-1.jpg&#8221; title_text=&#8221;Pavasario festivalio bilieto baneris_LT (1)&#8221; disabled_on=&#8221;on|on|off&#8221; _builder_version=&#8221;4.20.2&#8243; _module_preset=&#8221;default&#8221; custom_margin=&#8221;-13px|||||&#8221; custom_padding=&#8221;17px|||||&#8221; global_colors_info=&#8221;{}&#8221;][\/et_pb_image][\/et_pb_column][\/et_pb_row][et_pb_row column_structure=&#8221;1_3,2_3&#8243; use_custom_gutter=&#8221;on&#8221; gutter_width=&#8221;1&#8243; make_equal=&#8221;on&#8221; admin_label=&#8221;Footer Row&#8221; module_class=&#8221; et_pb_row_fullwidth&#8221; _builder_version=&#8221;4.20.2&#8243; background_color=&#8221;#178E15&#8243; background_enable_image=&#8221;off&#8221; width=&#8221;100%&#8221; width_tablet=&#8221;100%&#8221; width_phone=&#8221;&#8221; width_last_edited=&#8221;on|desktop&#8221; max_width=&#8221;100%&#8221; max_width_tablet=&#8221;100%&#8221; max_width_phone=&#8221;&#8221; max_width_last_edited=&#8221;on|desktop&#8221; min_height=&#8221;496.4px&#8221; custom_margin=&#8221;-51px|auto|0px|auto|false|false&#8221; custom_padding=&#8221;2px|0px|0px|0px||&#8221; animation_style=&#8221;fade&#8221; make_fullwidth=&#8221;on&#8221; global_colors_info=&#8221;{}&#8221;][et_pb_column type=&#8221;1_3&#8243; _builder_version=&#8221;4.17.3&#8243; background_color=&#8221;RGBA(255,255,255,0)&#8221; background_enable_video_mp4=&#8221;off&#8221; custom_padding=&#8221;0px|10%|0px|10%|false|false&#8221; custom_padding_tablet=&#8221;&#8221; custom_padding_phone=&#8221;&#8221; custom_padding_last_edited=&#8221;on|phone&#8221; global_colors_info=&#8221;{}&#8221; padding_last_edited=&#8221;on|phone&#8221; custom_padding__hover=&#8221;|||&#8221;][et_pb_image src=&#8221;https:\/\/ticket.pakruojo-dvaras.lt\/pavasario-geliu-festivalis-2023\/wp-content\/uploads\/sites\/8\/2022\/10\/Pakruojis-manor-logo_white.png&#8221; title_text=&#8221;Pakruojis manor logo_white&#8221; align=&#8221;center&#8221; _builder_version=&#8221;4.18.0&#8243; _module_preset=&#8221;default&#8221; custom_margin=&#8221;30px||||false|false&#8221; filter_hue_rotate=&#8221;156deg&#8221; filter_saturate=&#8221;94%&#8221; filter_brightness=&#8221;200%&#8221; filter_contrast=&#8221;200%&#8221; filter_sepia=&#8221;100%&#8221; global_colors_info=&#8221;{}&#8221;][\/et_pb_image][\/et_pb_column][et_pb_column type=&#8221;2_3&#8243; _builder_version=&#8221;4.17.3&#8243; background_color=&#8221;RGBA(255,255,255,0)&#8221; custom_padding=&#8221;10px|10%||10%|false|false&#8221; global_colors_info=&#8221;{}&#8221; custom_padding__hover=&#8221;|||&#8221;][et_pb_text _builder_version=&#8221;4.17.3&#8243; _module_preset=&#8221;default&#8221; text_font=&#8221;Zahra-medium||||||||&#8221; header_3_font=&#8221;Zahra-medium||||||||&#8221; header_3_text_color=&#8221;#5e5e5e&#8221; custom_margin=&#8221;19px||||false|false&#8221; global_colors_info=&#8221;{}&#8221;]<\/p>\n<p><span style=\"color: #ffffff\"><strong>SUSISIEKIME:<\/strong><\/span><\/p>\n<p><span style=\"color: #ffffff\"><strong>Biliet\u0173 rezervacija grup\u0117ms, papildomos programos vaikams ir suaugusiems, asmenin\u0117s ir \u012fmoni\u0173 \u0161vent\u0117s:<\/strong> renginiai@pakruojo-dvaras.lt,\u00a0+37061812298<\/span><\/p>\n<p><span style=\"color: #ffffff\"><strong>Dvaro vie\u0161bu\u010di\u0173 administracija:<\/strong> hotel@pakruojo-dvaras.lt, +37065749700.<\/span><\/p>\n<p><span style=\"color: #ffffff\"><strong>Dvaro restoranai:<\/strong> meniu@pakruojo-dvaras.lt<\/span><\/p>\n<p><span style=\"color: #ffffff\"><a href=\"https:\/\/goo.gl\/maps\/yH2mLWiBuyCuA1At8\" target=\"_blank\" class=\"flex items-center text-14px tracking-2 text-white py-8px leading-none group mt-10px\" rel=\"noopener\" style=\"color: #ffffff\">\u017di\u016br\u0117ti \u017eem\u0117lapyje \u21d2<\/a><\/span><\/p>\n<div class=\"transition transform ml-10px group-hover:translate-x-3px md:group-hover:translate-x-0 text-brown-2\"><\/div>\n<div class=\"mt-80px md:mt-50px\"><\/div>\n<p>[\/et_pb_text][et_pb_menu menu_id=&#8221;99&#8243; active_link_color=&#8221;#E09900&#8243; module_class=&#8221;pa-open-mobile-menu&#8221; _builder_version=&#8221;4.17.3&#8243; _module_preset=&#8221;default&#8221; menu_font=&#8221;Zahra-medium|||on|||||&#8221; menu_text_color=&#8221;#FFFFFF&#8221; background_color=&#8221;RGBA(255,255,255,0)&#8221; custom_margin=&#8221;11px|||||&#8221; custom_padding=&#8221;||6px|||&#8221; global_colors_info=&#8221;{}&#8221;][\/et_pb_menu][et_pb_image src=&#8221;https:\/\/ticket.pakruojo-dvaras.lt\/pavasario-geliu-festivalis-2023\/wp-content\/uploads\/sites\/8\/2022\/02\/Visa_Brandmark_White_RGB_2021-1-e1643793721863.png&#8221; title_text=&#8221;Visa_Brandmark_White_RGB_2021&#8243; align=&#8221;right&#8221; _builder_version=&#8221;4.16&#8243; _module_preset=&#8221;default&#8221; custom_margin=&#8221;4px|76px|||false|false&#8221; custom_padding=&#8221;||0px|||&#8221; global_colors_info=&#8221;{}&#8221;][\/et_pb_image][et_pb_image src=&#8221;https:\/\/ticket.pakruojo-dvaras.lt\/pavasario-geliu-festivalis-2023\/wp-content\/uploads\/sites\/8\/2022\/02\/mc_symbol_opt_45_2x.png&#8221; title_text=&#8221;mc_symbol_opt_45_2x&#8221; _builder_version=&#8221;4.16&#8243; _module_preset=&#8221;default&#8221; width=&#8221;16%&#8221; width_tablet=&#8221;16%&#8221; width_phone=&#8221;15%&#8221; width_last_edited=&#8221;on|phone&#8221; max_width=&#8221;65%&#8221; module_alignment=&#8221;center&#8221; custom_margin=&#8221;-26px|-371px|-16px||false|false&#8221; custom_margin_tablet=&#8221;-52px||||false|false&#8221; custom_margin_phone=&#8221;-52px||||false|false&#8221; custom_margin_last_edited=&#8221;on|phone&#8221; custom_padding=&#8221;|0px||||&#8221; global_colors_info=&#8221;{}&#8221;][\/et_pb_image][\/et_pb_column][\/et_pb_row][\/et_pb_section]<\/p>\n","protected":false},"excerpt":{"rendered":"<div>\n<div>\n<h3>Perkant bilietus\u00a0DOVANA\u00a0\u2013\u00a0<span style=\"color: #0000ff;\"><strong>DELFI<\/strong><\/span>\u00a0Plius\u00a0prenumerata!<\/h3>\n<p><strong>SAVAITGALIO BILIETAI (galioja \u0161e\u0161tadieniais ir sekmadieniais):<\/strong><\/p>\n<ul>\n<li>Bilietas suaugusiam &#8211; 14 Eur\/asm. (renginio vietoje 15 Eur)<\/li>\n<li>Moksleiviui, studentui, senjorui, ne\u012fgaliajam &#8211; 12 Eur\/asm. (renginio vietoje 13 Eur)<\/li>\n<li>Vaikui iki 7 met\u0173 (imtinai) &#8211; nemokamai.<\/li>\n<li>\u0160eimos bilietas 2+1\u00a0(du suaug\u0119 ir vaikas nuo 8 iki 17 m.)\u00a0\u2013 34 Eur (renginio vietoje 37 Eur)<\/li>\n<li>\u0160eimos bilietas 2+2\u00a0(du suaug\u0119 ir du vaikai nuo 8 iki 17 m.)\u00a0\u2013 44 Eur (renginio vietoje 48 Eur)<\/li>\n<li><span class=\"im\">Papildomas vaikas \u012fsigyjant \u0161eimos biliet\u0105 &#8211; 10 Eur (renginio vietoje &#8211; 11 Eur).<\/span><\/li>\n<\/ul>\n<\/div>\n<div><\/div>\n<\/div>\n<div>\n<p>Bilietas PIET\u016aS:<\/p>\n<p>Su \u0161iuo bilietu jums priklauso dvari\u0161kos dienos piet\u0173 pasi\u016blymas (galioja festivalio darbo valandomis) &#8211; Cepelinai + gira. Patiekiami 2 cepelinai su taure gaivinan\u010dios dvaro vietin\u0117s gamybos kmyn\u0173 giros (0,3 l) g\u0117li\u0173 apsuptame Kiemelyje, Baltojoje pokyli\u0173 sal\u0117je ar kar\u010diamoje Traktierius (d\u0117l vietos bus informuota kasose, skenuojant bilietus).<\/p>\n<p>Tulpi\u0173 ir pavasario g\u0117li\u0173 festivalio bilietai negalioja patekti \u012f kitus dvare vykstan\u010dius renginius.<br \/>\nBilietai n\u0117ra gr\u0105\u017einami. Kiekvienam bilietui yra taikomas administracinis mokestis &#8211; 0,80 Eur.<\/p>\n<p>GALB\u016aT PLANUOTUM\u0116TE VIE\u0160NAG\u0118 SU NAKVYNE? Tam pageidautume, kad susisiektum\u0117te su m\u016bs\u0173 vie\u0161bu\u010di\u0173 administracija: hotel@pakruojo-dvaras.lt<\/p>\n<p>&nbsp;<\/p>\n<\/div>\n","protected":false},"featured_media":231588,"template":"","meta":{"_acf_changed":false,"_et_pb_use_builder":"on","_et_pb_old_content":"","_et_gb_content_width":""},"product_brand":[],"product_cat":[24],"product_tag":[],"class_list":{"0":"post-128050","1":"product","2":"type-product","3":"status-publish","4":"has-post-thumbnail","6":"product_cat-renginys","7":"pa_bileto-tipas-papildomas-vaikas","8":"pa_bileto-tipas-pietus","9":"pa_bileto-tipas-seimos-bilietas-21","10":"pa_bileto-tipas-seimos-bilietas-22","11":"pa_bileto-tipas-suaugusiems","12":"pa_bileto-tipas-vaikams-studentams-senjorams","14":"first","15":"outofstock","16":"sale","17":"shipping-taxable","18":"purchasable","19":"product-type-variable"},"acf":[],"_links":{"self":[{"href":"https:\/\/ticket.pakruojo-dvaras.lt\/pavasario-geliu-festivalis-2023\/wp-json\/wp\/v2\/product\/128050","targetHints":{"allow":["GET"]}}],"collection":[{"href":"https:\/\/ticket.pakruojo-dvaras.lt\/pavasario-geliu-festivalis-2023\/wp-json\/wp\/v2\/product"}],"about":[{"href":"https:\/\/ticket.pakruojo-dvaras.lt\/pavasario-geliu-festivalis-2023\/wp-json\/wp\/v2\/types\/product"}],"wp:featuredmedia":[{"embeddable":true,"href":"https:\/\/ticket.pakruojo-dvaras.lt\/pavasario-geliu-festivalis-2023\/wp-json\/wp\/v2\/media\/231588"}],"wp:attachment":[{"href":"https:\/\/ticket.pakruojo-dvaras.lt\/pavasario-geliu-festivalis-2023\/wp-json\/wp\/v2\/media?parent=128050"}],"wp:term":[{"taxonomy":"product_brand","embeddable":true,"href":"https:\/\/ticket.pakruojo-dvaras.lt\/pavasario-geliu-festivalis-2023\/wp-json\/wp\/v2\/product_brand?post=128050"},{"taxonomy":"product_cat","embeddable":true,"href":"https:\/\/ticket.pakruojo-dvaras.lt\/pavasario-geliu-festivalis-2023\/wp-json\/wp\/v2\/product_cat?post=128050"},{"taxonomy":"product_tag","embeddable":true,"href":"https:\/\/ticket.pakruojo-dvaras.lt\/pavasario-geliu-festivalis-2023\/wp-json\/wp\/v2\/product_tag?post=128050"}],"curies":[{"name":"wp","href":"https:\/\/api.w.org\/{rel}","templated":true}]}}