{"id":76456,"date":"2022-01-24T18:17:14","date_gmt":"2022-01-24T16:17:14","guid":{"rendered":"https:\/\/ticket.pakruojo-dvaras.lt\/iepirksanas-ratini\/"},"modified":"2022-01-25T11:59:17","modified_gmt":"2022-01-25T09:59:17","slug":"iepirksanas-ratini","status":"publish","type":"page","link":"https:\/\/ticket.pakruojo-dvaras.lt\/lv\/iepirksanas-ratini\/","title":{"rendered":"Iepirk\u0161an\u0101s rati\u0146i"},"content":{"rendered":"<div class=\"woocommerce\"><div class=\"woocommerce-notices-wrapper\"><\/div><div class=\"wc-empty-cart-message\">\n\t<div class=\"cart-empty woocommerce-info\" role=\"status\">\n\t\tYour cart is currently empty.\t<\/div>\n<\/div>\t<p class=\"return-to-shop\">\n\t\t<a class=\"button wc-backward\" href=\"https:\/\/ticket.pakruojo-dvaras.lt\/lv\/\">\n\t\t\tReturn to shop\t\t<\/a>\n\t<\/p>\n<\/div>\n","protected":false},"excerpt":{"rendered":"","protected":false},"author":1,"featured_media":0,"parent":0,"menu_order":0,"comment_status":"closed","ping_status":"closed","template":"","meta":{"_acf_changed":false,"_et_pb_use_builder":"","_et_pb_old_content":"","_et_gb_content_width":"","footnotes":""},"class_list":["post-76456","page","type-page","status-publish","hentry"],"acf":[],"_links":{"self":[{"href":"https:\/\/ticket.pakruojo-dvaras.lt\/lv\/wp-json\/wp\/v2\/pages\/76456","targetHints":{"allow":["GET"]}}],"collection":[{"href":"https:\/\/ticket.pakruojo-dvaras.lt\/lv\/wp-json\/wp\/v2\/pages"}],"about":[{"href":"https:\/\/ticket.pakruojo-dvaras.lt\/lv\/wp-json\/wp\/v2\/types\/page"}],"author":[{"embeddable":true,"href":"https:\/\/ticket.pakruojo-dvaras.lt\/lv\/wp-json\/wp\/v2\/users\/1"}],"replies":[{"embeddable":true,"href":"https:\/\/ticket.pakruojo-dvaras.lt\/lv\/wp-json\/wp\/v2\/comments?post=76456"}],"version-history":[{"count":0,"href":"https:\/\/ticket.pakruojo-dvaras.lt\/lv\/wp-json\/wp\/v2\/pages\/76456\/revisions"}],"wp:attachment":[{"href":"https:\/\/ticket.pakruojo-dvaras.lt\/lv\/wp-json\/wp\/v2\/media?parent=76456"}],"curies":[{"name":"wp","href":"https:\/\/api.w.org\/{rel}","templated":true}]}}