{"id":368895,"date":"2025-09-18T11:02:54","date_gmt":"2025-09-18T08:02:54","guid":{"rendered":"https:\/\/ticket.pakruojo-dvaras.lt\/istoriniu-nuotykiu-parkas\/?post_type=product&#038;p=368895"},"modified":"2025-09-18T11:18:39","modified_gmt":"2025-09-18T08:18:39","slug":"inp-ruduo-2025","status":"publish","type":"product","link":"https:\/\/ticket.pakruojo-dvaras.lt\/istoriniu-nuotykiu-parkas\/produktas\/inp-ruduo-2025\/","title":{"rendered":"INP ruduo 2025"},"content":{"rendered":"<p>[et_pb_section fb_built=&#8221;1&#8243; _builder_version=&#8221;4.16&#8243; custom_padding=&#8221;0px||42px||false|false&#8221; hover_enabled=&#8221;0&#8243; da_disable_devices=&#8221;off|off|off&#8221; global_colors_info=&#8221;{}&#8221; sticky_enabled=&#8221;0&#8243; da_is_popup=&#8221;off&#8221; da_exit_intent=&#8221;off&#8221; da_has_close=&#8221;on&#8221; da_alt_close=&#8221;off&#8221; da_dark_close=&#8221;off&#8221; da_not_modal=&#8221;on&#8221; da_is_singular=&#8221;off&#8221; da_with_loader=&#8221;off&#8221; da_has_shadow=&#8221;on&#8221;][et_pb_row _builder_version=&#8221;4.16&#8243; background_size=&#8221;initial&#8221; background_position=&#8221;top_left&#8221; background_repeat=&#8221;repeat&#8221; width=&#8221;100%&#8221; custom_padding=&#8221;0px||0px||false|false&#8221; global_colors_info=&#8221;{}&#8221;][et_pb_column type=&#8221;4_4&#8243; _builder_version=&#8221;4.16&#8243; custom_padding=&#8221;|||&#8221; global_colors_info=&#8221;{}&#8221; custom_padding__hover=&#8221;|||&#8221;][et_pb_wc_cart_notice _builder_version=&#8221;4.25.1&#8243; title_text_color=&#8221;#e00064&#8243; background_color=&#8221;#e2ca0d&#8221; custom_button=&#8221;on&#8221; button_text_color=&#8221;#D3BE00&#8243; button_bg_color=&#8221;#FF0000&#8243; button_border_color=&#8221;#FFFFFF&#8221; global_colors_info=&#8221;{}&#8221;][\/et_pb_wc_cart_notice][\/et_pb_column][\/et_pb_row][et_pb_row column_structure=&#8221;1_2,1_2&#8243; _builder_version=&#8221;4.16&#8243; background_size=&#8221;initial&#8221; background_position=&#8221;top_left&#8221; background_repeat=&#8221;repeat&#8221; width=&#8221;100%&#8221; custom_padding=&#8221;0px||||false|false&#8221; global_colors_info=&#8221;{}&#8221;][et_pb_column type=&#8221;1_2&#8243; _builder_version=&#8221;4.16&#8243; custom_padding=&#8221;|||&#8221; global_colors_info=&#8221;{}&#8221; custom_padding__hover=&#8221;|||&#8221;][et_pb_wc_add_to_cart show_stock=&#8221;off&#8221; field_label_position=&#8221;inline&#8221; _builder_version=&#8221;4.25.1&#8243; fields_text_color=&#8221;#000000&#8243; fields_focus_background_color=&#8221;#f9f9f9&#8243; fields_focus_text_color=&#8221;#000000&#8243; dropdown_menus_focus_background_color=&#8221;#000000&#8243; field_label_font=&#8221;Zahra-medium|||on|||||&#8221; field_label_font_size=&#8221;19px&#8221; field_label_letter_spacing=&#8221;1px&#8221; field_label_line_height=&#8221;0.3em&#8221; dropdown_menus_font_size=&#8221;15px&#8221; custom_button=&#8221;on&#8221; button_text_color=&#8221;#E02B20&#8243; button_bg_color=&#8221;#eacf00&#8243; button_border_color=&#8221;#FFFFFF&#8221; button_font=&#8221;|||on|||||&#8221; global_colors_info=&#8221;{}&#8221;][\/et_pb_wc_add_to_cart][et_pb_wc_description _builder_version=&#8221;4.18.0&#8243; _module_preset=&#8221;default&#8221; global_colors_info=&#8221;{}&#8221;][\/et_pb_wc_description][\/et_pb_column][et_pb_column type=&#8221;1_2&#8243; _builder_version=&#8221;4.16&#8243; _module_preset=&#8221;default&#8221; global_colors_info=&#8221;{}&#8221;][et_pb_image src=&#8221;https:\/\/ticket.pakruojo-dvaras.lt\/istoriniu-nuotykiu-parkas\/wp-content\/uploads\/sites\/15\/2024\/06\/Dizainas-be-pavadinimo-3.png&#8221; title_text=&#8221;Dizainas be pavadinimo-3&#8243; disabled_on=&#8221;on|on|off&#8221; _builder_version=&#8221;4.27.0&#8243; _module_preset=&#8221;default&#8221; custom_margin=&#8221;-13px|||||&#8221; custom_padding=&#8221;17px|||||&#8221; hover_enabled=&#8221;0&#8243; global_colors_info=&#8221;{}&#8221; sticky_enabled=&#8221;0&#8243;][\/et_pb_image][\/et_pb_column][\/et_pb_row][et_pb_row column_structure=&#8221;1_3,2_3&#8243; use_custom_gutter=&#8221;on&#8221; gutter_width=&#8221;1&#8243; make_equal=&#8221;on&#8221; admin_label=&#8221;Footer Row&#8221; module_class=&#8221; et_pb_row_fullwidth&#8221; _builder_version=&#8221;4.25.1&#8243; background_color=&#8221;#e8ce0b&#8221; background_enable_image=&#8221;off&#8221; width=&#8221;100%&#8221; width_tablet=&#8221;100%&#8221; width_phone=&#8221;&#8221; width_last_edited=&#8221;on|desktop&#8221; max_width=&#8221;100%&#8221; max_width_tablet=&#8221;100%&#8221; max_width_phone=&#8221;&#8221; max_width_last_edited=&#8221;on|desktop&#8221; min_height=&#8221;496.4px&#8221; custom_margin=&#8221;-51px|auto|0px|auto|false|false&#8221; custom_padding=&#8221;2px|0px|0px|0px||&#8221; animation_style=&#8221;fade&#8221; make_fullwidth=&#8221;on&#8221; global_colors_info=&#8221;{}&#8221;][et_pb_column type=&#8221;1_3&#8243; _builder_version=&#8221;4.17.3&#8243; background_color=&#8221;RGBA(255,255,255,0)&#8221; background_enable_video_mp4=&#8221;off&#8221; custom_padding=&#8221;0px|10%|0px|10%|false|false&#8221; custom_padding_tablet=&#8221;&#8221; custom_padding_phone=&#8221;&#8221; custom_padding_last_edited=&#8221;on|phone&#8221; global_colors_info=&#8221;{}&#8221; padding_last_edited=&#8221;on|phone&#8221; custom_padding__hover=&#8221;|||&#8221;][\/et_pb_column][et_pb_column type=&#8221;2_3&#8243; _builder_version=&#8221;4.17.3&#8243; background_color=&#8221;RGBA(255,255,255,0)&#8221; custom_padding=&#8221;10px|10%||10%|false|false&#8221; global_colors_info=&#8221;{}&#8221; custom_padding__hover=&#8221;|||&#8221;][et_pb_text _builder_version=&#8221;4.25.1&#8243; _module_preset=&#8221;default&#8221; text_font=&#8221;Zahra-medium||||||||&#8221; header_3_font=&#8221;Zahra-medium||||||||&#8221; header_3_text_color=&#8221;#5e5e5e&#8221; custom_margin=&#8221;19px||||false|false&#8221; global_colors_info=&#8221;{}&#8221;]<\/p>\n<p><span style=\"color: #993300;\"><strong>SUSISIEKIME:<\/strong><\/span><\/p>\n<p><span style=\"color: #993300;\"><strong>Biliet\u0173 rezervacija grup\u0117ms, papildomos programos vaikams ir suaugusiems, asmenin\u0117s ir \u012fmoni\u0173 \u0161vent\u0117s:<\/strong> renginiai@pakruojo-dvaras.lt,\u00a0+37061812298<\/span><\/p>\n<p><span style=\"color: #993300;\"><strong>Dvaro vie\u0161bu\u010di\u0173 administracija:<\/strong> hotel@pakruojo-dvaras.lt, +37065749700.<\/span><\/p>\n<p><span style=\"color: #993300;\"><strong>Dvaro restoranai:<\/strong> meniu@pakruojo-dvaras.lt<\/span><\/p>\n<p><span style=\"color: #993300;\"><a href=\"https:\/\/goo.gl\/maps\/yH2mLWiBuyCuA1At8\" target=\"_blank\" class=\"flex items-center text-14px tracking-2 text-white py-8px leading-none group mt-10px\" rel=\"noopener\" style=\"color: #993300;\">\u017di\u016br\u0117ti \u017eem\u0117lapyje \u21d2<\/a><\/span><\/p>\n<div class=\"transition transform ml-10px group-hover:translate-x-3px md:group-hover:translate-x-0 text-brown-2\"><\/div>\n<div class=\"mt-80px md:mt-50px\"><\/div>\n<p>[\/et_pb_text][et_pb_menu menu_id=&#8221;99&#8243; active_link_color=&#8221;#E09900&#8243; module_class=&#8221;pa-open-mobile-menu&#8221; _builder_version=&#8221;4.25.1&#8243; _module_preset=&#8221;default&#8221; menu_font=&#8221;Zahra-medium|||on|||||&#8221; menu_text_color=&#8221;#E02B20&#8243; background_color=&#8221;RGBA(255,255,255,0)&#8221; custom_margin=&#8221;11px|||||&#8221; custom_padding=&#8221;||6px|||&#8221; global_colors_info=&#8221;{}&#8221;][\/et_pb_menu][et_pb_image src=&#8221;https:\/\/ticket.pakruojo-dvaras.lt\/istoriniu-nuotykiu-parkas\/wp-content\/uploads\/sites\/15\/2022\/02\/Visa_Brandmark_White_RGB_2021-1-e1643793721863.png&#8221; title_text=&#8221;Visa_Brandmark_White_RGB_2021&#8243; align=&#8221;right&#8221; _builder_version=&#8221;4.16&#8243; _module_preset=&#8221;default&#8221; custom_margin=&#8221;4px|76px|||false|false&#8221; custom_padding=&#8221;||0px|||&#8221; global_colors_info=&#8221;{}&#8221;][\/et_pb_image][et_pb_image src=&#8221;https:\/\/ticket.pakruojo-dvaras.lt\/istoriniu-nuotykiu-parkas\/wp-content\/uploads\/sites\/15\/2022\/02\/mc_symbol_opt_45_2x.png&#8221; title_text=&#8221;mc_symbol_opt_45_2x&#8221; _builder_version=&#8221;4.16&#8243; _module_preset=&#8221;default&#8221; width=&#8221;16%&#8221; width_tablet=&#8221;16%&#8221; width_phone=&#8221;15%&#8221; width_last_edited=&#8221;on|phone&#8221; max_width=&#8221;65%&#8221; module_alignment=&#8221;center&#8221; custom_margin=&#8221;-26px|-371px|-16px||false|false&#8221; custom_margin_tablet=&#8221;-52px||||false|false&#8221; custom_margin_phone=&#8221;-52px||||false|false&#8221; custom_margin_last_edited=&#8221;on|phone&#8221; custom_padding=&#8221;|0px||||&#8221; global_colors_info=&#8221;{}&#8221;][\/et_pb_image][\/et_pb_column][\/et_pb_row][\/et_pb_section]<\/p>\n","protected":false},"excerpt":{"rendered":"<div>\n<div>\n<h5><strong>BILIETAI Istorini\u0173 nuotyki\u0173 parkas:<\/strong><\/h5>\n<ul>\n<li><strong>Suaugusiajam<\/strong> &#8211; 16 Eur\/asm.<\/li>\n<li><strong>Vaikui nuo 6 m., studentui, senjorui, ne\u012fgaliajam<\/strong> &#8211; 12 Eur\/asm.<\/li>\n<li><strong>Vaikui iki 5 met\u0173 (imtinai)<\/strong> &#8211; nemokamai.<\/li>\n<\/ul>\n<\/div>\n<div>Bilietai n\u0117ra gr\u0105\u017einami. Kiekvienam bilietui yra taikomas administracinis 0,80 Eur mokestis.<\/div>\n<div>Istorini\u0173 nuotyki\u0173 parko bilietai negalioja patekti \u012f kitus dvare vykstan\u010dius renginius.<\/div>\n<\/div>\n<div>\n<p>GALB\u016aT PLANUOJATE VIE\u0160NAG\u0118 SU NAKVYNE? Susisiekite su m\u016bs\u0173 vie\u0161bu\u010di\u0173 administracija: hotel@pakruojo-dvaras.lt<\/p>\n<p>&nbsp;<\/p>\n<\/div>\n","protected":false},"featured_media":321073,"template":"","meta":{"_acf_changed":false,"_et_pb_use_builder":"on","_et_pb_old_content":"","_et_gb_content_width":""},"product_brand":[],"product_cat":[24],"product_tag":[],"class_list":{"0":"post-368895","1":"product","2":"type-product","3":"status-publish","4":"has-post-thumbnail","6":"product_cat-renginys","7":"pa_bileto-tipas-papildomas-vaikas","8":"pa_bileto-tipas-pietus","9":"pa_bileto-tipas-seimos-bilietas-21","10":"pa_bileto-tipas-seimos-bilietas-22","11":"pa_bileto-tipas-suaugusiems","12":"pa_bileto-tipas-vaikams-nuo-12-m-studentams-senjorams-neigaliesiems","13":"pa_bileto-tipas-vaikams-nuo-6-iki-11-m","14":"pa_bileto-tipas-vaikams-nuo-7-iki-12-m","15":"pa_bileto-tipas-vaikams-studentams-senjorams","17":"first","18":"instock","19":"shipping-taxable","20":"purchasable","21":"product-type-variable"},"acf":[],"_links":{"self":[{"href":"https:\/\/ticket.pakruojo-dvaras.lt\/istoriniu-nuotykiu-parkas\/wp-json\/wp\/v2\/product\/368895","targetHints":{"allow":["GET"]}}],"collection":[{"href":"https:\/\/ticket.pakruojo-dvaras.lt\/istoriniu-nuotykiu-parkas\/wp-json\/wp\/v2\/product"}],"about":[{"href":"https:\/\/ticket.pakruojo-dvaras.lt\/istoriniu-nuotykiu-parkas\/wp-json\/wp\/v2\/types\/product"}],"wp:featuredmedia":[{"embeddable":true,"href":"https:\/\/ticket.pakruojo-dvaras.lt\/istoriniu-nuotykiu-parkas\/wp-json\/wp\/v2\/media\/321073"}],"wp:attachment":[{"href":"https:\/\/ticket.pakruojo-dvaras.lt\/istoriniu-nuotykiu-parkas\/wp-json\/wp\/v2\/media?parent=368895"}],"wp:term":[{"taxonomy":"product_brand","embeddable":true,"href":"https:\/\/ticket.pakruojo-dvaras.lt\/istoriniu-nuotykiu-parkas\/wp-json\/wp\/v2\/product_brand?post=368895"},{"taxonomy":"product_cat","embeddable":true,"href":"https:\/\/ticket.pakruojo-dvaras.lt\/istoriniu-nuotykiu-parkas\/wp-json\/wp\/v2\/product_cat?post=368895"},{"taxonomy":"product_tag","embeddable":true,"href":"https:\/\/ticket.pakruojo-dvaras.lt\/istoriniu-nuotykiu-parkas\/wp-json\/wp\/v2\/product_tag?post=368895"}],"curies":[{"name":"wp","href":"https:\/\/api.w.org\/{rel}","templated":true}]}}