{"id":372656,"date":"2025-11-12T12:00:56","date_gmt":"2025-11-12T10:00:56","guid":{"rendered":"https:\/\/ticket.pakruojo-dvaras.lt\/istoriniu-nuotykiu-parkas\/?post_type=product&#038;p=372656"},"modified":"2025-11-19T10:36:02","modified_gmt":"2025-11-19T08:36:02","slug":"ziemassvetku-piedzivojumu-darbnicas","status":"publish","type":"product","link":"https:\/\/ticket.pakruojo-dvaras.lt\/istoriniu-nuotykiu-parkas\/lv\/produktas\/ziemassvetku-piedzivojumu-darbnicas\/","title":{"rendered":"Ziemassv\u0113tku piedz\u012bvojumu darbn\u012bcas"},"content":{"rendered":"<p>[et_pb_section fb_built=&#8221;1&#8243; _builder_version=&#8221;4.16&#8243; custom_padding=&#8221;0px||42px||false|false&#8221; da_disable_devices=&#8221;off|off|off&#8221; global_colors_info=&#8221;{}&#8221; da_is_popup=&#8221;off&#8221; da_exit_intent=&#8221;off&#8221; da_has_close=&#8221;on&#8221; da_alt_close=&#8221;off&#8221; da_dark_close=&#8221;off&#8221; da_not_modal=&#8221;on&#8221; da_is_singular=&#8221;off&#8221; da_with_loader=&#8221;off&#8221; da_has_shadow=&#8221;on&#8221;][et_pb_row _builder_version=&#8221;4.16&#8243; background_size=&#8221;initial&#8221; background_position=&#8221;top_left&#8221; background_repeat=&#8221;repeat&#8221; width=&#8221;100%&#8221; custom_padding=&#8221;0px||0px||false|false&#8221; global_colors_info=&#8221;{}&#8221;][et_pb_column type=&#8221;4_4&#8243; _builder_version=&#8221;4.16&#8243; custom_padding=&#8221;|||&#8221; global_colors_info=&#8221;{}&#8221; custom_padding__hover=&#8221;|||&#8221;][et_pb_wc_cart_notice _builder_version=&#8221;4.23.4&#8243; background_color=&#8221;#0C71C3&#8243; custom_button=&#8221;on&#8221; button_text_color=&#8221;#FFFFFF&#8221; button_bg_color=&#8221;#dde500&#8243; button_border_color=&#8221;#FFFFFF&#8221; global_colors_info=&#8221;{}&#8221;][\/et_pb_wc_cart_notice][\/et_pb_column][\/et_pb_row][et_pb_row column_structure=&#8221;1_2,1_2&#8243; _builder_version=&#8221;4.16&#8243; background_size=&#8221;initial&#8221; background_position=&#8221;top_left&#8221; background_repeat=&#8221;repeat&#8221; width=&#8221;100%&#8221; custom_padding=&#8221;0px||||false|false&#8221; global_colors_info=&#8221;{}&#8221;][et_pb_column type=&#8221;1_2&#8243; _builder_version=&#8221;4.16&#8243; custom_padding=&#8221;|||&#8221; global_colors_info=&#8221;{}&#8221; custom_padding__hover=&#8221;|||&#8221;][et_pb_text _builder_version=&#8221;4.16&#8243; _module_preset=&#8221;default&#8221; header_2_font_size=&#8221;43px&#8221; global_colors_info=&#8221;{}&#8221;]<\/p>\n<h2>Bi\u013cete<\/h2>\n<p>[\/et_pb_text][et_pb_wc_add_to_cart show_stock=&#8221;off&#8221; field_label_position=&#8221;inline&#8221; _builder_version=&#8221;4.26.0&#8243; fields_text_color=&#8221;#000000&#8243; fields_focus_background_color=&#8221;#f9f9f9&#8243; fields_focus_text_color=&#8221;#000000&#8243; dropdown_menus_focus_background_color=&#8221;#000000&#8243; field_label_font=&#8221;Zahra-medium|||on|||||&#8221; field_label_font_size=&#8221;19px&#8221; field_label_letter_spacing=&#8221;1px&#8221; field_label_line_height=&#8221;0.3em&#8221; dropdown_menus_font_size=&#8221;15px&#8221; custom_button=&#8221;on&#8221; button_text_color=&#8221;#FFFFFF&#8221; button_bg_color=&#8221;#0C71C3&#8243; button_border_color=&#8221;#FFFFFF&#8221; button_font=&#8221;|||on|||||&#8221; global_colors_info=&#8221;{}&#8221;][\/et_pb_wc_add_to_cart][et_pb_wc_description _builder_version=&#8221;4.26.0&#8243; _module_preset=&#8221;default&#8221; global_colors_info=&#8221;{}&#8221;][\/et_pb_wc_description][\/et_pb_column][et_pb_column type=&#8221;1_2&#8243; _builder_version=&#8221;4.16&#8243; _module_preset=&#8221;default&#8221; global_colors_info=&#8221;{}&#8221;][et_pb_image src=&#8221;https:\/\/ticket.pakruojo-dvaras.lt\/istoriniu-nuotykiu-parkas\/wp-content\/uploads\/sites\/15\/2025\/11\/Sventines-uliones-gruodzio-menesi-12-1.png&#8221; title_text=&#8221;S\u030cventine\u0307s ulione\u0307s gruodz\u030cio me\u0307nesi\u0328-12&#8243; disabled_on=&#8221;on|on|off&#8221; _builder_version=&#8221;4.27.4&#8243; _module_preset=&#8221;default&#8221; custom_margin=&#8221;-13px|||||&#8221; custom_padding=&#8221;17px|||||&#8221; hover_enabled=&#8221;0&#8243; global_colors_info=&#8221;{}&#8221; sticky_enabled=&#8221;0&#8243;][\/et_pb_image][\/et_pb_column][\/et_pb_row][et_pb_row column_structure=&#8221;1_3,2_3&#8243; use_custom_gutter=&#8221;on&#8221; gutter_width=&#8221;1&#8243; make_equal=&#8221;on&#8221; admin_label=&#8221;Footer Row&#8221; module_class=&#8221; et_pb_row_fullwidth&#8221; _builder_version=&#8221;4.26.0&#8243; background_color=&#8221;#0C71C3&#8243; background_enable_image=&#8221;off&#8221; width=&#8221;100%&#8221; width_tablet=&#8221;100%&#8221; width_phone=&#8221;&#8221; width_last_edited=&#8221;on|desktop&#8221; max_width=&#8221;100%&#8221; max_width_tablet=&#8221;100%&#8221; max_width_phone=&#8221;&#8221; max_width_last_edited=&#8221;on|desktop&#8221; min_height=&#8221;496.4px&#8221; custom_margin=&#8221;-51px|auto|0px|auto|false|false&#8221; custom_padding=&#8221;2px|0px|0px|0px||&#8221; animation_style=&#8221;fade&#8221; make_fullwidth=&#8221;on&#8221; global_colors_info=&#8221;{}&#8221;][et_pb_column type=&#8221;1_3&#8243; _builder_version=&#8221;4.17.3&#8243; background_color=&#8221;RGBA(255,255,255,0)&#8221; background_enable_video_mp4=&#8221;off&#8221; custom_padding=&#8221;0px|10%|0px|10%|false|false&#8221; custom_padding_tablet=&#8221;&#8221; custom_padding_phone=&#8221;&#8221; custom_padding_last_edited=&#8221;on|phone&#8221; global_colors_info=&#8221;{}&#8221; padding_last_edited=&#8221;on|phone&#8221; custom_padding__hover=&#8221;|||&#8221;][et_pb_image src=&#8221;https:\/\/ticket.pakruojo-dvaras.lt\/istoriniu-nuotykiu-parkas\/wp-content\/uploads\/sites\/15\/2022\/10\/Pakruojis-manor-logo_white.png&#8221; title_text=&#8221;Pakruojis manor logo_white&#8221; align=&#8221;center&#8221; _builder_version=&#8221;4.18.0&#8243; _module_preset=&#8221;default&#8221; custom_margin=&#8221;30px||||false|false&#8221; filter_hue_rotate=&#8221;156deg&#8221; filter_saturate=&#8221;94%&#8221; filter_brightness=&#8221;200%&#8221; filter_contrast=&#8221;200%&#8221; filter_sepia=&#8221;100%&#8221; global_colors_info=&#8221;{}&#8221;][\/et_pb_image][\/et_pb_column][et_pb_column type=&#8221;2_3&#8243; _builder_version=&#8221;4.17.3&#8243; background_color=&#8221;RGBA(255,255,255,0)&#8221; custom_padding=&#8221;10px|10%||10%|false|false&#8221; global_colors_info=&#8221;{}&#8221; custom_padding__hover=&#8221;|||&#8221;][et_pb_text _builder_version=&#8221;4.26.0&#8243; _module_preset=&#8221;default&#8221; text_font=&#8221;Zahra-medium||||||||&#8221; header_3_font=&#8221;Zahra-medium||||||||&#8221; header_3_text_color=&#8221;#5e5e5e&#8221; custom_margin=&#8221;19px||||false|false&#8221; global_colors_info=&#8221;{}&#8221;]<\/p>\n<h3>KONTAKTI<\/h3>\n<ul>\n<li>\n<div class=\"footer-column-1\">Galven\u0101 inform\u0101cija<\/div>\n<div class=\"footer-column-2\">\n<div><a href=\"tel:+37068665055\">+370 686 650 55<\/a><\/div>\n<div><a href=\"mailto:info@pakruojo-dvaras.lt\">info@pakruojo-dvaras.lt<\/a><\/div>\n<\/div>\n<\/li>\n<li>\n<div class=\"footer-column-1\">Viesn\u012bca<\/div>\n<div class=\"footer-column-2\">\n<div><a href=\"tel:+37065749700\">+370 657 497 00<\/a><\/div>\n<div><a href=\"mailto:hotel@pakruojo-dvaras.lt\">hotel@pakruojo-dvaras.lt<\/a><\/div>\n<\/div>\n<\/li>\n<li>\n<div class=\"footer-column-1\">Krogs Traktierius<\/div>\n<div class=\"footer-column-2\">\n<div><a href=\"tel:+37068241155\">+370 682 411 55<\/a><\/div>\n<div><a href=\"mailto:meniu@pakruojo-dvaras.lt\">meniu@pakruojo-dvaras.lt<\/a><\/div>\n<\/div>\n<\/li>\n<li><\/li>\n<\/ul>\n<p>[\/et_pb_text][et_pb_menu menu_id=&#8221;124&#8243; active_link_color=&#8221;#E09900&#8243; module_class=&#8221;pa-open-mobile-menu&#8221; _builder_version=&#8221;4.26.0&#8243; _module_preset=&#8221;default&#8221; menu_font=&#8221;Zahra-medium|||on|||||&#8221; menu_text_color=&#8221;#FFFFFF&#8221; background_color=&#8221;RGBA(255,255,255,0)&#8221; custom_margin=&#8221;11px|||||&#8221; custom_padding=&#8221;||6px|||&#8221; global_colors_info=&#8221;{}&#8221;][\/et_pb_menu][et_pb_image src=&#8221;https:\/\/ticket.pakruojo-dvaras.lt\/istoriniu-nuotykiu-parkas\/wp-content\/uploads\/sites\/15\/2022\/02\/Visa_Brandmark_White_RGB_2021-1-e1643793721863.png&#8221; title_text=&#8221;Visa_Brandmark_White_RGB_2021&#8243; align=&#8221;right&#8221; _builder_version=&#8221;4.16&#8243; _module_preset=&#8221;default&#8221; custom_margin=&#8221;4px|76px|||false|false&#8221; custom_padding=&#8221;||0px|||&#8221; global_colors_info=&#8221;{}&#8221;][\/et_pb_image][et_pb_image src=&#8221;https:\/\/ticket.pakruojo-dvaras.lt\/istoriniu-nuotykiu-parkas\/wp-content\/uploads\/sites\/15\/2022\/02\/mc_symbol_opt_45_2x-e1643793622460.png&#8221; title_text=&#8221;mc_symbol_opt_45_2x&#8221; _builder_version=&#8221;4.16&#8243; _module_preset=&#8221;default&#8221; width=&#8221;16%&#8221; width_tablet=&#8221;16%&#8221; width_phone=&#8221;15%&#8221; width_last_edited=&#8221;on|phone&#8221; max_width=&#8221;65%&#8221; module_alignment=&#8221;center&#8221; custom_margin=&#8221;-26px|-371px|-16px||false|false&#8221; custom_margin_tablet=&#8221;-52px||||false|false&#8221; custom_margin_phone=&#8221;-52px||||false|false&#8221; custom_margin_last_edited=&#8221;on|phone&#8221; custom_padding=&#8221;|0px||||&#8221; global_colors_info=&#8221;{}&#8221;][\/et_pb_image][\/et_pb_column][\/et_pb_row][\/et_pb_section]<\/p>\n","protected":false},"excerpt":{"rendered":"<p><strong>BI\u013bETES:<\/strong><\/p>\n<p><strong>Pieaugu\u0161ajiem<\/strong> \u2013 10 EUR\/pers.<br \/>\n<strong>B\u0113rniem no 6 gadu vecuma, studentiem, senioriem<\/strong> \u2013 8 EUR\/pers.<br \/>\n<strong>B\u0113rniem l\u012bdz 5 gadu vecumam (ieskaitot), person\u0101m ar invalidit\u0101ti<\/strong> \u2013 bez maksas.<\/p>\n<p><strong>Bi\u013cetes der\u012bgas no pl. 16.00. Vakara programm\u0101 iek\u013cauts<\/strong>: amatnieku darbn\u012bcu apmekl\u0113jums, mui\u017eas parka un saimniec\u012bbas da\u013cas apskate, Ziemassv\u0113tku vec\u012b\u0161a pasta un Ziemassv\u0113tku vec\u012b\u0161a rezidences apmekl\u0113jums. Ekskursija ar gidu nav iek\u013cauta.<\/p>\n<p>Bi\u013cetes netiek atgrieztas. Katram bi\u013cetes pirkumam tiek piem\u0113rota 0,80 EUR administr\u0113\u0161anas maksa.<br \/>\n\u0160\u012bs bi\u013cetes nav der\u012bgas sv\u0113tku ekskursijai un citiem pas\u0101kumiem, kas norisin\u0101s mui\u017e\u0101.<\/p>\n<p><strong>PL\u0100NOJAT NAK\u0160\u0145O\u0160ANU?<\/strong><br \/>\nSazinieties ar m\u016bsu viesn\u012bcas administr\u0101ciju: hotel@pakruojo-dvaras.lt<\/p>\n","protected":false},"featured_media":372645,"template":"","meta":{"_acf_changed":false,"_et_pb_use_builder":"on","_et_pb_old_content":"","_et_gb_content_width":""},"product_brand":[],"product_cat":[83],"product_tag":[],"class_list":{"0":"post-372656","1":"product","2":"type-product","3":"status-publish","4":"has-post-thumbnail","6":"product_cat-renginys-lv","7":"pa_bileto-tipas-pieaugusajiem-lv","8":"pa_bileto-tipas-skolniekiem-studentiem-senjoriem","10":"first","11":"instock","12":"shipping-taxable","13":"purchasable","14":"product-type-variable"},"acf":[],"_links":{"self":[{"href":"https:\/\/ticket.pakruojo-dvaras.lt\/istoriniu-nuotykiu-parkas\/lv\/wp-json\/wp\/v2\/product\/372656","targetHints":{"allow":["GET"]}}],"collection":[{"href":"https:\/\/ticket.pakruojo-dvaras.lt\/istoriniu-nuotykiu-parkas\/lv\/wp-json\/wp\/v2\/product"}],"about":[{"href":"https:\/\/ticket.pakruojo-dvaras.lt\/istoriniu-nuotykiu-parkas\/lv\/wp-json\/wp\/v2\/types\/product"}],"wp:featuredmedia":[{"embeddable":true,"href":"https:\/\/ticket.pakruojo-dvaras.lt\/istoriniu-nuotykiu-parkas\/lv\/wp-json\/wp\/v2\/media\/372645"}],"wp:attachment":[{"href":"https:\/\/ticket.pakruojo-dvaras.lt\/istoriniu-nuotykiu-parkas\/lv\/wp-json\/wp\/v2\/media?parent=372656"}],"wp:term":[{"taxonomy":"product_brand","embeddable":true,"href":"https:\/\/ticket.pakruojo-dvaras.lt\/istoriniu-nuotykiu-parkas\/lv\/wp-json\/wp\/v2\/product_brand?post=372656"},{"taxonomy":"product_cat","embeddable":true,"href":"https:\/\/ticket.pakruojo-dvaras.lt\/istoriniu-nuotykiu-parkas\/lv\/wp-json\/wp\/v2\/product_cat?post=372656"},{"taxonomy":"product_tag","embeddable":true,"href":"https:\/\/ticket.pakruojo-dvaras.lt\/istoriniu-nuotykiu-parkas\/lv\/wp-json\/wp\/v2\/product_tag?post=372656"}],"curies":[{"name":"wp","href":"https:\/\/api.w.org\/{rel}","templated":true}]}}