{"id":321091,"date":"2024-06-03T10:53:50","date_gmt":"2024-06-03T07:53:54","guid":{"rendered":"https:\/\/ticket.pakruojo-dvaras.lt\/istoriniu-nuotykiu-parkas\/?post_type=product&#038;p=321091"},"modified":"2024-09-02T08:42:47","modified_gmt":"2024-09-02T05:42:47","slug":"bumbulines","status":"publish","type":"product","link":"https:\/\/ticket.pakruojo-dvaras.lt\/istoriniu-nuotykiu-parkas\/lv\/produktas\/bumbulines\/","title":{"rendered":"Bumbulines LV"},"content":{"rendered":"<p>[et_pb_section fb_built=&#8221;1&#8243; _builder_version=&#8221;4.16&#8243; custom_padding=&#8221;0px||42px||false|false&#8221; da_disable_devices=&#8221;off|off|off&#8221; global_colors_info=&#8221;{}&#8221; da_is_popup=&#8221;off&#8221; da_exit_intent=&#8221;off&#8221; da_has_close=&#8221;on&#8221; da_alt_close=&#8221;off&#8221; da_dark_close=&#8221;off&#8221; da_not_modal=&#8221;on&#8221; da_is_singular=&#8221;off&#8221; da_with_loader=&#8221;off&#8221; da_has_shadow=&#8221;on&#8221;][et_pb_row _builder_version=&#8221;4.16&#8243; background_size=&#8221;initial&#8221; background_position=&#8221;top_left&#8221; background_repeat=&#8221;repeat&#8221; width=&#8221;100%&#8221; custom_padding=&#8221;0px||0px||false|false&#8221; global_colors_info=&#8221;{}&#8221;][et_pb_column type=&#8221;4_4&#8243; _builder_version=&#8221;4.16&#8243; custom_padding=&#8221;|||&#8221; global_colors_info=&#8221;{}&#8221; custom_padding__hover=&#8221;|||&#8221;][et_pb_wc_cart_notice _builder_version=&#8221;4.23.4&#8243; background_color=&#8221;#0C71C3&#8243; custom_button=&#8221;on&#8221; button_text_color=&#8221;#FFFFFF&#8221; button_bg_color=&#8221;#dde500&#8243; button_border_color=&#8221;#FFFFFF&#8221; global_colors_info=&#8221;{}&#8221;][\/et_pb_wc_cart_notice][\/et_pb_column][\/et_pb_row][et_pb_row column_structure=&#8221;1_2,1_2&#8243; _builder_version=&#8221;4.16&#8243; background_size=&#8221;initial&#8221; background_position=&#8221;top_left&#8221; background_repeat=&#8221;repeat&#8221; width=&#8221;100%&#8221; custom_padding=&#8221;0px||||false|false&#8221; global_colors_info=&#8221;{}&#8221;][et_pb_column type=&#8221;1_2&#8243; _builder_version=&#8221;4.16&#8243; custom_padding=&#8221;|||&#8221; global_colors_info=&#8221;{}&#8221; custom_padding__hover=&#8221;|||&#8221;][et_pb_text _builder_version=&#8221;4.16&#8243; _module_preset=&#8221;default&#8221; header_2_font_size=&#8221;43px&#8221; global_colors_info=&#8221;{}&#8221;]<\/p>\n<h2>Bi\u013cete<\/h2>\n<p>[\/et_pb_text][et_pb_wc_add_to_cart show_stock=&#8221;off&#8221; field_label_position=&#8221;inline&#8221; _builder_version=&#8221;4.26.0&#8243; fields_text_color=&#8221;#000000&#8243; fields_focus_background_color=&#8221;#f9f9f9&#8243; fields_focus_text_color=&#8221;#000000&#8243; dropdown_menus_focus_background_color=&#8221;#000000&#8243; field_label_font=&#8221;Zahra-medium|||on|||||&#8221; field_label_font_size=&#8221;19px&#8221; field_label_letter_spacing=&#8221;1px&#8221; field_label_line_height=&#8221;0.3em&#8221; dropdown_menus_font_size=&#8221;15px&#8221; custom_button=&#8221;on&#8221; button_text_color=&#8221;#FFFFFF&#8221; button_bg_color=&#8221;#0C71C3&#8243; button_border_color=&#8221;#FFFFFF&#8221; button_font=&#8221;|||on|||||&#8221; global_colors_info=&#8221;{}&#8221;][\/et_pb_wc_add_to_cart][et_pb_wc_description _builder_version=&#8221;4.26.0&#8243; _module_preset=&#8221;default&#8221; global_colors_info=&#8221;{}&#8221;][\/et_pb_wc_description][\/et_pb_column][et_pb_column type=&#8221;1_2&#8243; _builder_version=&#8221;4.16&#8243; _module_preset=&#8221;default&#8221; global_colors_info=&#8221;{}&#8221;][et_pb_image src=&#8221;https:\/\/ticket.pakruojo-dvaras.lt\/istoriniu-nuotykiu-parkas\/wp-content\/uploads\/sites\/15\/2024\/08\/4.png&#8221; title_text=&#8221;4&#8243; disabled_on=&#8221;on|on|off&#8221; _builder_version=&#8221;4.27.0&#8243; _module_preset=&#8221;default&#8221; custom_margin=&#8221;-13px|||||&#8221; custom_padding=&#8221;17px|||||&#8221; global_colors_info=&#8221;{}&#8221;][\/et_pb_image][\/et_pb_column][\/et_pb_row][et_pb_row column_structure=&#8221;1_3,2_3&#8243; use_custom_gutter=&#8221;on&#8221; gutter_width=&#8221;1&#8243; make_equal=&#8221;on&#8221; admin_label=&#8221;Footer Row&#8221; module_class=&#8221; et_pb_row_fullwidth&#8221; _builder_version=&#8221;4.26.0&#8243; background_color=&#8221;#0C71C3&#8243; background_enable_image=&#8221;off&#8221; width=&#8221;100%&#8221; width_tablet=&#8221;100%&#8221; width_phone=&#8221;&#8221; width_last_edited=&#8221;on|desktop&#8221; max_width=&#8221;100%&#8221; max_width_tablet=&#8221;100%&#8221; max_width_phone=&#8221;&#8221; max_width_last_edited=&#8221;on|desktop&#8221; min_height=&#8221;496.4px&#8221; custom_margin=&#8221;-51px|auto|0px|auto|false|false&#8221; custom_padding=&#8221;2px|0px|0px|0px||&#8221; animation_style=&#8221;fade&#8221; make_fullwidth=&#8221;on&#8221; global_colors_info=&#8221;{}&#8221;][et_pb_column type=&#8221;1_3&#8243; _builder_version=&#8221;4.17.3&#8243; background_color=&#8221;RGBA(255,255,255,0)&#8221; background_enable_video_mp4=&#8221;off&#8221; custom_padding=&#8221;0px|10%|0px|10%|false|false&#8221; custom_padding_tablet=&#8221;&#8221; custom_padding_phone=&#8221;&#8221; custom_padding_last_edited=&#8221;on|phone&#8221; global_colors_info=&#8221;{}&#8221; padding_last_edited=&#8221;on|phone&#8221; custom_padding__hover=&#8221;|||&#8221;][et_pb_image src=&#8221;https:\/\/ticket.pakruojo-dvaras.lt\/istoriniu-nuotykiu-parkas\/wp-content\/uploads\/sites\/15\/2022\/10\/Pakruojis-manor-logo_white.png&#8221; title_text=&#8221;Pakruojis manor logo_white&#8221; align=&#8221;center&#8221; _builder_version=&#8221;4.18.0&#8243; _module_preset=&#8221;default&#8221; custom_margin=&#8221;30px||||false|false&#8221; filter_hue_rotate=&#8221;156deg&#8221; filter_saturate=&#8221;94%&#8221; filter_brightness=&#8221;200%&#8221; filter_contrast=&#8221;200%&#8221; filter_sepia=&#8221;100%&#8221; global_colors_info=&#8221;{}&#8221;][\/et_pb_image][\/et_pb_column][et_pb_column type=&#8221;2_3&#8243; _builder_version=&#8221;4.17.3&#8243; background_color=&#8221;RGBA(255,255,255,0)&#8221; custom_padding=&#8221;10px|10%||10%|false|false&#8221; global_colors_info=&#8221;{}&#8221; custom_padding__hover=&#8221;|||&#8221;][et_pb_text _builder_version=&#8221;4.26.0&#8243; _module_preset=&#8221;default&#8221; text_font=&#8221;Zahra-medium||||||||&#8221; header_3_font=&#8221;Zahra-medium||||||||&#8221; header_3_text_color=&#8221;#5e5e5e&#8221; custom_margin=&#8221;19px||||false|false&#8221; global_colors_info=&#8221;{}&#8221;]<\/p>\n<h3>KONTAKTI<\/h3>\n<ul>\n<li>\n<div class=\"footer-column-1\">Galven\u0101 inform\u0101cija<\/div>\n<div class=\"footer-column-2\">\n<div><a href=\"tel:+37068665055\">+370 686 650 55<\/a><\/div>\n<div><a href=\"mailto:info@pakruojo-dvaras.lt\">info@pakruojo-dvaras.lt<\/a><\/div>\n<\/div>\n<\/li>\n<li>\n<div class=\"footer-column-1\">Viesn\u012bca<\/div>\n<div class=\"footer-column-2\">\n<div><a href=\"tel:+37065749700\">+370 657 497 00<\/a><\/div>\n<div><a href=\"mailto:hotel@pakruojo-dvaras.lt\">hotel@pakruojo-dvaras.lt<\/a><\/div>\n<\/div>\n<\/li>\n<li>\n<div class=\"footer-column-1\">Krogs Traktierius<\/div>\n<div class=\"footer-column-2\">\n<div><a href=\"tel:+37068241155\">+370 682 411 55<\/a><\/div>\n<div><a href=\"mailto:meniu@pakruojo-dvaras.lt\">meniu@pakruojo-dvaras.lt<\/a><\/div>\n<\/div>\n<\/li>\n<li><\/li>\n<\/ul>\n<p>[\/et_pb_text][et_pb_menu menu_id=&#8221;124&#8243; active_link_color=&#8221;#E09900&#8243; module_class=&#8221;pa-open-mobile-menu&#8221; _builder_version=&#8221;4.26.0&#8243; _module_preset=&#8221;default&#8221; menu_font=&#8221;Zahra-medium|||on|||||&#8221; menu_text_color=&#8221;#FFFFFF&#8221; background_color=&#8221;RGBA(255,255,255,0)&#8221; custom_margin=&#8221;11px|||||&#8221; custom_padding=&#8221;||6px|||&#8221; global_colors_info=&#8221;{}&#8221;][\/et_pb_menu][et_pb_image src=&#8221;https:\/\/ticket.pakruojo-dvaras.lt\/istoriniu-nuotykiu-parkas\/wp-content\/uploads\/sites\/15\/2022\/02\/Visa_Brandmark_White_RGB_2021-1-e1643793721863.png&#8221; title_text=&#8221;Visa_Brandmark_White_RGB_2021&#8243; align=&#8221;right&#8221; _builder_version=&#8221;4.16&#8243; _module_preset=&#8221;default&#8221; custom_margin=&#8221;4px|76px|||false|false&#8221; custom_padding=&#8221;||0px|||&#8221; global_colors_info=&#8221;{}&#8221;][\/et_pb_image][et_pb_image src=&#8221;https:\/\/ticket.pakruojo-dvaras.lt\/istoriniu-nuotykiu-parkas\/wp-content\/uploads\/sites\/15\/2022\/02\/mc_symbol_opt_45_2x.png&#8221; title_text=&#8221;mc_symbol_opt_45_2x&#8221; _builder_version=&#8221;4.16&#8243; _module_preset=&#8221;default&#8221; width=&#8221;16%&#8221; width_tablet=&#8221;16%&#8221; width_phone=&#8221;15%&#8221; width_last_edited=&#8221;on|phone&#8221; max_width=&#8221;65%&#8221; module_alignment=&#8221;center&#8221; custom_margin=&#8221;-26px|-371px|-16px||false|false&#8221; custom_margin_tablet=&#8221;-52px||||false|false&#8221; custom_margin_phone=&#8221;-52px||||false|false&#8221; custom_margin_last_edited=&#8221;on|phone&#8221; custom_padding=&#8221;|0px||||&#8221; global_colors_info=&#8221;{}&#8221;][\/et_pb_image][\/et_pb_column][\/et_pb_row][\/et_pb_section]<\/p>\n","protected":false},"excerpt":{"rendered":"<p><strong>P\u0113rkot bi\u013cetes\u00a0D\u0100VANA\u00a0\u2013\u00a0Delfi\u00a0Abonements!<\/strong><\/p>\n<p><strong>BI\u013bETES:<\/strong><br \/>\n<strong>Pieaugu\u0161ie<\/strong> \u2013 10 EUR\/pers. (12 EUR, p\u0113rkot uz vietas)<br \/>\n<strong>B\u0113rni no 6 gadiem, studenti, pension\u0101ri, inval\u012bdi <\/strong>\u2013 8 EUR\/pers. (10 EUR, p\u0113rkot uz vietas).<br \/>\n<strong>BI\u013bETE 3 person\u0101m<\/strong> (2 pieaugu\u0161ie un 1 b\u0113rns vecum\u0101 no 5 l\u012bdz 17 gadiem (ieskaitot) vai 1 pieaugu\u0161ais un 2 b\u0113rni vecum\u0101 no 5 l\u012bdz 17 gadiem (ieskaitot) \u2013 25 EUR (31 EUR, p\u0113rkot uz vietas).\u00a0 \u00a0 \u00a0 \u00a0 \u00a0 \u00a0 \u00a0 \u00a0 \u00a0 \u00a0 \u00a0 \u00a0 \u00a0 \u00a0 \u00a0 <strong>Plus viens b\u0113rns \u0123imenes bi\u013cetei \u2013 <\/strong>7 EUR. (9 EUR, p\u0113rkot uz vietas).<\/p>\n<p><strong>B\u0113rniem l\u012bdz 5 gadu vecumam (ieskaitot)<\/strong> \u2013 bez maksas.<\/p>\n<p>Bi\u013cetes nav atmaks\u0101jamas. Katrai bi\u013cetei tiek piem\u0113rota apkalpo\u0161anas maksa EUR 0,80.<\/p>\n<p>\u201cBumbulines\u201d bi\u013cetes nav der\u012bgas ieejai citos mui\u017eas pas\u0101kumos.<\/p>\n<p><strong>VARB\u016aT PL\u0100NOJ\u0100T ATP\u016aTU AR IZMITIN\u0100\u0160ANU?<\/strong> \u0160aj\u0101 gad\u012bjum\u0101 aicin\u0101m sazin\u0101ties ar m\u016bsu viesn\u012bcas administr\u0101ciju: hotel@pakruojo-dvaras.lt<\/p>\n","protected":false},"featured_media":357057,"template":"","meta":{"_acf_changed":false,"_et_pb_use_builder":"on","_et_pb_old_content":"","_et_gb_content_width":""},"product_brand":[],"product_cat":[83],"product_tag":[],"class_list":{"0":"post-321091","1":"product","2":"type-product","3":"status-publish","4":"has-post-thumbnail","6":"product_cat-renginys-lv","7":"pa_bileto-tipas-berniem-no-12-gadiem-studentiem-senioriem-invalidiem","8":"pa_bileto-tipas-berniem-no-6-lidz-11-gadiem","9":"pa_bileto-tipas-gimenes-bilete-21","10":"pa_bileto-tipas-gimenes-bilete-22","11":"pa_bileto-tipas-pap_bernu","12":"pa_bileto-tipas-pieaugusajiem-lv","13":"pa_bileto-tipas-pusdienas","14":"pa_bileto-tipas-skolniekiem-studentiem-senjoriem","16":"first","17":"outofstock","18":"sale","19":"shipping-taxable","20":"purchasable","21":"product-type-variable"},"acf":[],"_links":{"self":[{"href":"https:\/\/ticket.pakruojo-dvaras.lt\/istoriniu-nuotykiu-parkas\/lv\/wp-json\/wp\/v2\/product\/321091","targetHints":{"allow":["GET"]}}],"collection":[{"href":"https:\/\/ticket.pakruojo-dvaras.lt\/istoriniu-nuotykiu-parkas\/lv\/wp-json\/wp\/v2\/product"}],"about":[{"href":"https:\/\/ticket.pakruojo-dvaras.lt\/istoriniu-nuotykiu-parkas\/lv\/wp-json\/wp\/v2\/types\/product"}],"wp:featuredmedia":[{"embeddable":true,"href":"https:\/\/ticket.pakruojo-dvaras.lt\/istoriniu-nuotykiu-parkas\/lv\/wp-json\/wp\/v2\/media\/357057"}],"wp:attachment":[{"href":"https:\/\/ticket.pakruojo-dvaras.lt\/istoriniu-nuotykiu-parkas\/lv\/wp-json\/wp\/v2\/media?parent=321091"}],"wp:term":[{"taxonomy":"product_brand","embeddable":true,"href":"https:\/\/ticket.pakruojo-dvaras.lt\/istoriniu-nuotykiu-parkas\/lv\/wp-json\/wp\/v2\/product_brand?post=321091"},{"taxonomy":"product_cat","embeddable":true,"href":"https:\/\/ticket.pakruojo-dvaras.lt\/istoriniu-nuotykiu-parkas\/lv\/wp-json\/wp\/v2\/product_cat?post=321091"},{"taxonomy":"product_tag","embeddable":true,"href":"https:\/\/ticket.pakruojo-dvaras.lt\/istoriniu-nuotykiu-parkas\/lv\/wp-json\/wp\/v2\/product_tag?post=321091"}],"curies":[{"name":"wp","href":"https:\/\/api.w.org\/{rel}","templated":true}]}}