{"id":302655,"date":"2024-05-03T14:45:10","date_gmt":"2024-05-03T11:45:10","guid":{"rendered":"https:\/\/ticket.pakruojo-dvaras.lt\/grazink-pavasari-ua\/?post_type=product&#038;p=302655"},"modified":"2024-05-03T14:51:06","modified_gmt":"2024-05-03T11:51:06","slug":"basu-pedu-tako-inkilas-lv-kopija1","status":"publish","type":"product","link":"https:\/\/ticket.pakruojo-dvaras.lt\/grazink-pavasari-ua\/produktas\/basu-pedu-tako-inkilas-lv-kopija1\/","title":{"rendered":"Bas\u0173 p\u0117d\u0173 tako inkilas (LV)"},"content":{"rendered":"","protected":false},"excerpt":{"rendered":"<p>Unikalus, vienetinis darbas.<\/p>\n<p>Autoriai: pirm\u0173j\u0173 Baltijos \u0161alyse Bas\u0173 p\u0117d\u0173 tako (\u201cValguma pasaule\u201d) kolektyvas.<br \/>\nMatmenys: 76 cm x 25 cm x 25 cm<\/p>\n","protected":false},"featured_media":301104,"template":"","meta":{"_acf_changed":false,"_et_pb_use_builder":"","_et_pb_old_content":"","_et_gb_content_width":""},"product_brand":[],"product_cat":[142,148],"product_tag":[],"class_list":{"0":"post-302655","1":"product","2":"type-product","3":"status-publish","4":"has-post-thumbnail","6":"product_cat-aukcionas","7":"product_cat-latviu-kureju-inkilai","9":"first","10":"instock","11":"sold-individually","12":"shipping-taxable","13":"product-type-auction"},"acf":[],"_links":{"self":[{"href":"https:\/\/ticket.pakruojo-dvaras.lt\/grazink-pavasari-ua\/wp-json\/wp\/v2\/product\/302655","targetHints":{"allow":["GET"]}}],"collection":[{"href":"https:\/\/ticket.pakruojo-dvaras.lt\/grazink-pavasari-ua\/wp-json\/wp\/v2\/product"}],"about":[{"href":"https:\/\/ticket.pakruojo-dvaras.lt\/grazink-pavasari-ua\/wp-json\/wp\/v2\/types\/product"}],"wp:featuredmedia":[{"embeddable":true,"href":"https:\/\/ticket.pakruojo-dvaras.lt\/grazink-pavasari-ua\/wp-json\/wp\/v2\/media\/301104"}],"wp:attachment":[{"href":"https:\/\/ticket.pakruojo-dvaras.lt\/grazink-pavasari-ua\/wp-json\/wp\/v2\/media?parent=302655"}],"wp:term":[{"taxonomy":"product_brand","embeddable":true,"href":"https:\/\/ticket.pakruojo-dvaras.lt\/grazink-pavasari-ua\/wp-json\/wp\/v2\/product_brand?post=302655"},{"taxonomy":"product_cat","embeddable":true,"href":"https:\/\/ticket.pakruojo-dvaras.lt\/grazink-pavasari-ua\/wp-json\/wp\/v2\/product_cat?post=302655"},{"taxonomy":"product_tag","embeddable":true,"href":"https:\/\/ticket.pakruojo-dvaras.lt\/grazink-pavasari-ua\/wp-json\/wp\/v2\/product_tag?post=302655"}],"curies":[{"name":"wp","href":"https:\/\/api.w.org\/{rel}","templated":true}]}}