{"id":302402,"date":"2024-04-18T05:16:24","date_gmt":"2024-04-18T02:16:24","guid":{"rendered":"https:\/\/ticket.pakruojo-dvaras.lt\/grazink-pavasari-ua\/?post_type=product&#038;p=302402"},"modified":"2024-07-18T12:16:28","modified_gmt":"2024-07-18T09:16:28","slug":"tomo-dimsos-inkilas","status":"publish","type":"product","link":"https:\/\/ticket.pakruojo-dvaras.lt\/grazink-pavasari-ua\/produktas\/tomo-dimsos-inkilas\/","title":{"rendered":"Krep\u0161ininko Tomo Dim\u0161os inkilas"},"content":{"rendered":"","protected":false},"excerpt":{"rendered":"<p>Unikalus, vienetinis inkilas.<\/p>\n<p>Autorius &#8211; krep\u0161ininkas, rungtyniaujantis Kauno \u201e\u017dalgirio\u201c klube, Tomas Dim\u0161a.<\/p>\n<p>D\u0116MESIO! \u012esigytas inkilas bus jums i\u0161si\u0173stas pasibaigus paramos akcijai ir i\u0161\u0117mus i\u0161 ekspozicijos \u2013 liepos prad\u017eioje. Inkilai \u0161iuo metu yra i\u0161kelti bendroje ekspozicijoje dvare po atviru dangumi, tad iki akcijos pabaigos inkilas gali b\u016bti paveiktas gamtos s\u0105lyg\u0173 ir\/ar jame buv\u0119s apsigyven\u0119s pauk\u0161tis.<\/p>\n","protected":false},"featured_media":302221,"template":"","meta":{"_acf_changed":false,"_et_pb_use_builder":"","_et_pb_old_content":"","_et_gb_content_width":""},"product_brand":[],"product_cat":[142,158],"product_tag":[],"class_list":{"0":"post-302402","1":"product","2":"type-product","3":"status-publish","4":"has-post-thumbnail","6":"product_cat-aukcionas","7":"product_cat-izymybes","9":"first","10":"instock","11":"sold-individually","12":"shipping-taxable","13":"product-type-auction"},"acf":[],"_links":{"self":[{"href":"https:\/\/ticket.pakruojo-dvaras.lt\/grazink-pavasari-ua\/wp-json\/wp\/v2\/product\/302402","targetHints":{"allow":["GET"]}}],"collection":[{"href":"https:\/\/ticket.pakruojo-dvaras.lt\/grazink-pavasari-ua\/wp-json\/wp\/v2\/product"}],"about":[{"href":"https:\/\/ticket.pakruojo-dvaras.lt\/grazink-pavasari-ua\/wp-json\/wp\/v2\/types\/product"}],"wp:featuredmedia":[{"embeddable":true,"href":"https:\/\/ticket.pakruojo-dvaras.lt\/grazink-pavasari-ua\/wp-json\/wp\/v2\/media\/302221"}],"wp:attachment":[{"href":"https:\/\/ticket.pakruojo-dvaras.lt\/grazink-pavasari-ua\/wp-json\/wp\/v2\/media?parent=302402"}],"wp:term":[{"taxonomy":"product_brand","embeddable":true,"href":"https:\/\/ticket.pakruojo-dvaras.lt\/grazink-pavasari-ua\/wp-json\/wp\/v2\/product_brand?post=302402"},{"taxonomy":"product_cat","embeddable":true,"href":"https:\/\/ticket.pakruojo-dvaras.lt\/grazink-pavasari-ua\/wp-json\/wp\/v2\/product_cat?post=302402"},{"taxonomy":"product_tag","embeddable":true,"href":"https:\/\/ticket.pakruojo-dvaras.lt\/grazink-pavasari-ua\/wp-json\/wp\/v2\/product_tag?post=302402"}],"curies":[{"name":"wp","href":"https:\/\/api.w.org\/{rel}","templated":true}]}}