{"id":301789,"date":"2024-04-01T20:19:27","date_gmt":"2024-04-01T17:19:27","guid":{"rendered":"https:\/\/ticket.pakruojo-dvaras.lt\/grazink-pavasari-ua\/?post_type=product&#038;p=301789"},"modified":"2024-07-18T12:21:15","modified_gmt":"2024-07-18T09:21:15","slug":"mindaugo-griskonio-ir-atenes-griskonytes-inkilas","status":"publish","type":"product","link":"https:\/\/ticket.pakruojo-dvaras.lt\/grazink-pavasari-ua\/produktas\/mindaugo-griskonio-ir-atenes-griskonytes-inkilas\/","title":{"rendered":"Mindaugo Gri\u0161konio ir At\u0117n\u0117s Gri\u0161konyt\u0117s inkilas"},"content":{"rendered":"","protected":false},"excerpt":{"rendered":"<p>Unikalus, vienetinis inkilas.<\/p>\n<p>Autoriai &#8211; Lietuvos irkluotojas, daugkartinis Europos ir Lietuvos \u010dempionas Mindaugas Gri\u0161konis ir dukra At\u0117n\u0117 Gri\u0161konyt\u0117.<\/p>\n<p>D\u0116MESIO! \u012esigytas inkilas bus jums i\u0161si\u0173stas pasibaigus paramos akcijai ir i\u0161\u0117mus i\u0161 ekspozicijos \u2013 liepos prad\u017eioje. Inkilai \u0161iuo metu yra i\u0161kelti bendroje ekspozicijoje dvare po atviru dangumi, tad iki akcijos pabaigos inkilas gali b\u016bti paveiktas gamtos s\u0105lyg\u0173 ir\/ar jame buv\u0119s apsigyven\u0119s pauk\u0161tis.<\/p>\n","protected":false},"featured_media":301545,"template":"","meta":{"_acf_changed":false,"_et_pb_use_builder":"","_et_pb_old_content":"","_et_gb_content_width":""},"product_brand":[],"product_cat":[142,147,158],"product_tag":[],"class_list":{"0":"post-301789","1":"product","2":"type-product","3":"status-publish","4":"has-post-thumbnail","6":"product_cat-aukcionas","7":"product_cat-busimi-aukcionai","8":"product_cat-izymybes","10":"first","11":"instock","12":"sold-individually","13":"shipping-taxable","14":"product-type-auction"},"acf":[],"_links":{"self":[{"href":"https:\/\/ticket.pakruojo-dvaras.lt\/grazink-pavasari-ua\/wp-json\/wp\/v2\/product\/301789","targetHints":{"allow":["GET"]}}],"collection":[{"href":"https:\/\/ticket.pakruojo-dvaras.lt\/grazink-pavasari-ua\/wp-json\/wp\/v2\/product"}],"about":[{"href":"https:\/\/ticket.pakruojo-dvaras.lt\/grazink-pavasari-ua\/wp-json\/wp\/v2\/types\/product"}],"wp:featuredmedia":[{"embeddable":true,"href":"https:\/\/ticket.pakruojo-dvaras.lt\/grazink-pavasari-ua\/wp-json\/wp\/v2\/media\/301545"}],"wp:attachment":[{"href":"https:\/\/ticket.pakruojo-dvaras.lt\/grazink-pavasari-ua\/wp-json\/wp\/v2\/media?parent=301789"}],"wp:term":[{"taxonomy":"product_brand","embeddable":true,"href":"https:\/\/ticket.pakruojo-dvaras.lt\/grazink-pavasari-ua\/wp-json\/wp\/v2\/product_brand?post=301789"},{"taxonomy":"product_cat","embeddable":true,"href":"https:\/\/ticket.pakruojo-dvaras.lt\/grazink-pavasari-ua\/wp-json\/wp\/v2\/product_cat?post=301789"},{"taxonomy":"product_tag","embeddable":true,"href":"https:\/\/ticket.pakruojo-dvaras.lt\/grazink-pavasari-ua\/wp-json\/wp\/v2\/product_tag?post=301789"}],"curies":[{"name":"wp","href":"https:\/\/api.w.org\/{rel}","templated":true}]}}