{"id":300698,"date":"2024-04-09T21:26:57","date_gmt":"2024-04-09T18:26:57","guid":{"rendered":"https:\/\/ticket.pakruojo-dvaras.lt\/grazink-pavasari-ua\/?post_type=product&#038;p=300698"},"modified":"2024-06-10T21:02:36","modified_gmt":"2024-06-10T18:02:36","slug":"vilniaus-r-pagiriu-lopselio-darzelio-peledziukas-stirniuku-grupes-inkilas","status":"publish","type":"product","link":"https:\/\/ticket.pakruojo-dvaras.lt\/grazink-pavasari-ua\/produktas\/vilniaus-r-pagiriu-lopselio-darzelio-peledziukas-stirniuku-grupes-inkilas\/","title":{"rendered":"Vilniaus r. Pagiri\u0173 lop\u0161elio-dar\u017eelio &#8222;Pel\u0117d\u017eiukas&#8221;, &#8222;Stirniuk\u0173&#8221; grup\u0117s inkilas"},"content":{"rendered":"","protected":false},"excerpt":{"rendered":"<p>Unikalus, vienetinis darbas &#8222;Margaspalviai sparnai&#8221;.<\/p>\n<p>Inkil\u0105 suk\u016br\u0117 Vilniaus r. Pagiri\u0173 lop\u0161elio-dar\u017eelio &#8222;Pel\u0117d\u017eiukai&#8221;, &#8222;Stirniuk\u0173&#8221; grup\u0117s vaikai.<\/p>\n<p>&nbsp;<\/p>\n<div class=\"woocommerce-product-details__short-description\">\n<p>D\u0116MESIO! \u012esigytas inkilas bus jums i\u0161si\u0173stas pasibaigus paramos akcijai ir i\u0161\u0117mus i\u0161 ekspozicijos \u2013 liepos prad\u017eioje. Inkilai \u0161iuo metu yra i\u0161kelti bendroje ekspozicijoje dvare po atviru dangumi, tad iki akcijos pabaigos inkilas gali b\u016bti paveiktas gamtos s\u0105lyg\u0173 ir\/ar jame buv\u0119s apsigyven\u0119s pauk\u0161tis.<\/p>\n<\/div>\n<div class=\"auction-ajax-change\"><\/div>\n","protected":false},"featured_media":300138,"template":"","meta":{"_acf_changed":false,"_et_pb_use_builder":"","_et_pb_old_content":"","_et_gb_content_width":""},"product_brand":[],"product_cat":[142,151],"product_tag":[],"class_list":{"0":"post-300698","1":"product","2":"type-product","3":"status-publish","4":"has-post-thumbnail","6":"product_cat-aukcionas","7":"product_cat-darzeliai","9":"first","10":"instock","11":"sold-individually","12":"shipping-taxable","13":"product-type-auction"},"acf":[],"_links":{"self":[{"href":"https:\/\/ticket.pakruojo-dvaras.lt\/grazink-pavasari-ua\/wp-json\/wp\/v2\/product\/300698","targetHints":{"allow":["GET"]}}],"collection":[{"href":"https:\/\/ticket.pakruojo-dvaras.lt\/grazink-pavasari-ua\/wp-json\/wp\/v2\/product"}],"about":[{"href":"https:\/\/ticket.pakruojo-dvaras.lt\/grazink-pavasari-ua\/wp-json\/wp\/v2\/types\/product"}],"wp:featuredmedia":[{"embeddable":true,"href":"https:\/\/ticket.pakruojo-dvaras.lt\/grazink-pavasari-ua\/wp-json\/wp\/v2\/media\/300138"}],"wp:attachment":[{"href":"https:\/\/ticket.pakruojo-dvaras.lt\/grazink-pavasari-ua\/wp-json\/wp\/v2\/media?parent=300698"}],"wp:term":[{"taxonomy":"product_brand","embeddable":true,"href":"https:\/\/ticket.pakruojo-dvaras.lt\/grazink-pavasari-ua\/wp-json\/wp\/v2\/product_brand?post=300698"},{"taxonomy":"product_cat","embeddable":true,"href":"https:\/\/ticket.pakruojo-dvaras.lt\/grazink-pavasari-ua\/wp-json\/wp\/v2\/product_cat?post=300698"},{"taxonomy":"product_tag","embeddable":true,"href":"https:\/\/ticket.pakruojo-dvaras.lt\/grazink-pavasari-ua\/wp-json\/wp\/v2\/product_tag?post=300698"}],"curies":[{"name":"wp","href":"https:\/\/api.w.org\/{rel}","templated":true}]}}