{"id":300418,"date":"2024-03-20T14:02:45","date_gmt":"2024-03-20T12:02:45","guid":{"rendered":"https:\/\/ticket.pakruojo-dvaras.lt\/grazink-pavasari-ua\/?post_type=product&#038;p=300418"},"modified":"2024-06-10T21:07:42","modified_gmt":"2024-06-10T18:07:42","slug":"vilniaus-martyno-mazvydo-progimnazijos-burelio-darau-droziu-pats-inkilas","status":"publish","type":"product","link":"https:\/\/ticket.pakruojo-dvaras.lt\/grazink-pavasari-ua\/produktas\/vilniaus-martyno-mazvydo-progimnazijos-burelio-darau-droziu-pats-inkilas\/","title":{"rendered":"Vilniaus Martyno Ma\u017evydo progimnazijos b\u016br\u0117lio &#8222;Darau-dro\u017eiu pats&#8221; inkilas"},"content":{"rendered":"","protected":false},"excerpt":{"rendered":"<p>Unikalus, vienetinis inkilas &#8222;Laisv\u0117s pauk\u0161tis&#8221;<\/p>\n<p>Inkil\u0105 suk\u016br\u0117 Vilniaus Martyno Ma\u017evydo progimnazijos 5-6 klasi\u0173 moksleivi\u0173 b\u016brelis &#8222;Darau-dro\u017eiu pats&#8221;. Technologij\u0173 mokytojas &#8211; Virginijus Bartkevi\u010dius.<\/p>\n<div class=\"woocommerce-product-details__short-description\">\n<p>D\u0116MESIO! \u012esigytas inkilas bus jums i\u0161si\u0173stas pasibaigus paramos akcijai ir i\u0161\u0117mus i\u0161 ekspozicijos \u2013 liepos prad\u017eioje. Inkilai \u0161iuo metu yra i\u0161kelti bendroje ekspozicijoje dvare po atviru dangumi, tad iki akcijos pabaigos inkilas gali b\u016bti paveiktas gamtos s\u0105lyg\u0173 ir\/ar jame buv\u0119s apsigyven\u0119s pauk\u0161tis.<\/p>\n<\/div>\n<div class=\"auction-ajax-change\"><\/div>\n","protected":false},"featured_media":300444,"template":"","meta":{"_acf_changed":false,"_et_pb_use_builder":"","_et_pb_old_content":"","_et_gb_content_width":""},"product_brand":[],"product_cat":[142,147,151],"product_tag":[],"class_list":{"0":"post-300418","1":"product","2":"type-product","3":"status-publish","4":"has-post-thumbnail","6":"product_cat-aukcionas","7":"product_cat-busimi-aukcionai","8":"product_cat-darzeliai","10":"first","11":"instock","12":"sold-individually","13":"shipping-taxable","14":"product-type-auction"},"acf":[],"_links":{"self":[{"href":"https:\/\/ticket.pakruojo-dvaras.lt\/grazink-pavasari-ua\/wp-json\/wp\/v2\/product\/300418","targetHints":{"allow":["GET"]}}],"collection":[{"href":"https:\/\/ticket.pakruojo-dvaras.lt\/grazink-pavasari-ua\/wp-json\/wp\/v2\/product"}],"about":[{"href":"https:\/\/ticket.pakruojo-dvaras.lt\/grazink-pavasari-ua\/wp-json\/wp\/v2\/types\/product"}],"wp:featuredmedia":[{"embeddable":true,"href":"https:\/\/ticket.pakruojo-dvaras.lt\/grazink-pavasari-ua\/wp-json\/wp\/v2\/media\/300444"}],"wp:attachment":[{"href":"https:\/\/ticket.pakruojo-dvaras.lt\/grazink-pavasari-ua\/wp-json\/wp\/v2\/media?parent=300418"}],"wp:term":[{"taxonomy":"product_brand","embeddable":true,"href":"https:\/\/ticket.pakruojo-dvaras.lt\/grazink-pavasari-ua\/wp-json\/wp\/v2\/product_brand?post=300418"},{"taxonomy":"product_cat","embeddable":true,"href":"https:\/\/ticket.pakruojo-dvaras.lt\/grazink-pavasari-ua\/wp-json\/wp\/v2\/product_cat?post=300418"},{"taxonomy":"product_tag","embeddable":true,"href":"https:\/\/ticket.pakruojo-dvaras.lt\/grazink-pavasari-ua\/wp-json\/wp\/v2\/product_tag?post=300418"}],"curies":[{"name":"wp","href":"https:\/\/api.w.org\/{rel}","templated":true}]}}