{"id":299740,"date":"2024-03-21T20:29:47","date_gmt":"2024-03-21T18:29:47","guid":{"rendered":"https:\/\/ticket.pakruojo-dvaras.lt\/grazink-pavasari-ua\/?post_type=product&#038;p=299740"},"modified":"2024-06-10T21:12:58","modified_gmt":"2024-06-10T18:12:58","slug":"kauno-motiejaus-valanciaus-mokyklos-darzelio-priesmokyklines-grupes-kodelciukai-inkilas-2","status":"publish","type":"product","link":"https:\/\/ticket.pakruojo-dvaras.lt\/grazink-pavasari-ua\/produktas\/kauno-motiejaus-valanciaus-mokyklos-darzelio-priesmokyklines-grupes-kodelciukai-inkilas-2\/","title":{"rendered":"Kauno Motiejaus Valan\u010diaus mokyklos-dar\u017eelio prie\u0161mokyklin\u0117s grup\u0117s &#8222;Kod\u0117l\u010diukai&#8221; inkilas #2"},"content":{"rendered":"","protected":false},"excerpt":{"rendered":"<p>Unikalus, vienetinis darbas.<\/p>\n<p>Inkil\u0105 suk\u016br\u0117 Kauno Motiejaus Valan\u010diaus mokyklos-dar\u017eelio prie\u0161mokyklin\u0117s grup\u0117s &#8222;Kod\u0117l\u010diukai&#8221; vaikai. Pedagoge\u0307 Modesta Lebedyte\u0307.<\/p>\n","protected":false},"featured_media":299559,"template":"","meta":{"_acf_changed":false,"_et_pb_use_builder":"","_et_pb_old_content":"","_et_gb_content_width":""},"product_brand":[],"product_cat":[142],"product_tag":[],"class_list":{"0":"post-299740","1":"product","2":"type-product","3":"status-publish","4":"has-post-thumbnail","6":"product_cat-aukcionas","8":"first","9":"instock","10":"sold-individually","11":"shipping-taxable","12":"product-type-auction"},"acf":[],"_links":{"self":[{"href":"https:\/\/ticket.pakruojo-dvaras.lt\/grazink-pavasari-ua\/wp-json\/wp\/v2\/product\/299740","targetHints":{"allow":["GET"]}}],"collection":[{"href":"https:\/\/ticket.pakruojo-dvaras.lt\/grazink-pavasari-ua\/wp-json\/wp\/v2\/product"}],"about":[{"href":"https:\/\/ticket.pakruojo-dvaras.lt\/grazink-pavasari-ua\/wp-json\/wp\/v2\/types\/product"}],"wp:featuredmedia":[{"embeddable":true,"href":"https:\/\/ticket.pakruojo-dvaras.lt\/grazink-pavasari-ua\/wp-json\/wp\/v2\/media\/299559"}],"wp:attachment":[{"href":"https:\/\/ticket.pakruojo-dvaras.lt\/grazink-pavasari-ua\/wp-json\/wp\/v2\/media?parent=299740"}],"wp:term":[{"taxonomy":"product_brand","embeddable":true,"href":"https:\/\/ticket.pakruojo-dvaras.lt\/grazink-pavasari-ua\/wp-json\/wp\/v2\/product_brand?post=299740"},{"taxonomy":"product_cat","embeddable":true,"href":"https:\/\/ticket.pakruojo-dvaras.lt\/grazink-pavasari-ua\/wp-json\/wp\/v2\/product_cat?post=299740"},{"taxonomy":"product_tag","embeddable":true,"href":"https:\/\/ticket.pakruojo-dvaras.lt\/grazink-pavasari-ua\/wp-json\/wp\/v2\/product_tag?post=299740"}],"curies":[{"name":"wp","href":"https:\/\/api.w.org\/{rel}","templated":true}]}}