{"id":298813,"date":"2024-03-26T19:45:29","date_gmt":"2024-03-26T17:45:29","guid":{"rendered":"https:\/\/ticket.pakruojo-dvaras.lt\/grazink-pavasari-ua\/?post_type=product&#038;p=298813"},"modified":"2024-04-03T18:20:25","modified_gmt":"2024-04-03T15:20:25","slug":"kupiskio-lauryno-stuokos-guceviciaus-gimnazijos-inkilas-1-2","status":"publish","type":"product","link":"https:\/\/ticket.pakruojo-dvaras.lt\/grazink-pavasari-ua\/produktas\/kupiskio-lauryno-stuokos-guceviciaus-gimnazijos-inkilas-1-2\/","title":{"rendered":"Kupi\u0161kio Lauryno Stuokos-Gucevi\u010diaus gimnazijos inkilas 2"},"content":{"rendered":"","protected":false},"excerpt":{"rendered":"<p>Unikalus, vienetinis darbas.<\/p>\n<p>Autorius: Kupi\u0161kio Lauryno Stuokos-Gucevi\u010diaus gimnazijos mokin\u0117s Egl\u0117 Janu\u0161kait\u0117 ir Nina Petraityt\u0117<\/p>\n<p>Mokytojai: Lena Zinien\u0117, Evaldas Bagdonavi\u010dius.<\/p>\n<p>D\u0116MESIO! \u012esigytas inkilas bus jums i\u0161si\u0173stas pasibaigus paramos akcijai ir i\u0161\u0117mus i\u0161 ekspozicijos \u2013 liepos prad\u017eioje. Inkilai \u0161iuo metu yra i\u0161kelti bendroje ekspozicijoje dvare po atviru dangumi, tad iki akcijos pabaigos inkilas gali b\u016bti paveiktas gamtos s\u0105lyg\u0173 ir\/ar jame buv\u0119s apsigyven\u0119s pauk\u0161tis.<\/p>\n","protected":false},"featured_media":298814,"template":"","meta":{"_acf_changed":false,"_et_pb_use_builder":"","_et_pb_old_content":"","_et_gb_content_width":""},"product_brand":[],"product_cat":[142,151],"product_tag":[],"class_list":{"0":"post-298813","1":"product","2":"type-product","3":"status-publish","4":"has-post-thumbnail","6":"product_cat-aukcionas","7":"product_cat-darzeliai","9":"first","10":"outofstock","11":"sold-individually","12":"shipping-taxable","13":"product-type-auction"},"acf":[],"_links":{"self":[{"href":"https:\/\/ticket.pakruojo-dvaras.lt\/grazink-pavasari-ua\/wp-json\/wp\/v2\/product\/298813","targetHints":{"allow":["GET"]}}],"collection":[{"href":"https:\/\/ticket.pakruojo-dvaras.lt\/grazink-pavasari-ua\/wp-json\/wp\/v2\/product"}],"about":[{"href":"https:\/\/ticket.pakruojo-dvaras.lt\/grazink-pavasari-ua\/wp-json\/wp\/v2\/types\/product"}],"wp:featuredmedia":[{"embeddable":true,"href":"https:\/\/ticket.pakruojo-dvaras.lt\/grazink-pavasari-ua\/wp-json\/wp\/v2\/media\/298814"}],"wp:attachment":[{"href":"https:\/\/ticket.pakruojo-dvaras.lt\/grazink-pavasari-ua\/wp-json\/wp\/v2\/media?parent=298813"}],"wp:term":[{"taxonomy":"product_brand","embeddable":true,"href":"https:\/\/ticket.pakruojo-dvaras.lt\/grazink-pavasari-ua\/wp-json\/wp\/v2\/product_brand?post=298813"},{"taxonomy":"product_cat","embeddable":true,"href":"https:\/\/ticket.pakruojo-dvaras.lt\/grazink-pavasari-ua\/wp-json\/wp\/v2\/product_cat?post=298813"},{"taxonomy":"product_tag","embeddable":true,"href":"https:\/\/ticket.pakruojo-dvaras.lt\/grazink-pavasari-ua\/wp-json\/wp\/v2\/product_tag?post=298813"}],"curies":[{"name":"wp","href":"https:\/\/api.w.org\/{rel}","templated":true}]}}