{"id":298442,"date":"2024-03-20T15:02:50","date_gmt":"2024-03-20T13:02:50","guid":{"rendered":"https:\/\/ticket.pakruojo-dvaras.lt\/grazink-pavasari-ua\/?post_type=product&#038;p=298442"},"modified":"2024-05-13T14:07:44","modified_gmt":"2024-05-13T11:07:44","slug":"uab-peikko-lietuva-inkilas-1","status":"publish","type":"product","link":"https:\/\/ticket.pakruojo-dvaras.lt\/grazink-pavasari-ua\/produktas\/uab-peikko-lietuva-inkilas-1\/","title":{"rendered":"UAB &#8222;Peikko Lietuva&#8221; inkilas #1"},"content":{"rendered":"","protected":false},"excerpt":{"rendered":"<p>UAB &#8222;Peikko Lietuva&#8221; darbuotoj\u0173 savo rankomis pagamintas inkilas, dekoruotas pa\u010di\u0173 sukurtais ornamentais i\u0161 plieno. Unikalus, vienetinis darbas.<\/p>\n<p>Autorius: UAB &#8222;Peikko Lietuva&#8221; darbuotojai<\/p>\n","protected":false},"featured_media":298443,"template":"","meta":{"_acf_changed":false,"_et_pb_use_builder":"","_et_pb_old_content":"","_et_gb_content_width":""},"product_brand":[],"product_cat":[142],"product_tag":[],"class_list":{"0":"post-298442","1":"product","2":"type-product","3":"status-publish","4":"has-post-thumbnail","6":"product_cat-aukcionas","8":"first","9":"instock","10":"sold-individually","11":"shipping-taxable","12":"product-type-auction"},"acf":[],"_links":{"self":[{"href":"https:\/\/ticket.pakruojo-dvaras.lt\/grazink-pavasari-ua\/wp-json\/wp\/v2\/product\/298442","targetHints":{"allow":["GET"]}}],"collection":[{"href":"https:\/\/ticket.pakruojo-dvaras.lt\/grazink-pavasari-ua\/wp-json\/wp\/v2\/product"}],"about":[{"href":"https:\/\/ticket.pakruojo-dvaras.lt\/grazink-pavasari-ua\/wp-json\/wp\/v2\/types\/product"}],"wp:featuredmedia":[{"embeddable":true,"href":"https:\/\/ticket.pakruojo-dvaras.lt\/grazink-pavasari-ua\/wp-json\/wp\/v2\/media\/298443"}],"wp:attachment":[{"href":"https:\/\/ticket.pakruojo-dvaras.lt\/grazink-pavasari-ua\/wp-json\/wp\/v2\/media?parent=298442"}],"wp:term":[{"taxonomy":"product_brand","embeddable":true,"href":"https:\/\/ticket.pakruojo-dvaras.lt\/grazink-pavasari-ua\/wp-json\/wp\/v2\/product_brand?post=298442"},{"taxonomy":"product_cat","embeddable":true,"href":"https:\/\/ticket.pakruojo-dvaras.lt\/grazink-pavasari-ua\/wp-json\/wp\/v2\/product_cat?post=298442"},{"taxonomy":"product_tag","embeddable":true,"href":"https:\/\/ticket.pakruojo-dvaras.lt\/grazink-pavasari-ua\/wp-json\/wp\/v2\/product_tag?post=298442"}],"curies":[{"name":"wp","href":"https:\/\/api.w.org\/{rel}","templated":true}]}}