{"id":298233,"date":"2024-03-06T21:51:47","date_gmt":"2024-03-06T19:51:47","guid":{"rendered":"https:\/\/ticket.pakruojo-dvaras.lt\/grazink-pavasari-ua\/?post_type=product&#038;p=298233"},"modified":"2024-05-20T06:14:48","modified_gmt":"2024-05-20T03:14:48","slug":"inkilas-sirdele","status":"publish","type":"product","link":"https:\/\/ticket.pakruojo-dvaras.lt\/grazink-pavasari-ua\/produktas\/inkilas-sirdele\/","title":{"rendered":"Inkilas &#8222;\u0160irdel\u0117&#8221;"},"content":{"rendered":"","protected":false},"excerpt":{"rendered":"<p>Meil\u0117 pavasariui ant inkilo. Unikalus, vienetinis darbas.<\/p>\n<p>I\u0161matavimai: 39x22x22 cm<\/p>\n<p>Autorius: Pakruojo dvaro dailininkai<\/p>\n","protected":false},"featured_media":298234,"template":"","meta":{"_acf_changed":false,"_et_pb_use_builder":"","_et_pb_old_content":"","_et_gb_content_width":""},"product_brand":[],"product_cat":[142],"product_tag":[],"class_list":{"0":"post-298233","1":"product","2":"type-product","3":"status-publish","4":"has-post-thumbnail","6":"product_cat-aukcionas","8":"first","9":"outofstock","10":"sold-individually","11":"shipping-taxable","12":"product-type-auction"},"acf":[],"_links":{"self":[{"href":"https:\/\/ticket.pakruojo-dvaras.lt\/grazink-pavasari-ua\/wp-json\/wp\/v2\/product\/298233","targetHints":{"allow":["GET"]}}],"collection":[{"href":"https:\/\/ticket.pakruojo-dvaras.lt\/grazink-pavasari-ua\/wp-json\/wp\/v2\/product"}],"about":[{"href":"https:\/\/ticket.pakruojo-dvaras.lt\/grazink-pavasari-ua\/wp-json\/wp\/v2\/types\/product"}],"wp:featuredmedia":[{"embeddable":true,"href":"https:\/\/ticket.pakruojo-dvaras.lt\/grazink-pavasari-ua\/wp-json\/wp\/v2\/media\/298234"}],"wp:attachment":[{"href":"https:\/\/ticket.pakruojo-dvaras.lt\/grazink-pavasari-ua\/wp-json\/wp\/v2\/media?parent=298233"}],"wp:term":[{"taxonomy":"product_brand","embeddable":true,"href":"https:\/\/ticket.pakruojo-dvaras.lt\/grazink-pavasari-ua\/wp-json\/wp\/v2\/product_brand?post=298233"},{"taxonomy":"product_cat","embeddable":true,"href":"https:\/\/ticket.pakruojo-dvaras.lt\/grazink-pavasari-ua\/wp-json\/wp\/v2\/product_cat?post=298233"},{"taxonomy":"product_tag","embeddable":true,"href":"https:\/\/ticket.pakruojo-dvaras.lt\/grazink-pavasari-ua\/wp-json\/wp\/v2\/product_tag?post=298233"}],"curies":[{"name":"wp","href":"https:\/\/api.w.org\/{rel}","templated":true}]}}