{"id":10168,"date":"2021-09-14T07:54:08","date_gmt":"2021-09-14T07:54:08","guid":{"rendered":"https:\/\/ticket.pakruojo-dvaras.lt\/grazink-pavasari-ua\/?page_id=10168"},"modified":"2024-03-21T10:04:57","modified_gmt":"2024-03-21T08:04:57","slug":"privatumo-politika","status":"publish","type":"page","link":"https:\/\/ticket.pakruojo-dvaras.lt\/grazink-pavasari-ua\/privatumo-politika\/","title":{"rendered":"Privatumo politika"},"content":{"rendered":"\r\n<p>INTERNETIN\u0116S PREKYBOS PLATFORMOS<br \/>\u201ePAKRUOJO DVARO AUKCIONAS\u201c<br \/>PRIVATUMO POLITIKA<\/p>\r\n<p>I. Bendrosios nuostatos<br \/>I.1. \u0160i Privatumo politika (toliau \u2013\u00a0Politika) reglamentuoja asmens duomen\u0173 tvarkym\u0105, vykdant<br \/>Aukciono prekyb\u0105 platformoje \u201ePakruojo dvaro aukcionas\u201c: interneto puslapis: https:\/\/ticket.pakruojo-dvaras.lt\/grazink-pavasari-ua\u00a0(toliau \u2013\u00a0Aukciono platforma).\u00a0<br \/>I.2. Aukciono platformos valdytojas yra UAB \u201ePAKRUOJO PARKAI\u201c, juridinio asmens kodas<br \/>302249117, juridin\u0117s registracijos adresas Gureli\u0173 k. 11, Turgeli\u0173 sen. \u0160al\u010dinink\u0173 r. sav. (toliau<br \/>\u2013\u00a0mes,\u00a0Duomen\u0173 valdytojas), kuris veikia pagal Interneto prekybos platformos \u201ePakruojo dvaro<br \/>aukcionas\u201c prekybos taisykles.<br \/>I.3. Mes siekiame u\u017etikrinti, kad m\u016bs\u0173 Aukciono platformas lankytojai (toliau \u2013\u00a0Lankytojai), tarp j\u0173<br \/>ir Aukciono platformoje registruoti aukciono dalyviai (toliau \u2013\u00a0Aukciono dalyviai) ir kiti<br \/>asmenys, kuri\u0173 asmens duomenis tvarkome (preki\u0173 savininkas), visi\u0161kai pasitik\u0117t\u0173 m\u016bs\u0173<br \/>paslaugomis bei b\u016bt\u0173 skaidriai informuoti apie tai, kaip mes tvarkome j\u0173 duomenis. Tod\u0117l labai<br \/>svarbu, kad J\u016bs kaip Aukciono platformas Lankytojas ar Aukciono dalyvis atid\u017eiai<br \/>susipa\u017eintum\u0117te su \u0161ia Politika, kurioje J\u016bs rasite informacij\u0105 apie tai, kaip mes renkame ir<br \/>naudojame J\u016bs\u0173 asmens duomenis.<br \/>I.4. \u0160ioje Privatumo politikoje naudojamos s\u0105vokos:<br \/>Asmens duomenys\u00a0&#8211; tai bet kokia informacija, kuri gali b\u016bti naudojama identifikuoti fizin\u012f<br \/>asmen\u012f, taip pat bet kokia kita informacija apie fizin\u012f asmen\u012f, kurios pagalba jis gali b\u016bti<br \/>identifikuotas (toliau &#8211; AD).<br \/>Asmens duomen\u0173 valdytojas &#8211; UAB \u201ePAKRUOJO PARKAI\u201c, juridinio asmens kodas<br \/>302249117, juridin\u0117s registracijos adresas Gureli\u0173 k. 11, Turgeli\u0173 sen. \u0160al\u010dinink\u0173 r. sav.<br \/>Asmens duomen\u0173 tvarkytojas \u2013 Bendrov\u0117 ar jos partneriai, kurie duomen\u0173 valdytojo<br \/>pavedimu bei vardu tvarko tam tikrus Bendrov\u0117s valdomus asmens duomenis.<br \/>Bendrov\u0117s interneto tinklapis \u2013 UAB \u201ePAKRUOJO PARKAI\u201c valdoma Aukciono platforma<br \/>adresu: www.pakruojo-dvaras.lt.<br \/>Asmens duomen\u0173 subjektas \u2013 fizinis asmuo, kurio asmens duomenys yra valdomi ar tvarkomi<br \/>Bendrov\u0117s (toliau \u2013 AD subjektas).<br \/>I.5. Duomen\u0173 valdytojas vadovaujasi \u0161iais duomen\u0173 tvarkymo principais:<br \/>\uf0b7 Asmens duomenys turi b\u016bti Duomen\u0173 subjekto at\u017evilgiu tvarkomi teis\u0117tu, s\u0105\u017einingu ir<br \/>skaidriu b\u016bdu (teis\u0117tumo, s\u0105\u017einingumo ir skaidrumo principas);<br \/>\uf0b7 Asmens duomenys turi b\u016bti renkami nustatytais, ai\u0161kiai apibr\u0117\u017etais bei teis\u0117tais tikslais ir<br \/>toliau netvarkomi su tais tikslais nesuderinamu b\u016bdu; tolesnis duomen\u0173 tvarkymas<br \/>archyvavimo tikslais vie\u0161ojo intereso labui, mokslini\u0173 ar istorini\u0173 tyrim\u0173 tikslais arba<br \/>statistiniais tikslais n\u0117ra laikomas nesuderinamu su pirminiais tikslais (tikslo apribojimo<br \/>principas);<br \/>\uf0b7 Asmens duomenys turi b\u016bti adekvat\u016bs, tinkami ir tik tokie, kuri\u0173 reikia siekiant tiksl\u0173, d\u0117l<br \/>kuri\u0173 jie tvarkomi (duomen\u0173 kiekio ma\u017einimo principas);<br \/>\uf0b7 Asmens duomenys turi b\u016bti tiksl\u016bs ir prireikus atnaujinami; turi b\u016bti imamasi vis\u0173 pagr\u012fst\u0173<br \/>priemoni\u0173 u\u017etikrinti, kad asmens duomenys, kurie n\u0117ra tiksl\u016bs, atsi\u017evelgiant \u012f j\u0173 tvarkymo<br \/>tikslus, b\u016bt\u0173 nedelsiant i\u0161trinami arba i\u0161taisomi (tikslumo principas);<br \/>\uf0b7 Asmens duomenys turi b\u016bti laikomi tokia forma, kad duomen\u0173 subjekt\u0173 tapatyb\u0119 b\u016bt\u0173 galima<br \/>nustatyti ne ilgiau, nei tai yra b\u016btina tais tikslais, kuriais asmens duomenys yra tvarkomi;<\/p>\r\n<p>asmens duomenis galima saugoti ilgesnius laikotarpius, jeigu asmens duomenys bus tvarkomi<br \/>tik archyvavimo tikslais vie\u0161ojo intereso labui, mokslini\u0173 ar istorini\u0173 tyrim\u0173 tikslais arba<br \/>statistiniais tikslais, \u012fgyvendinus atitinkamas technines ir organizacines priemones, reikalingas<br \/>siekiant apsaugoti duomen\u0173 subjekto teises ir laisves (saugojimo trukm\u0117s apribojimo<br \/>principas);<br \/>\uf0b7 Asmens duomenys turi b\u016bti tvarkomi tokiu b\u016bdu, kad taikant atitinkamas technines ar<br \/>organizacines priemones b\u016bt\u0173 u\u017etikrintas tinkamas asmens duomen\u0173 saugumas, \u012fskaitant<br \/>apsaug\u0105 nuo duomen\u0173 tvarkymo be leidimo arba neteis\u0117to duomen\u0173 tvarkymo ir nuo nety\u010dinio<br \/>praradimo, sunaikinimo ar sugadinimo (vientisumo ir konfidencialumo principas);<br \/>I.6. Duomen\u0173 valdytojas yra atsakingas u\u017e tai, kad b\u016bt\u0173 laikomasi auk\u0161\u010diau nurodyt\u0173 princip\u0173, ir turi<br \/>sugeb\u0117ti \u012frodyti, kad j\u0173 yra laikomasi (atskaitomyb\u0117s principas).<br \/>I.7. \u0160i Politika sudaryta vadovaujantis Europos Parlamento ir Tarybos reglamentu (ES) 2016\/679 d\u0117l<br \/>fizini\u0173 asmen\u0173 apsaugos tvarkant asmens duomenis ir d\u0117l laisvo toki\u0173 duomen\u0173 jud\u0117jimo ir kuriuo<br \/>panaikinama Direktyva 95\/46\/EB (Bendrasis duomen\u0173 apsaugos reglamentas, toliau &#8211;\u00a0BDAR),<br \/>Lietuvos Respublikos asmens duomen\u0173 teisin\u0117s apsaugos \u012fstatymu, kitais Europos S\u0105jungos ir<br \/>Lietuvos Respublikos teis\u0117s aktais.<br \/>II. Asmens duomen\u0173 rinkimas, tvarkymas, saugojimas<br \/>II.1. Pateikdamas(-a) savo asmens duomenis, J\u016bs suteikiate mums teis\u0119 rinkti, kaupti, sisteminti,<br \/>naudoti ir tvarkyti \u0161ioje Politikoje numatytais tikslais visus asmens duomenis, kuriuos tiesiogiai ar<br \/>netiesiogiai pateikiate lankydamiesi Aukciono platformoje ir naudodamiesi m\u016bs\u0173 paslaugomis.<br \/>II.2. Jei nesutinkate su \u0161ia Politika ir joje apra\u0161ytu asmens duomen\u0173 tvarkymu, pra\u0161ome nesilankyti<br \/>Aukciono platformoje ir\/ar nesinaudoti m\u016bs\u0173 paslaugomis.<br \/>II.3. J\u016bs esate atsakingas(-a), kad J\u016bs\u0173 pateikiami duomenys b\u016bt\u0173 tiksl\u016bs, teisingi ir i\u0161sam\u016bs.<br \/>\u017dinomai neteising\u0173 duomen\u0173 pateikimas yra laikomas Politikos pa\u017eeidimu. Jeigu pasikei\u010dia<br \/>pateikti duomenys, J\u016bs privalote nedelsdamas(-a) juos i\u0161taisyti, o nesant galimyb\u0117s tai padaryti,<br \/>apie tai informuoti Duomen\u0173 valdytoj\u0105.<br \/>II.4. Mes jokiomis aplinkyb\u0117mis nesame atsakingi u\u017e \u017eal\u0105, atsiradusi\u0105 Jums ir (ar) tretiesiems<br \/>asmenims d\u0117l to, jog J\u016bs nurod\u0117te neteisingus ir (ar) nei\u0161samius asmens duomenis arba<br \/>nesikreip\u0117te d\u0117l duomen\u0173 papildymo ir (ar) pakeitimo jiems pasikeitus.<br \/>III. Asmens duomen\u0173 tvarkymas tiesiogin\u0117s rinkodaros vykdymo tikslu<br \/>III.1. Jei esate i\u0161rei\u0161k\u0119s(-usi) savo sutikim\u0105, mes Jums teikiame tai, kas gali b\u016bti apib\u016bdinta kaip<br \/>\u201etiesiogin\u0117 rinkodara\u201c \u2013 el. pa\u0161tu arba SMS \u017einut\u0117mis Jums siun\u010diame prane\u0161imus apie<br \/>vykstan\u010dius aukcionus. Teisiniu J\u016bs\u0173 asmens duomen\u0173 tvarkymo pagrindu yra J\u016bs\u0173 duotas<br \/>sutikimas.<br \/>III.2. Duoti savo sutikim\u0105 galite registracijos Aukciono platformoje metu pa\u017eym\u0117j\u0119 sutikim\u0105 d\u0117l<br \/>tiesiogin\u0117s rinkodaros pasi\u016blym\u0173 gavimo.<br \/>III.3. Duomen\u0173, tvarkom\u0173 tiesiogin\u0117s rinkodaros tikslais, mes neteikiame tretiesiems asmenims,<br \/>ta\u010diau prie j\u0173 gali \u012fgyti prieig\u0105 IT techninio aptarnavimo paslaugas teikian\u010dios \u012fmon\u0117s, veikian\u010dios<br \/>kaip duomen\u0173 tvarkytojai ir, atitinkamai, tvarkan\u010dios asmens duomenis ribota apimtimi i\u0161imtinai<br \/>pagal m\u016bs\u0173 nurodymus.<br \/>III.4. J\u016bs turite teis\u0119 bet kuriuo metu at\u0161aukti sutikim\u0105 nedarydamas(-a) poveikio sutikimu<br \/>grind\u017eiamo duomen\u0173 tvarkymo iki sutikimo at\u0161aukimo teis\u0117tumui.<br \/>IV. Asmens duomen\u0173 tvarkymas su aukcion\u0173 organizavimu ir vykdymu susijusiais<br \/>tikslais<\/p>\r\n<p>IV.1. Duomen\u0173 valdytojas vykdo veikl\u0105, susijusi\u0105 su Aukcion\u0173 organizavimu ir vykdymu Aukciono<br \/>platformoje.<\/p>\r\n<p>IV.2. Aukcion\u0173 organizavimo (Aukciono dalyvi\u0173 registracijos, laim\u0117toj\u0173 nustatymo, preki\u0173<br \/>apmok\u0117jimo, preki\u0173 pristatymo) tikslais Duomen\u0173 valdytojas tvarko tokius Aukciono dalyvi\u0173<br \/>asmens duomenis:<\/p>\r\n<p>1. Vardas;<br \/>2. Pavard\u0117;<br \/>3. Aukciono dalyviui suteiktas unikalus identifikacinis kodas;<br \/>4. Elektroninio pa\u0161to adresas;<br \/>5. Telefono numeris;<br \/>6. Gyvenamoji vieta (adresas);<br \/>7. Pirkim\u0173 istorija (parduot\u0173 preki\u0173 pavadinimai, kainos ir nuotraukos);<br \/>IV.3. Pateikti kontaktiniai duomenys gali b\u016bti panaudoti siun\u010diant prane\u0161imus, b\u016btinus preki\u0173<br \/>u\u017esakym\u0173 vykdymui.<br \/>IV.4. J\u016bs\u0173 asmens duomen\u0173 tvarkymo Aukciono dalyvi\u0173 registracijos tikslu teisiniu pagrindu yra<br \/>J\u016bs\u0173 duotas sutikimas, i\u0161rei\u0161kiamas registruojantis ir pateikiant savo duomenis.\u00a0<br \/>IV.5. J\u016bs\u0173 asmens duomen\u0173 tvarkymo laim\u0117toj\u0173 nustatymo, preki\u0173 apmok\u0117jimo, preki\u0173 pristatymo<br \/>tikslais teisiniu pagrindu yra b\u016btinyb\u0117 tvarkyti asmens duomenis sutarties sudarymui ir vykdymui<br \/>bei Duomen\u0173 valdytojui taikom\u0173 teisini\u0173 prievoli\u0173 vykdymui.<br \/>IV.6. Aukcion\u0173 internete organizavimo tikslais tvarkomus duomenis mes pateikiame savo<br \/>partneriams, teikiantiems preki\u0173 pristatymo ar kitas su tinkamu preki\u0173 pristatymu susijusias<br \/>paslaugas. Prie j\u0173 taip pat gali \u012fgyti prieig\u0105 IT techninio aptarnavimo paslaugas teikian\u010dios<br \/>\u012fmon\u0117s, veikian\u010dios kaip duomen\u0173 tvarkytojai ir, atitinkamai, tvarkan\u010dios asmens duomenis ribota<br \/>apimtimi i\u0161imtinai pagal m\u016bs\u0173\u00a0 nurodymus.<br \/>V. Asmens duomen\u0173 saugojimo tvarka ir terminai<br \/>V.1. Tvarkydamas ir saugodamas asmens duomenis, Duomen\u0173 valdytojas \u012fgyvendina organizacines ir<br \/>technines priemones, kurios u\u017etikrina asmens duomen\u0173 apsaug\u0105 nuo atsitiktinio ar neteis\u0117to<br \/>sunaikinimo, pakeitimo, atskleidimo, taip pat nuo bet kokio kito neteis\u0117to tvarkymo.<br \/>V.2. Su aukcion\u0173 organizavimu ir vykdymu susijusiais tikslais asmens duomenis Duomen\u0173 valdytojas<br \/>tvarko 2 metus nuo paskutinio Aukciono dalyvio prisijungimo prie sistemos. Su\u0117jus \u0161iam<br \/>laikotarpiui sistema automati\u0161kai pa\u0161alina Aukciono dalyv\u012f i\u0161 duomen\u0173 baz\u0117s.<br \/>V.3. Tiesiogin\u0117s rinkodaros siuntimo tikslu Duomen\u0173 valdytojas tvarko asmens duomenis vienus metus<br \/>nuo paskutinio Aukciono dalyvio prisijungimo prie sistemos.<br \/>VI. Informacija apie naudojamus slapukus<br \/>VI.1. Jums lankantis Aukciono platformoje, mes norime pateikti tok\u012f turin\u012f ir suteikti tok\u012f<br \/>funkcionalum\u0105, kuris atitikt\u0173 J\u016bs\u0173 poreikius. Tam mes naudojame slapukus (angl.\u00a0cookies).<br \/>Slapukai yra ma\u017eos apimties tekstiniai failai, saugomi J\u016bs\u0173 nar\u0161ykl\u0117je ar \u012frenginyje (asmeniniame<br \/>kompiuteryje, mobiliajame telefone ar plan\u0161etiniame kompiuteryje).<br \/>VI.2. Slapuk\u0173 pagalba mes siekiame u\u017etikrinti malonesn\u0119 patirt\u012f asmenims, nar\u0161antiems Aukciono<br \/>platformoje bei tobulinti pa\u010di\u0105 Interneto svetain\u0119.\u00a0<br \/>VI.3. Slapukus, naudojamus m\u016bs\u0173 Aukciono platformoje, galima sugrupuoti \u012f \u0161iuos tipus:<br \/>\uf0b7 Svetain\u0117s veikimui b\u016btini slapukai yra skirti tam, kad Aukciono platforma gal\u0117t\u0173 atlikti<br \/>pagrindines funkcijas. \u0160ie slapukai leid\u017eia Jums nar\u0161yti svetain\u0117je ir naudotis<br \/>pageidaujamomis jos funkcijomis.<br \/>\uf0b7 Veiklos (analitiniai) slapukai renka anonimin\u0119 informacij\u0105 apie tai, kaip lankytojai<br \/>naudoja svetain\u0119. Pateikdami informacijos apie aplankytas sritis, svetain\u0117je praleist\u0105 laik\u0105<br \/>ir bet kokias i\u0161kilusias problemas, pavyzd\u017eiui, klaidos prane\u0161imus, \u0161ie slapukai padeda<br \/>mums suprasti, kaip lankytojai elgiasi svetain\u0117je. \u0160i informacija padeda mums pagerinti<br \/>Aukciono platformas veikim\u0105.<br \/>\uf0b7 Funkciniai slapukai\u00a0pagerina j\u016bs\u0173 patirt\u012f svetain\u0117je.<\/p>\r\n<p>\uf0b7 Tre\u010di\u0173j\u0173 \u0161ali\u0173 reklamos slapukai naudojami norint pasirinkti reklamavim\u0105 pagal tai, kas<br \/>aktualu naudotojams, patobulinti ataskait\u0173 apie kampanijos na\u0161um\u0105 teikim\u0105 ir nerodyti<br \/>skelbim\u0173, kuriuos naudotojas (-a) jau mat\u0117, prisiminti naujausias paie\u0161kas, ankstesnes<br \/>s\u0105veikas su reklamuotojo skelbimais ar paie\u0161kos rezultatais ir apsilankymus reklamuotojo<br \/>svetain\u0117je. Tai padeda tre\u010diosioms \u0161alims rodyti personalizuotas reklamas.<\/p>\r\n<p>VI.4. Detali informacija apie naudojamus slapukus:<br \/>Slapukas Duomen\u0173 tvarkymo<br \/>tikslas<\/p>\r\n<p>Suk\u016brimo<br \/>momentas<\/p>\r\n<p>Galiojimo<br \/>laikas Naudojami duomenys Papildoma informacija<\/p>\r\n<p>__utma<br \/>Google Analytics slapukas,<br \/>suteikiantis unikal\u0173 ID, skirt\u0105<br \/>nustatyti unikali\u0173 vartotoj\u0173<br \/>skai\u010di\u0173.<\/p>\r\n<p>\u012eeinant \u012f<br \/>Interneto<br \/>svetain\u0119<\/p>\r\n<p>2 metai Unikalus ID numeris<\/p>\r\n<p>Daugiau informacijos apie \u201eGoogle\u201c<br \/>naudojamus slapukus (lietuvi\u0173<br \/>kalba);\u00a0https:\/\/policies.google.com\/te<br \/>chnologies\/types?hl=lt<\/p>\r\n<p>__utmb<br \/>Google Analytics slapukas,<br \/>skirtas nustatyti, kiek laiko<br \/>lankytojas praleido Aukciono<br \/>platformoje.<\/p>\r\n<p>\u012eeinant \u012f<br \/>Interneto<br \/>svetain\u0119<\/p>\r\n<p>30 minu\u010di\u0173<\/p>\r\n<p>Unikalus ID numeris<br \/>Laikas, kada lankytojas<br \/>apsilank\u0117 Aukciono<br \/>platformoje<\/p>\r\n<p>__utmc<br \/>Google Analytics slapukas,<br \/>skirtas nustatyti, ar tai naujo<br \/>kliento sesija\/apsilankymas.<br \/>Tikslas &#8211; nauj\u0173 pirk\u0117j\u0173<br \/>skai\u010diaus augimo analiz\u0117.<\/p>\r\n<p>\u012eeinant \u012f<br \/>Interneto<br \/>svetain\u0119<\/p>\r\n<p>Iki nar\u0161ymo<br \/>sesijos pabaigos Unikalus ID numeris<\/p>\r\n<p>__utmt<br \/>Google Analytics slapukas,<br \/>skirtas kontroliuoti analitikos<br \/>paslaug\u0173 teikim\u0105 ir riboti<br \/>duomen\u0173 rinkim\u0105 svetain\u0117se,<br \/>kuriose yra didelis<br \/>lankomumas.<\/p>\r\n<p>\u012eeinant \u012f<br \/>Interneto<br \/>svetain\u0119<\/p>\r\n<p>10 minu\u010di\u0173 Unikalus ID numeris<\/p>\r\n<p>__utmv<br \/>Google Analytics slapukas,<br \/>skirtas nustatyti esam\u0173<br \/>Aukciono platformas<br \/>lankytoj\u0173 skai\u010di\u0173.<\/p>\r\n<p>\u012eeinant \u012f<br \/>Interneto<br \/>svetain\u0119<\/p>\r\n<p>1 minut\u0117 Unikalus ID numeris<\/p>\r\n<p>__utmz<br \/>Google Analytics slapukas,<br \/>skirtas nustatyti, kokiu b\u016bdu<br \/>lankytojas pasiek\u0117 Interneto<br \/>svetain\u0119. . Tikslas &#8211;<br \/>parduotuv\u0117s atrandamumo<br \/>analiz\u0117.<\/p>\r\n<p>\u012eeinant \u012f<br \/>Interneto<br \/>svetain\u0119<\/p>\r\n<p>6 m\u0117nesiai<\/p>\r\n<p>Unikalus ID numeris,<br \/>duomenys apie \u0161altin\u012f, i\u0161 kur<br \/>at\u0117jo asmuo<\/p>\r\n<p>1P_JAR<br \/>Statistika ir \u201eGoogle\u201c<br \/>atliekamas reklam\u0173<br \/>personalizavimas.<\/p>\r\n<p>\u012eeinant \u012f<br \/>Interneto<br \/>svetain\u0119<\/p>\r\n<p>1 m\u0117nuo Unikalus ID numeris<\/p>\r\n<p>NID<br \/>Slapukas, suteikiantis unikal\u0173<br \/>ID, kur\u012f \u201eGoogle\u201c naudoja<br \/>\u012fsiminti J\u016bs\u0173 pasirinkimus ir<br \/>kit\u0105 reik\u0161ming\u0105 informacij\u0105, o<br \/>taip pat pateikti<br \/>personalizuotas reklamas,<br \/>paremtas naujausiomis<br \/>paie\u0161komis ir ankstesn\u0117mis<br \/>s\u0105veikomis.<\/p>\r\n<p>\u012eeinant \u012f<br \/>Interneto<br \/>svetain\u0119<\/p>\r\n<p>6 m\u0117nesiai Unikalus ID numeris<\/p>\r\n<p>PHPSESSID<br \/>Slapukas, suteikiantis unikal\u0173<br \/>ID, kur\u012f naudojame atskirti<br \/>individual\u0173 vartotoj\u0105.<\/p>\r\n<p>\u012eeinant \u012f<br \/>Interneto<br \/>svetain\u0119<\/p>\r\n<p>Iki nar\u0161ymo<br \/>sesijos pabaigos Unikalus ID numeris \u00a0<\/p>\r\n<p>&nbsp;<\/p>\r\n<p>VI.5. J\u016bs galite i\u0161trinti arba blokuoti slapukus pasirink\u0119s(-usi) atitinkamus nustatymus savo<br \/>nar\u0161ykl\u0117je, leid\u017eian\u010dius atsisakyti vis\u0173 ar dalies slapuk\u0173. \u017dinotina, kad naudojantis tokiais<br \/>nar\u0161ykl\u0117s nustatymais, kurie blokuoja slapukus (\u012fskaitant b\u016btinus slapukus), Jums gali i\u0161kilti<br \/>problem\u0173 naudojantis visomis ar dalimi Aukciono platformas funkcij\u0173.<br \/>VII. Duomen\u0173 subjekt\u0173 teis\u0117s<br \/>VII.1. J\u016bs kaip duomen\u0173 subjektas turite teis\u0119 bet kada, pateik\u0119s(-usi) pra\u0161ym\u0105, susipa\u017einti su m\u016bs\u0173<br \/>tvarkomais J\u016bs\u0173 asmens duomenimis ir kaip jie yra tvarkomi, reikalauti i\u0161taisyti neteisingus,<br \/>nei\u0161samius, netikslius savo asmens duomenis, reikalauti sustabdyti, i\u0161skyrus saugojim\u0105, savo<br \/>asmens duomen\u0173 tvarkymo veiksmus, kai duomenys tvarkomi nesilaikant teis\u0117s akt\u0173 ir \u0161ios<br \/>Politikos s\u0105lyg\u0173, teis\u0119 nesutikti, kad duomenys b\u016bt\u0173 tvarkomi, taip pat teis\u0119 \u012f duomen\u0173<br \/>perkeliamum\u0105.<br \/>VII.2. J\u016bs galite pasinaudoti savo turimomis teis\u0117mis pateikdamas(-a) mums ra\u0161ytin\u0117s formos<br \/>pra\u0161ym\u0105 el. pa\u0161tu\u00a0 info@pakruojo-dvaras.lt arba adresu: Gureli\u0173 k. 11, Turgeli\u0173 sen., \u0160al\u010dinink\u0173 r.<br \/>sav., arba tiesiogiai atvyk\u0119s(-usi) \u012f Duomen\u0173 valdytojo buvein\u0119.<br \/>VII.3. Duomen\u0173 valdytojas pateiks atsakym\u0105 ne v\u0117liau kaip per vien\u0105 m\u0117nes\u012f nuo pra\u0161ymo gavimo<br \/>dienos. \u0160is laikotarpis prireikus gali b\u016bti prat\u0119stas dar dviem m\u0117nesiams, atsi\u017evelgiant \u012f pra\u0161ym\u0173<br \/>sud\u0117tingum\u0105 ir skai\u010di\u0173. Tokiu atveju mes per vien\u0105 m\u0117nes\u012f nuo pra\u0161ymo gavimo informuosime Jus<br \/>apie tok\u012f prat\u0119sim\u0105, kartu pateikdami v\u0117lavimo prie\u017eastis.<br \/>VII.4. Jei nesate patenkintas(-a) m\u016bs\u0173 atsakymu ar manote, kad tvarkome J\u016bs\u0173 asmens duomenis<br \/>nesilaikydami teisini\u0173 reikalavim\u0173, J\u016bs galite pateikti skund\u0105 Lietuvos Respublikos Valstybinei<br \/>duomen\u0173 apsaugos inspekcijai.<br \/>VIII. Tre\u010di\u0173j\u0173 \u0161ali\u0173 atliekamas asmens duomen\u0173 tvarkymas<br \/>VIII.1. Tam tikrais atvejais mes galime atskleisti J\u016bs\u0173 informacij\u0105 kitiems, nei auk\u0161\u010diau apra\u0161yta,<br \/>subjektams:<\/p>\r\n<p>1. Nor\u0117dami nepa\u017eeisti \u012fstatym\u0173 arba reaguodami \u012f privalom\u0105 teismo proceso<br \/>reikalavim\u0105 (pvz., gav\u0119 teismo \u012fpareigojim\u0105 pateikti duomenis);<br \/>2. Nor\u0117dami patvirtinti savo veiksm\u0173 teis\u0117tum\u0105;<br \/>3. Nor\u0117dami apsaugoti savo teises, turt\u0105 ar u\u017etikrinti j\u0173 saugum\u0105;<br \/>4. Kitais atvejais su J\u016bs\u0173 sutikimu arba teis\u0117tu J\u016bs\u0173 pra\u0161ymu.<\/p>\r\n<p>VIII.2. Bet kokie J\u016bs\u0173 mums pateikti asmens duomenys teis\u0117s aktuose tiesiogiai numatytais atvejais<br \/>gali b\u016bti perduoti kompetentingoms vald\u017eios institucijoms.<br \/>VIII.3. M\u016bs\u0173 paslaugos yra nuorodos tam tikruose internetiniuose puslapiuose, kuriuose gali b\u016bti<br \/>talpinama ta pati informacija, kaip ir Aukciono platformoje, nes mes esame internetini\u0173 puslapi\u0173<br \/>(socialini\u0173 tinkl\u0173) paskyr\u0173 valdytoju. Visgi, turite atkreipti d\u0117mes\u012f \u012f tai, kad vis\u0105 informacij\u0105, kuri\u0105<br \/>mums pateikiate socialinio tinklo priemon\u0117mis (\u012fskaitant prane\u0161imus, laukeli\u0173 \u201eLike\u201c (\u201ePatinka) ir<br \/>\u201eFollow\u201c (\u201eSekti\u201c) naudojim\u0105, bei kit\u0105 komunikacij\u0105), kontroliuojame ne mes, o atitinkamo<br \/>socialinio tinklo valdytojas.\u00a0<br \/>VIII.4. Aukciono platformoje pateikiamos nuorodos \u012f m\u016bs\u0173 paskyras socialiniuose tinkluose.<br \/>Naudojantis tre\u010di\u0173j\u0173 \u0161ali\u0173 paslaugomis, pavyzd\u017eiui, lankantis m\u016bs\u0173 paskyroje \u201eFacebook\u201c<br \/>socialiniame tinkle, gali b\u016bti taikomos tre\u010di\u0173j\u0173 \u0161ali\u0173 s\u0105lygos. Tod\u0117l naudojantis toki\u0173 tre\u010di\u0173j\u0173 \u0161ali\u0173<br \/>paslaugomis rekomenduojama susipa\u017einti su j\u0173 taikomomis s\u0105lygomis.<br \/>VIII.5. Taip pat atkreipiame J\u016bs\u0173 d\u0117mes\u012f, kad Aukciono platformoje yra nuorod\u0173 \u012f kit\u0173 asmen\u0173,<br \/>\u012fmoni\u0173 ar organizacij\u0173 interneto tinklalapius, ir kad mes nesame atsakingi u\u017e toki\u0173 interneto<br \/>tinklalapi\u0173 turin\u012f ir\/ar j\u0173 naudojamus privatumo politikos u\u017etikrinimo metodus, tod\u0117l prie\u0161<br \/>pateikdamas (-a) koki\u0105 nors informacij\u0105 apie save kitame interneto tinklapyje tur\u0117tum\u0117te<br \/>susipa\u017einti su atitinkamo interneto tinklalapio taisykl\u0117mis, privatumo politika ir kita pateikiama<br \/>informacija.<br \/>IX. Baigiamosios nuostatos<br \/>IX.1. Su \u0161ia Politika susijusiems teisiniams santykiams taikoma Lietuvos Respublikos teis\u0117.<\/p>\r\n<p>IX.2. Duomen\u0173 valdytojas turi teis\u0119 i\u0161 dalies ar visi\u0161kai pakeisti Politik\u0105. \u0160i Politika per\u017ei\u016brima ir,<br \/>esant reikalui, atnaujinama, ne re\u010diau kaip kart\u0105 per dvejus metus.<br \/>IX.3. Politikos papildymai ar pakeitimai \u012fsigalioja nuo j\u0173 paskelbimo Aukciono platformoje dienos.<br \/>IX.4. Jei turite su asmens duomen\u0173 apsauga susijusi\u0173 klausim\u0173, maloniai pra\u0161ome kreiptis el.<br \/>pa\u0161tu\u00a0info@pakruojo-dvaras.lt arba adresu: Gureli\u0173 k. 11, Turgeli\u0173 sen., \u0160al\u010dinink\u0173 r. sav., arba<br \/>tiesiogiai atvyk\u0119s(-usi) \u012f Duomen\u0173 valdytojo buvein\u0119.<br \/>IX.5. Politikos papildymai ar pakeitimai \u012fsigalioja nuo j\u0173 paskelbimo Aukciono platformoje dienos.<\/p>\r\n","protected":false},"excerpt":{"rendered":"<p>INTERNETIN\u0116S PREKYBOS PLATFORMOS\u201ePAKRUOJO DVARO AUKCIONAS\u201cPRIVATUMO POLITIKA I. Bendrosios nuostatosI.1. \u0160i Privatumo politika (toliau \u2013\u00a0Politika) reglamentuoja asmens duomen\u0173 tvarkym\u0105, vykdantAukciono prekyb\u0105 platformoje \u201ePakruojo dvaro aukcionas\u201c: interneto puslapis: https:\/\/ticket.pakruojo-dvaras.lt\/grazink-pavasari-ua\u00a0(toliau \u2013\u00a0Aukciono platforma).\u00a0I.2. Aukciono platformos valdytojas yra UAB \u201ePAKRUOJO PARKAI\u201c, juridinio asmens kodas302249117, juridin\u0117s registracijos adresas Gureli\u0173 k. 11, Turgeli\u0173 sen. \u0160al\u010dinink\u0173 r. sav. (toliau\u2013\u00a0mes,\u00a0Duomen\u0173 valdytojas), kuris veikia pagal [&hellip;]<\/p>\n","protected":false},"author":1,"featured_media":0,"parent":0,"menu_order":0,"comment_status":"closed","ping_status":"closed","template":"","meta":{"_acf_changed":false,"_et_pb_use_builder":"","_et_pb_old_content":"","_et_gb_content_width":"","footnotes":""},"class_list":["post-10168","page","type-page","status-publish","hentry"],"acf":[],"_links":{"self":[{"href":"https:\/\/ticket.pakruojo-dvaras.lt\/grazink-pavasari-ua\/wp-json\/wp\/v2\/pages\/10168","targetHints":{"allow":["GET"]}}],"collection":[{"href":"https:\/\/ticket.pakruojo-dvaras.lt\/grazink-pavasari-ua\/wp-json\/wp\/v2\/pages"}],"about":[{"href":"https:\/\/ticket.pakruojo-dvaras.lt\/grazink-pavasari-ua\/wp-json\/wp\/v2\/types\/page"}],"author":[{"embeddable":true,"href":"https:\/\/ticket.pakruojo-dvaras.lt\/grazink-pavasari-ua\/wp-json\/wp\/v2\/users\/1"}],"replies":[{"embeddable":true,"href":"https:\/\/ticket.pakruojo-dvaras.lt\/grazink-pavasari-ua\/wp-json\/wp\/v2\/comments?post=10168"}],"version-history":[{"count":2,"href":"https:\/\/ticket.pakruojo-dvaras.lt\/grazink-pavasari-ua\/wp-json\/wp\/v2\/pages\/10168\/revisions"}],"predecessor-version":[{"id":299707,"href":"https:\/\/ticket.pakruojo-dvaras.lt\/grazink-pavasari-ua\/wp-json\/wp\/v2\/pages\/10168\/revisions\/299707"}],"wp:attachment":[{"href":"https:\/\/ticket.pakruojo-dvaras.lt\/grazink-pavasari-ua\/wp-json\/wp\/v2\/media?parent=10168"}],"curies":[{"name":"wp","href":"https:\/\/api.w.org\/{rel}","templated":true}]}}