{"id":302647,"date":"2024-05-03T14:07:30","date_gmt":"2024-05-03T11:07:30","guid":{"rendered":"https:\/\/ticket.pakruojo-dvaras.lt\/grazink-pavasari-ua\/?post_type=product&#038;p=302647"},"modified":"2024-05-03T14:19:09","modified_gmt":"2024-05-03T11:19:09","slug":"martins-sirmais","status":"publish","type":"product","link":"https:\/\/ticket.pakruojo-dvaras.lt\/grazink-pavasari-ua\/lv\/produktas\/martins-sirmais\/","title":{"rendered":"Latvijas \u0161efpav\u0101ra M\u0101rti\u0146a Sirm\u0101 putnu b\u016bris (LV)"},"content":{"rendered":"","protected":false},"excerpt":{"rendered":"<p>Unik\u0101ls darbs vien\u012bg\u0101 eksempl\u0101r\u0101.<\/p>\n<p>Autors: M\u0101rti\u0146\u0161 Sirmais<\/p>\n<p>&nbsp;<\/p>\n","protected":false},"featured_media":302650,"template":"","meta":{"_acf_changed":false,"_et_pb_use_builder":"","_et_pb_old_content":"","_et_gb_content_width":""},"product_brand":[],"product_cat":[149,150],"product_tag":[],"class_list":{"0":"post-302647","1":"product","2":"type-product","3":"status-publish","4":"has-post-thumbnail","6":"product_cat-izsole","7":"product_cat-latvijas-autoru-putnu-buri","9":"first","10":"instock","11":"sold-individually","12":"shipping-taxable","13":"product-type-auction"},"acf":[],"_links":{"self":[{"href":"https:\/\/ticket.pakruojo-dvaras.lt\/grazink-pavasari-ua\/lv\/wp-json\/wp\/v2\/product\/302647","targetHints":{"allow":["GET"]}}],"collection":[{"href":"https:\/\/ticket.pakruojo-dvaras.lt\/grazink-pavasari-ua\/lv\/wp-json\/wp\/v2\/product"}],"about":[{"href":"https:\/\/ticket.pakruojo-dvaras.lt\/grazink-pavasari-ua\/lv\/wp-json\/wp\/v2\/types\/product"}],"wp:featuredmedia":[{"embeddable":true,"href":"https:\/\/ticket.pakruojo-dvaras.lt\/grazink-pavasari-ua\/lv\/wp-json\/wp\/v2\/media\/302650"}],"wp:attachment":[{"href":"https:\/\/ticket.pakruojo-dvaras.lt\/grazink-pavasari-ua\/lv\/wp-json\/wp\/v2\/media?parent=302647"}],"wp:term":[{"taxonomy":"product_brand","embeddable":true,"href":"https:\/\/ticket.pakruojo-dvaras.lt\/grazink-pavasari-ua\/lv\/wp-json\/wp\/v2\/product_brand?post=302647"},{"taxonomy":"product_cat","embeddable":true,"href":"https:\/\/ticket.pakruojo-dvaras.lt\/grazink-pavasari-ua\/lv\/wp-json\/wp\/v2\/product_cat?post=302647"},{"taxonomy":"product_tag","embeddable":true,"href":"https:\/\/ticket.pakruojo-dvaras.lt\/grazink-pavasari-ua\/lv\/wp-json\/wp\/v2\/product_tag?post=302647"}],"curies":[{"name":"wp","href":"https:\/\/api.w.org\/{rel}","templated":true}]}}