{"id":302410,"date":"2024-04-16T11:51:08","date_gmt":"2024-04-16T08:51:08","guid":{"rendered":"https:\/\/ticket.pakruojo-dvaras.lt\/grazink-pavasari-ua\/?post_type=product&#038;p=302410"},"modified":"2024-04-16T11:56:08","modified_gmt":"2024-04-16T08:56:08","slug":"latviu-muzikos-grupes-dagamba-inkilas-lv","status":"publish","type":"product","link":"https:\/\/ticket.pakruojo-dvaras.lt\/grazink-pavasari-ua\/lv\/produktas\/latviu-muzikos-grupes-dagamba-inkilas-lv\/","title":{"rendered":"Latvi\u0173 muzikos grup\u0117s &#8220;Dagamba&#8221; inkilas (LV)"},"content":{"rendered":"","protected":false},"excerpt":{"rendered":"<p>Unikalus, vienetinis darbas.<\/p>\n<p>Autorius:\u00a0latvi\u0173 muzikos grup\u0117 &#8220;Dagamba&#8221;, susik\u016brusi 2011 metais. Grup\u0119 sudaro Valters P\u016bce, Antons Trocjuks, Alise Broka, Dainis Tenis, Art\u016brs Jermaks.<\/p>\n","protected":false},"featured_media":299156,"template":"","meta":{"_acf_changed":false,"_et_pb_use_builder":"","_et_pb_old_content":"","_et_gb_content_width":""},"product_brand":[],"product_cat":[149,150],"product_tag":[],"class_list":{"0":"post-302410","1":"product","2":"type-product","3":"status-publish","4":"has-post-thumbnail","6":"product_cat-izsole","7":"product_cat-latvijas-autoru-putnu-buri","9":"first","10":"instock","11":"sold-individually","12":"shipping-taxable","13":"product-type-auction"},"acf":[],"_links":{"self":[{"href":"https:\/\/ticket.pakruojo-dvaras.lt\/grazink-pavasari-ua\/lv\/wp-json\/wp\/v2\/product\/302410","targetHints":{"allow":["GET"]}}],"collection":[{"href":"https:\/\/ticket.pakruojo-dvaras.lt\/grazink-pavasari-ua\/lv\/wp-json\/wp\/v2\/product"}],"about":[{"href":"https:\/\/ticket.pakruojo-dvaras.lt\/grazink-pavasari-ua\/lv\/wp-json\/wp\/v2\/types\/product"}],"wp:featuredmedia":[{"embeddable":true,"href":"https:\/\/ticket.pakruojo-dvaras.lt\/grazink-pavasari-ua\/lv\/wp-json\/wp\/v2\/media\/299156"}],"wp:attachment":[{"href":"https:\/\/ticket.pakruojo-dvaras.lt\/grazink-pavasari-ua\/lv\/wp-json\/wp\/v2\/media?parent=302410"}],"wp:term":[{"taxonomy":"product_brand","embeddable":true,"href":"https:\/\/ticket.pakruojo-dvaras.lt\/grazink-pavasari-ua\/lv\/wp-json\/wp\/v2\/product_brand?post=302410"},{"taxonomy":"product_cat","embeddable":true,"href":"https:\/\/ticket.pakruojo-dvaras.lt\/grazink-pavasari-ua\/lv\/wp-json\/wp\/v2\/product_cat?post=302410"},{"taxonomy":"product_tag","embeddable":true,"href":"https:\/\/ticket.pakruojo-dvaras.lt\/grazink-pavasari-ua\/lv\/wp-json\/wp\/v2\/product_tag?post=302410"}],"curies":[{"name":"wp","href":"https:\/\/api.w.org\/{rel}","templated":true}]}}