{"id":300280,"date":"2024-03-26T14:26:32","date_gmt":"2024-03-26T12:26:32","guid":{"rendered":"https:\/\/ticket.pakruojo-dvaras.lt\/grazink-pavasari-ua\/?post_type=product&#038;p=300280"},"modified":"2024-03-28T14:05:57","modified_gmt":"2024-03-28T12:05:57","slug":"ukrainos-kareives-marijos-cech-inkilas-kopija","status":"publish","type":"product","link":"https:\/\/ticket.pakruojo-dvaras.lt\/grazink-pavasari-ua\/lv\/produktas\/ukrainos-kareives-marijos-cech-inkilas-kopija\/","title":{"rendered":"Latvijas futbola kluba RFS fanu kluba putnu b\u016br\u012btis (LV)"},"content":{"rendered":"","protected":false},"excerpt":{"rendered":"<p>Unik\u0101ls darbs vien\u012bg\u0101 eksempl\u0101r\u0101.<\/p>\n<p>Autori: futbola kluba RFS fanu klubs<\/p>\n","protected":false},"featured_media":300283,"template":"","meta":{"_acf_changed":false,"_et_pb_use_builder":"","_et_pb_old_content":"","_et_gb_content_width":""},"product_brand":[],"product_cat":[149,150],"product_tag":[],"class_list":{"0":"post-300280","1":"product","2":"type-product","3":"status-publish","4":"has-post-thumbnail","6":"product_cat-izsole","7":"product_cat-latvijas-autoru-putnu-buri","9":"first","10":"instock","11":"sold-individually","12":"shipping-taxable","13":"product-type-auction"},"acf":[],"_links":{"self":[{"href":"https:\/\/ticket.pakruojo-dvaras.lt\/grazink-pavasari-ua\/lv\/wp-json\/wp\/v2\/product\/300280","targetHints":{"allow":["GET"]}}],"collection":[{"href":"https:\/\/ticket.pakruojo-dvaras.lt\/grazink-pavasari-ua\/lv\/wp-json\/wp\/v2\/product"}],"about":[{"href":"https:\/\/ticket.pakruojo-dvaras.lt\/grazink-pavasari-ua\/lv\/wp-json\/wp\/v2\/types\/product"}],"wp:featuredmedia":[{"embeddable":true,"href":"https:\/\/ticket.pakruojo-dvaras.lt\/grazink-pavasari-ua\/lv\/wp-json\/wp\/v2\/media\/300283"}],"wp:attachment":[{"href":"https:\/\/ticket.pakruojo-dvaras.lt\/grazink-pavasari-ua\/lv\/wp-json\/wp\/v2\/media?parent=300280"}],"wp:term":[{"taxonomy":"product_brand","embeddable":true,"href":"https:\/\/ticket.pakruojo-dvaras.lt\/grazink-pavasari-ua\/lv\/wp-json\/wp\/v2\/product_brand?post=300280"},{"taxonomy":"product_cat","embeddable":true,"href":"https:\/\/ticket.pakruojo-dvaras.lt\/grazink-pavasari-ua\/lv\/wp-json\/wp\/v2\/product_cat?post=300280"},{"taxonomy":"product_tag","embeddable":true,"href":"https:\/\/ticket.pakruojo-dvaras.lt\/grazink-pavasari-ua\/lv\/wp-json\/wp\/v2\/product_tag?post=300280"}],"curies":[{"name":"wp","href":"https:\/\/api.w.org\/{rel}","templated":true}]}}