{"id":299592,"date":"2024-03-19T17:57:50","date_gmt":"2024-03-20T15:01:24","guid":{"rendered":"https:\/\/ticket.pakruojo-dvaras.lt\/grazink-pavasari-ua\/produktas\/latvijas-aktrises-evijas-kruzes-putnu-buritis-lv\/"},"modified":"2024-03-20T17:01:24","modified_gmt":"2024-03-20T15:01:24","slug":"latvijas-aktrises-evijas-kruzes-putnu-buritis-lv","status":"publish","type":"product","link":"https:\/\/ticket.pakruojo-dvaras.lt\/grazink-pavasari-ua\/lv\/produktas\/latvijas-aktrises-evijas-kruzes-putnu-buritis-lv\/","title":{"rendered":"Latvijas aktrises Evijas Kr\u016bzes putnu b\u016br\u012btis (LV)"},"content":{"rendered":"","protected":false},"excerpt":{"rendered":"<p>Unik\u0101ls darbs vien\u012bg\u0101 eksempl\u0101r\u0101.<\/p>\n<p>Autore: Latvijass nacion\u0101l\u0101 te\u0101tra aktrise Evija Kr\u016bze.<\/p>\n","protected":false},"featured_media":299098,"template":"","meta":{"_acf_changed":false,"_et_pb_use_builder":"","_et_pb_old_content":"","_et_gb_content_width":""},"product_brand":[],"product_cat":[149,150],"product_tag":[],"class_list":{"0":"post-299592","1":"product","2":"type-product","3":"status-publish","4":"has-post-thumbnail","6":"product_cat-izsole","7":"product_cat-latvijas-autoru-putnu-buri","9":"first","10":"outofstock","11":"sold-individually","12":"shipping-taxable","13":"product-type-auction"},"acf":[],"_links":{"self":[{"href":"https:\/\/ticket.pakruojo-dvaras.lt\/grazink-pavasari-ua\/lv\/wp-json\/wp\/v2\/product\/299592","targetHints":{"allow":["GET"]}}],"collection":[{"href":"https:\/\/ticket.pakruojo-dvaras.lt\/grazink-pavasari-ua\/lv\/wp-json\/wp\/v2\/product"}],"about":[{"href":"https:\/\/ticket.pakruojo-dvaras.lt\/grazink-pavasari-ua\/lv\/wp-json\/wp\/v2\/types\/product"}],"wp:featuredmedia":[{"embeddable":true,"href":"https:\/\/ticket.pakruojo-dvaras.lt\/grazink-pavasari-ua\/lv\/wp-json\/wp\/v2\/media\/299098"}],"wp:attachment":[{"href":"https:\/\/ticket.pakruojo-dvaras.lt\/grazink-pavasari-ua\/lv\/wp-json\/wp\/v2\/media?parent=299592"}],"wp:term":[{"taxonomy":"product_brand","embeddable":true,"href":"https:\/\/ticket.pakruojo-dvaras.lt\/grazink-pavasari-ua\/lv\/wp-json\/wp\/v2\/product_brand?post=299592"},{"taxonomy":"product_cat","embeddable":true,"href":"https:\/\/ticket.pakruojo-dvaras.lt\/grazink-pavasari-ua\/lv\/wp-json\/wp\/v2\/product_cat?post=299592"},{"taxonomy":"product_tag","embeddable":true,"href":"https:\/\/ticket.pakruojo-dvaras.lt\/grazink-pavasari-ua\/lv\/wp-json\/wp\/v2\/product_tag?post=299592"}],"curies":[{"name":"wp","href":"https:\/\/api.w.org\/{rel}","templated":true}]}}