{"id":299586,"date":"2024-03-19T23:42:22","date_gmt":"2024-03-20T14:33:08","guid":{"rendered":"https:\/\/ticket.pakruojo-dvaras.lt\/grazink-pavasari-ua\/produktas\/latvijas-aktrises-indras-burkovskas-putnu-buritis-lv\/"},"modified":"2024-03-20T16:33:08","modified_gmt":"2024-03-20T14:33:08","slug":"latvijas-aktrises-indras-burkovskas-putnu-buritis-lv","status":"publish","type":"product","link":"https:\/\/ticket.pakruojo-dvaras.lt\/grazink-pavasari-ua\/lv\/produktas\/latvijas-aktrises-indras-burkovskas-putnu-buritis-lv\/","title":{"rendered":"Latvijas aktrises Indras Burkovskas putnu b\u016br\u012btis (LV)"},"content":{"rendered":"","protected":false},"excerpt":{"rendered":"<p>Unik\u0101ls darbs vien\u012bg\u0101 eksempl\u0101r\u0101.<\/p>\n<p>Autore: Latvijas aktrise Indra Burkovska.<\/p>\n","protected":false},"featured_media":299152,"template":"","meta":{"_acf_changed":false,"_et_pb_use_builder":"","_et_pb_old_content":"","_et_gb_content_width":""},"product_brand":[],"product_cat":[149,150],"product_tag":[],"class_list":{"0":"post-299586","1":"product","2":"type-product","3":"status-publish","4":"has-post-thumbnail","6":"product_cat-izsole","7":"product_cat-latvijas-autoru-putnu-buri","9":"first","10":"instock","11":"sold-individually","12":"shipping-taxable","13":"product-type-auction"},"acf":[],"_links":{"self":[{"href":"https:\/\/ticket.pakruojo-dvaras.lt\/grazink-pavasari-ua\/lv\/wp-json\/wp\/v2\/product\/299586","targetHints":{"allow":["GET"]}}],"collection":[{"href":"https:\/\/ticket.pakruojo-dvaras.lt\/grazink-pavasari-ua\/lv\/wp-json\/wp\/v2\/product"}],"about":[{"href":"https:\/\/ticket.pakruojo-dvaras.lt\/grazink-pavasari-ua\/lv\/wp-json\/wp\/v2\/types\/product"}],"wp:featuredmedia":[{"embeddable":true,"href":"https:\/\/ticket.pakruojo-dvaras.lt\/grazink-pavasari-ua\/lv\/wp-json\/wp\/v2\/media\/299152"}],"wp:attachment":[{"href":"https:\/\/ticket.pakruojo-dvaras.lt\/grazink-pavasari-ua\/lv\/wp-json\/wp\/v2\/media?parent=299586"}],"wp:term":[{"taxonomy":"product_brand","embeddable":true,"href":"https:\/\/ticket.pakruojo-dvaras.lt\/grazink-pavasari-ua\/lv\/wp-json\/wp\/v2\/product_brand?post=299586"},{"taxonomy":"product_cat","embeddable":true,"href":"https:\/\/ticket.pakruojo-dvaras.lt\/grazink-pavasari-ua\/lv\/wp-json\/wp\/v2\/product_cat?post=299586"},{"taxonomy":"product_tag","embeddable":true,"href":"https:\/\/ticket.pakruojo-dvaras.lt\/grazink-pavasari-ua\/lv\/wp-json\/wp\/v2\/product_tag?post=299586"}],"curies":[{"name":"wp","href":"https:\/\/api.w.org\/{rel}","templated":true}]}}