{"id":298929,"date":"2021-09-14T07:51:50","date_gmt":"2021-09-14T07:51:50","guid":{"rendered":"https:\/\/ticket.pakruojo-dvaras.lt\/grazink-pavasari-ua\/taisykles-ir-salygos\/"},"modified":"2024-04-05T13:29:09","modified_gmt":"2024-04-05T10:29:09","slug":"noteikumi-un-nosacijumi","status":"publish","type":"page","link":"https:\/\/ticket.pakruojo-dvaras.lt\/grazink-pavasari-ua\/lv\/noteikumi-un-nosacijumi\/","title":{"rendered":"Noteikumi un nosac\u012bjumi"},"content":{"rendered":"<p>1. Person\u0101m, kuras v\u0113las piedal\u012bties Izsol\u0113, j\u0101izveido Izsoles dal\u012bbnieka konts, kur\u0101 tiek veikta<br \/>\nDal\u012bbnieka s\u0101kotn\u0113j\u0101 re\u0123istr\u0101cija: e-pasta adrese, v\u0101rds (iesp\u0113jams pseidon\u012bms), parole.<br \/>\n2. \u0160\u012b re\u0123istr\u0101cija dod Izsoles dal\u012bbniekiem ties\u012bbas piedal\u012bties izv\u0113l\u0113t\u0101s Preces Izsol\u0113 un iesniegt<br \/>\ncenas pied\u0101v\u0101jumus.<br \/>\n3. Kad Izsoles dal\u012bbnieks tiek pasludin\u0101ts par Uzvar\u0113t\u0101ju, vi\u0146am ir pien\u0101kums sav\u0101 kont\u0101<br \/>\nnor\u0101d\u012bt papildu datus, kas nepiecie\u0161ami pre\u010du pieg\u0101dei un apmaksai.<br \/>\n4. Izsol\u0113 var piedal\u012bties tikai personas, kas sasniedza 18 gadu vecumu.<br \/>\n5. Izsol\u0113 nevar piedal\u012bties persona, kura ir Izsoles vietnes p\u0101rvaldnieka darbinieks un vi\u0146a<br \/>\n\u0123imenes loceklis.<br \/>\n6. Izsoles dal\u012bbnieku personas dati tiks apstr\u0101d\u0101ti Lietuvas Republikas ties\u012bbu aktos noteiktaj\u0101<br \/>\nveid\u0101, piedal\u012b\u0161an\u0101s izsol\u0113, l\u012bguma nosl\u0113g\u0161anas un izpildes nol\u016bk\u0101, saska\u0146\u0101 ar Priv\u0101tuma<br \/>\npolitikas noteikumiem.<br \/>\n7. Izsoles dal\u012bbniekiem, piedaloties Izsol\u0113, j\u0101b\u016bt godpr\u0101t\u012bgiem, t\u0101p\u0113c j\u0101nodro\u0161ina re\u0123istr\u0101cijai<br \/>\nsniegto personas datu pareiz\u012bba un j\u0101apstiprina personas identit\u0101te.<br \/>\n8. Ir aizliegts iesniegt re\u0123istr\u0101cijai tre\u0161o personu datus vai cit\u0101di viltot savu identit\u0101ti.<br \/>\n9. Izsoles dal\u012bbniekiem ir j\u0101uzglab\u0101 sava konta pieteik\u0161an\u0101s inform\u0101cija, nenododot to tre\u0161aj\u0101m<br \/>\nperson\u0101m. Ja izsoles dal\u012bbnieks pazaud\u0113 savu konta pieteik\u0161an\u0101s inform\u0101ciju, vi\u0146am par to<br \/>\nnekav\u0113joties j\u0101pazi\u0146o Izsoles vietnes p\u0101rvaldniekam.<br \/>\n10. L\u012bgums par Prec\u0113m tiek uzskat\u012bts par nosl\u0113gtu, kad p\u0113c Izsoles beig\u0101m Izsoles vietnes<br \/>\np\u0101rvaldnieks uz kont\u0101 nor\u0101d\u012bto e-pasta adresi nos\u016bta Uzvar\u0113t\u0101jam pazi\u0146ojumu, ka vi\u0146\u0161 ir atz\u012bts<br \/>\npar Izsoles uzvar\u0113t\u0101ju.<br \/>\n11. Izsoles dal\u012bbniekam ir pien\u0101kums sniegt inform\u0101ciju par apmaksas veidu un Pre\u010du pieg\u0101di,<br \/>\nnor\u0101dot to sav\u0101 kont\u0101 3 (tr\u012bs) darba dienu laik\u0101 p\u0113c pazi\u0146ojuma sa\u0146em\u0161anas par atz\u012b\u0161anu par<br \/>\nUzvar\u0113t\u0101ju, k\u0101 rezult\u0101t\u0101 vi\u0146am rodas pien\u0101kums samaks\u0101t par Preci noteiktaj\u0101 laik\u0101 un<br \/>\nizv\u0113l\u0113taj\u0101 veid\u0101.<br \/>\n12. Prece tiek pieg\u0101d\u0101ta Uzvar\u0113t\u0101ja kont\u0101 nor\u0101d\u012btaj\u0101 pieg\u0101des viet\u0101, izmantojot izv\u0113l\u0113to metodi.<br \/>\nPreci pieg\u0101d\u0101 P\u0101rdev\u0113ja pilnvarots p\u0101rst\u0101vis &#8211; ar pasta, pakom\u0101ta vai kurjerpasta pal\u012bdz\u012bbu.<br \/>\nPre\u010du pieg\u0101de tiek veikta tikai P\u0101rdev\u0113ja vai vi\u0146a pilnvarot\u0101 p\u0101rst\u0101vja darba laik\u0101.<br \/>\nPilns noteikumu teksts ir pieejams lietuvie\u0161u valod\u0101.<\/p>\n","protected":false},"excerpt":{"rendered":"<p>1. Person\u0101m, kuras v\u0113las piedal\u012bties Izsol\u0113, j\u0101izveido Izsoles dal\u012bbnieka konts, kur\u0101 tiek veikta Dal\u012bbnieka s\u0101kotn\u0113j\u0101 re\u0123istr\u0101cija: e-pasta adrese, v\u0101rds (iesp\u0113jams pseidon\u012bms), parole. 2. \u0160\u012b re\u0123istr\u0101cija dod Izsoles dal\u012bbniekiem ties\u012bbas piedal\u012bties izv\u0113l\u0113t\u0101s Preces Izsol\u0113 un iesniegt cenas pied\u0101v\u0101jumus. 3. Kad Izsoles dal\u012bbnieks tiek pasludin\u0101ts par Uzvar\u0113t\u0101ju, vi\u0146am ir pien\u0101kums sav\u0101 kont\u0101 nor\u0101d\u012bt papildu datus, kas nepiecie\u0161ami [&hellip;]<\/p>\n","protected":false},"author":1,"featured_media":0,"parent":0,"menu_order":0,"comment_status":"closed","ping_status":"closed","template":"","meta":{"_acf_changed":false,"_et_pb_use_builder":"","_et_pb_old_content":"","_et_gb_content_width":"","footnotes":""},"class_list":["post-298929","page","type-page","status-publish","hentry"],"acf":[],"_links":{"self":[{"href":"https:\/\/ticket.pakruojo-dvaras.lt\/grazink-pavasari-ua\/lv\/wp-json\/wp\/v2\/pages\/298929","targetHints":{"allow":["GET"]}}],"collection":[{"href":"https:\/\/ticket.pakruojo-dvaras.lt\/grazink-pavasari-ua\/lv\/wp-json\/wp\/v2\/pages"}],"about":[{"href":"https:\/\/ticket.pakruojo-dvaras.lt\/grazink-pavasari-ua\/lv\/wp-json\/wp\/v2\/types\/page"}],"author":[{"embeddable":true,"href":"https:\/\/ticket.pakruojo-dvaras.lt\/grazink-pavasari-ua\/lv\/wp-json\/wp\/v2\/users\/1"}],"replies":[{"embeddable":true,"href":"https:\/\/ticket.pakruojo-dvaras.lt\/grazink-pavasari-ua\/lv\/wp-json\/wp\/v2\/comments?post=298929"}],"version-history":[{"count":2,"href":"https:\/\/ticket.pakruojo-dvaras.lt\/grazink-pavasari-ua\/lv\/wp-json\/wp\/v2\/pages\/298929\/revisions"}],"predecessor-version":[{"id":301729,"href":"https:\/\/ticket.pakruojo-dvaras.lt\/grazink-pavasari-ua\/lv\/wp-json\/wp\/v2\/pages\/298929\/revisions\/301729"}],"wp:attachment":[{"href":"https:\/\/ticket.pakruojo-dvaras.lt\/grazink-pavasari-ua\/lv\/wp-json\/wp\/v2\/media?parent=298929"}],"curies":[{"name":"wp","href":"https:\/\/api.w.org\/{rel}","templated":true}]}}