{"id":128056,"date":"2022-07-11T10:33:34","date_gmt":"2022-07-11T07:33:35","guid":{"rendered":"https:\/\/ticket.pakruojo-dvaras.lt\/azijos-zibintai-2022\/?post_type=product&#038;p=128056"},"modified":"2023-02-01T22:15:52","modified_gmt":"2023-02-01T20:15:52","slug":"liejas-azijas-laternas","status":"publish","type":"product","link":"https:\/\/ticket.pakruojo-dvaras.lt\/azijos-zibintai-2022\/lv\/produktas\/liejas-azijas-laternas\/","title":{"rendered":"LIEL\u0100S \u0100ZIJAS LATERNAS."},"content":{"rendered":"<p>[et_pb_section fb_built=&#8221;1&#8243; _builder_version=&#8221;4.16&#8243; custom_padding=&#8221;0px||42px||false|false&#8221; da_disable_devices=&#8221;off|off|off&#8221; global_colors_info=&#8221;{}&#8221; da_is_popup=&#8221;off&#8221; da_exit_intent=&#8221;off&#8221; da_has_close=&#8221;on&#8221; da_alt_close=&#8221;off&#8221; da_dark_close=&#8221;off&#8221; da_not_modal=&#8221;on&#8221; da_is_singular=&#8221;off&#8221; da_with_loader=&#8221;off&#8221; da_has_shadow=&#8221;on&#8221;][et_pb_row _builder_version=&#8221;4.16&#8243; background_size=&#8221;initial&#8221; background_position=&#8221;top_left&#8221; background_repeat=&#8221;repeat&#8221; width=&#8221;100%&#8221; custom_padding=&#8221;0px||0px||false|false&#8221; global_colors_info=&#8221;{}&#8221;][et_pb_column type=&#8221;4_4&#8243; _builder_version=&#8221;4.16&#8243; custom_padding=&#8221;|||&#8221; global_colors_info=&#8221;{}&#8221; custom_padding__hover=&#8221;|||&#8221;][et_pb_wc_cart_notice _builder_version=&#8221;4.18.0&#8243; background_color=&#8221;#56110d&#8221; custom_button=&#8221;on&#8221; button_text_color=&#8221;#FFFFFF&#8221; button_bg_color=&#8221;#701e0f&#8221; button_border_color=&#8221;#FFFFFF&#8221; global_colors_info=&#8221;{}&#8221;][\/et_pb_wc_cart_notice][\/et_pb_column][\/et_pb_row][et_pb_row column_structure=&#8221;1_2,1_2&#8243; _builder_version=&#8221;4.16&#8243; background_size=&#8221;initial&#8221; background_position=&#8221;top_left&#8221; background_repeat=&#8221;repeat&#8221; width=&#8221;100%&#8221; custom_padding=&#8221;0px||||false|false&#8221; global_colors_info=&#8221;{}&#8221;][et_pb_column type=&#8221;1_2&#8243; _builder_version=&#8221;4.16&#8243; custom_padding=&#8221;|||&#8221; global_colors_info=&#8221;{}&#8221; custom_padding__hover=&#8221;|||&#8221;][et_pb_text _builder_version=&#8221;4.16&#8243; _module_preset=&#8221;default&#8221; header_2_font_size=&#8221;43px&#8221; global_colors_info=&#8221;{}&#8221;]<\/p>\n<h2>Bi\u013cete<\/h2>\n<p>[\/et_pb_text][et_pb_wc_add_to_cart show_stock=&#8221;off&#8221; field_label_position=&#8221;inline&#8221; _builder_version=&#8221;4.18.0&#8243; fields_text_color=&#8221;#000000&#8243; fields_focus_background_color=&#8221;#f9f9f9&#8243; fields_focus_text_color=&#8221;#000000&#8243; dropdown_menus_focus_background_color=&#8221;#000000&#8243; field_label_font=&#8221;Zahra-medium|||on|||||&#8221; field_label_font_size=&#8221;19px&#8221; field_label_letter_spacing=&#8221;1px&#8221; field_label_line_height=&#8221;0.3em&#8221; dropdown_menus_font_size=&#8221;15px&#8221; custom_button=&#8221;on&#8221; button_text_color=&#8221;#FFFFFF&#8221; button_bg_color=&#8221;#54180a&#8221; button_border_color=&#8221;#FFFFFF&#8221; button_font=&#8221;|||on|||||&#8221; global_colors_info=&#8221;{}&#8221;][\/et_pb_wc_add_to_cart][et_pb_wc_description _builder_version=&#8221;4.18.0&#8243; _module_preset=&#8221;default&#8221; global_colors_info=&#8221;{}&#8221;][\/et_pb_wc_description][\/et_pb_column][et_pb_column type=&#8221;1_2&#8243; _builder_version=&#8221;4.16&#8243; _module_preset=&#8221;default&#8221; global_colors_info=&#8221;{}&#8221;][et_pb_image src=&#8221;https:\/\/ticket.pakruojo-dvaras.lt\/azijos-zibintai-2022\/wp-content\/uploads\/sites\/7\/2022\/07\/Bilieto-baneris_540x610px_LV.jpg&#8221; alt=&#8221;Azijas lielas laternas 2022&#8243; title_text=&#8221;Web&#8221; disabled_on=&#8221;on|on|off&#8221; _builder_version=&#8221;4.18.0&#8243; _module_preset=&#8221;default&#8221; custom_margin=&#8221;-13px|||||&#8221; custom_padding=&#8221;17px|||||&#8221; global_colors_info=&#8221;{}&#8221;][\/et_pb_image][\/et_pb_column][\/et_pb_row][\/et_pb_section]<\/p>\n","protected":false},"excerpt":{"rendered":"<p>SVAR\u012aGI:<br \/>\n1. Festiv\u0101la norises stund\u0101s bi\u013ce\u0161u tirdzniec\u012bba tie\u0161saist\u0113 tiek aptur\u0113ta. Festiv\u0101ls notiek: piektdien (3.02.) no 17.00 l\u012bdz 20.00, sestdien (4.02.) no 17.00 l\u012bdz 21.00, katru sestdienu no 11. l\u012bdz 25.febru\u0101rim no 17.00 l\u012bdz 21.00.<\/p>\n<p>Bi\u013cete pieaugu\u0161ajam \u2014 18 EUR\/pers. (pas\u0101kumu viet\u0101 20 EUR)<br \/>\nSkolniekiem, studentiem, senjoriem, person\u0101m ar invalidit\u0101ti \u2014 14 EUR\/pers. (pas\u0101kuma viet\u0101 16 EUR)<br \/>\nB\u0113rniem l\u012bdz 5 gadu vecumam bezmaksas.<\/p>\n<p>\u0122imenes bi\u013cete (divi pieaugu\u0161ie un b\u0113rns no 5 l\u012bdz 17 g.v.) 2+1 \u2013 44 EUR\/pers. (pas\u0101kuma viet\u0101 50 EUR)<br \/>\n\u0122imenes bi\u013cete (divi pieaugu\u0161ie un divi b\u0113rni no 5 l\u012bdz 17 g.v.) 2+2 \u2013 55 EUR\/pers. (pas\u0101kuma viet\u0101 64 EUR)<\/p>\n","protected":false},"featured_media":192958,"template":"","meta":{"_acf_changed":false,"_et_pb_use_builder":"on","_et_pb_old_content":"","_et_gb_content_width":""},"product_brand":[],"product_cat":[83],"product_tag":[],"class_list":{"0":"post-128056","1":"product","2":"type-product","3":"status-publish","4":"has-post-thumbnail","6":"product_cat-renginys-lv","7":"pa_biletes-veids-gimenes-bilete-21","8":"pa_biletes-veids-gimenes-bilete-22","9":"pa_biletes-veids-pieaugusajiem-lv","10":"pa_biletes-veids-skolniekiem-studentiem-senjoriem","12":"first","13":"instock","14":"shipping-taxable","15":"product-type-variable"},"acf":[],"_links":{"self":[{"href":"https:\/\/ticket.pakruojo-dvaras.lt\/azijos-zibintai-2022\/lv\/wp-json\/wp\/v2\/product\/128056","targetHints":{"allow":["GET"]}}],"collection":[{"href":"https:\/\/ticket.pakruojo-dvaras.lt\/azijos-zibintai-2022\/lv\/wp-json\/wp\/v2\/product"}],"about":[{"href":"https:\/\/ticket.pakruojo-dvaras.lt\/azijos-zibintai-2022\/lv\/wp-json\/wp\/v2\/types\/product"}],"wp:featuredmedia":[{"embeddable":true,"href":"https:\/\/ticket.pakruojo-dvaras.lt\/azijos-zibintai-2022\/lv\/wp-json\/wp\/v2\/media\/192958"}],"wp:attachment":[{"href":"https:\/\/ticket.pakruojo-dvaras.lt\/azijos-zibintai-2022\/lv\/wp-json\/wp\/v2\/media?parent=128056"}],"wp:term":[{"taxonomy":"product_brand","embeddable":true,"href":"https:\/\/ticket.pakruojo-dvaras.lt\/azijos-zibintai-2022\/lv\/wp-json\/wp\/v2\/product_brand?post=128056"},{"taxonomy":"product_cat","embeddable":true,"href":"https:\/\/ticket.pakruojo-dvaras.lt\/azijos-zibintai-2022\/lv\/wp-json\/wp\/v2\/product_cat?post=128056"},{"taxonomy":"product_tag","embeddable":true,"href":"https:\/\/ticket.pakruojo-dvaras.lt\/azijos-zibintai-2022\/lv\/wp-json\/wp\/v2\/product_tag?post=128056"}],"curies":[{"name":"wp","href":"https:\/\/api.w.org\/{rel}","templated":true}]}}