{"id":76491,"date":"2022-01-24T18:17:28","date_gmt":"2022-01-24T16:17:28","guid":{"rendered":"https:\/\/ticket.pakruojo-dvaras.lt\/azijos-zibintai-2022\/kontakti\/"},"modified":"2022-04-29T11:58:59","modified_gmt":"2022-04-29T08:58:59","slug":"kontakti","status":"publish","type":"page","link":"https:\/\/ticket.pakruojo-dvaras.lt\/azijos-zibintai-2022\/lv\/kontakti\/","title":{"rendered":"Kontakti"},"content":{"rendered":"\n[et_pb_section][et_pb_row][et_pb_column type=&#8221;4_4&#8243;][et_pb_text]<!-- divi:paragraph -->\n<p>Pakruojis Teodoras, Valsts iest\u0101de<\/p>\n<!-- \/divi:paragraph -->\n\n<!-- divi:paragraph -->\n<p>Uz\u0146\u0113muma kods 305316172<\/p>\n<!-- \/divi:paragraph -->\n\n<!-- divi:paragraph -->\n<p>Izpilddirektors Pols Bodindorfs, direktors<\/p>\n<!-- \/divi:paragraph -->\n\n<!-- divi:paragraph -->\n<p>Adrese Ramyb\u0117s st. 4-70, LT-02103 Vi\u013c\u0146a<\/p>\n<!-- \/divi:paragraph -->\n\n<!-- divi:paragraph -->\n<p><strong><a href=\"mailto:pagalba@pakruojo-dvaras.lt\" target=\"_blank\" rel=\"noreferrer noopener\">pagalba@pakruojo-dvaras.lt<\/a><\/strong><\/p>\n<!-- \/divi:paragraph -->\n\n<!-- divi:paragraph -->\n<p><strong><a href=\"tel:+37065752693\" target=\"_blank\" rel=\"noreferrer noopener\">+370 657 52693<\/a><\/strong><\/p>\n<!-- \/divi:paragraph -->[\/et_pb_text][\/et_pb_column][\/et_pb_row][\/et_pb_section]\n","protected":false},"excerpt":{"rendered":"<p><div class=\"et_pb_section et_pb_section_0 et_section_regular\" >\n\t\t\t\t\n\t\t\t\t\n\t\t\t\t\n\t\t\t\t\n\t\t\t\t\n\t\t\t\t\n\t\t\t\t\n\t\t\t\t\n\t\t\t\t\n\t\t\t<\/div><div class=\"et_pb_row et_pb_row_0 et_pb_row_empty\">\n\t\t\t\t\n\t\t\t\t\n\t\t\t\t\n\t\t\t\t\n\t\t\t\t\n\t\t\t<\/div><div class=\"et_pb_module et_pb_text et_pb_text_0  et_pb_text_align_left et_pb_bg_layout_light\">\n\t\t\t\t\n\t\t\t\t\n\t\t\t\t\n\t\t\t\t\n\t\t\t\t\n\t\t\t<\/div> Pakruojis Teodoras, Valsts iest\u0101de Uz\u0146\u0113muma kods 305316172 Izpilddirektors Pols Bodindorfs, direktors Adrese Ramyb\u0117s st. 4-70, LT-02103 Vi\u013c\u0146a pagalba@pakruojo-dvaras.lt +370 657 52693<\/p>\n","protected":false},"author":1,"featured_media":0,"parent":0,"menu_order":0,"comment_status":"closed","ping_status":"closed","template":"","meta":{"_acf_changed":false,"_et_pb_use_builder":"on","_et_pb_old_content":"","_et_gb_content_width":"","footnotes":""},"class_list":["post-76491","page","type-page","status-publish","hentry"],"acf":[],"_links":{"self":[{"href":"https:\/\/ticket.pakruojo-dvaras.lt\/azijos-zibintai-2022\/lv\/wp-json\/wp\/v2\/pages\/76491","targetHints":{"allow":["GET"]}}],"collection":[{"href":"https:\/\/ticket.pakruojo-dvaras.lt\/azijos-zibintai-2022\/lv\/wp-json\/wp\/v2\/pages"}],"about":[{"href":"https:\/\/ticket.pakruojo-dvaras.lt\/azijos-zibintai-2022\/lv\/wp-json\/wp\/v2\/types\/page"}],"author":[{"embeddable":true,"href":"https:\/\/ticket.pakruojo-dvaras.lt\/azijos-zibintai-2022\/lv\/wp-json\/wp\/v2\/users\/1"}],"replies":[{"embeddable":true,"href":"https:\/\/ticket.pakruojo-dvaras.lt\/azijos-zibintai-2022\/lv\/wp-json\/wp\/v2\/comments?post=76491"}],"version-history":[{"count":0,"href":"https:\/\/ticket.pakruojo-dvaras.lt\/azijos-zibintai-2022\/lv\/wp-json\/wp\/v2\/pages\/76491\/revisions"}],"wp:attachment":[{"href":"https:\/\/ticket.pakruojo-dvaras.lt\/azijos-zibintai-2022\/lv\/wp-json\/wp\/v2\/media?parent=76491"}],"curies":[{"name":"wp","href":"https:\/\/api.w.org\/{rel}","templated":true}]}}